{"id":3636,"date":"2022-10-21T18:10:36","date_gmt":"2022-10-22T02:10:36","guid":{"rendered":"https:\/\/hpott.com\/?post_type=product&#038;p=3636"},"modified":"2023-12-04T23:09:00","modified_gmt":"2023-12-05T07:09:00","slug":"barbecue-rond-samgyupsal-de-3-000-w-pour-table","status":"publish","type":"product","link":"https:\/\/hpott.com\/fr\/produit\/barbecue-rond-samgyupsal-de-3-000-w-pour-table\/","title":{"rendered":"Barbecue rond Samgyupsal de 3\u00a0000 W pour table"},"content":{"rendered":"<p><strong>Taille du produit :\u00a0 <\/strong>Diam\u00e8tre 410X260mm<br \/>\n<strong>Pouvoir: <\/strong>3000w<br \/>\n<strong>Taille du trou : <\/strong>Diam\u00e8tre 375 mm<\/p>\n<p><strong>Mat\u00e9riel: <\/strong>Acier inoxydable<\/p>","protected":false},"excerpt":{"rendered":"<p><strong>ID du produit\u00a0:<\/strong> HP-ER410<\/p>\n<p><strong>Couleur:\u00a0<\/strong>Or rose<\/p>\n<p>Utilisation recommand\u00e9e de conduits d&#039;\u00e9vacuation des fum\u00e9es sup\u00e9rieurs et inf\u00e9rieurs et d&#039;un gril en option.<\/p>","protected":false},"featured_media":5130,"template":"","meta":{"_acf_changed":false,"_seopress_robots_primary_cat":"none","_seopress_titles_title":"","_seopress_titles_desc":"","_seopress_robots_index":""},"product_brand":[],"product_cat":[37,36],"product_tag":[],"class_list":{"0":"post-3636","1":"product","2":"type-product","3":"status-publish","4":"has-post-thumbnail","6":"product_cat-bbq-grill","7":"product_cat-electric-bbq-grill","9":"first","10":"instock","11":"shipping-taxable","12":"product-type-simple"},"acf":[],"_links":{"self":[{"href":"https:\/\/hpott.com\/fr\/wp-json\/wp\/v2\/product\/3636","targetHints":{"allow":["GET"]}}],"collection":[{"href":"https:\/\/hpott.com\/fr\/wp-json\/wp\/v2\/product"}],"about":[{"href":"https:\/\/hpott.com\/fr\/wp-json\/wp\/v2\/types\/product"}],"wp:featuredmedia":[{"embeddable":true,"href":"https:\/\/hpott.com\/fr\/wp-json\/wp\/v2\/media\/5130"}],"wp:attachment":[{"href":"https:\/\/hpott.com\/fr\/wp-json\/wp\/v2\/media?parent=3636"}],"wp:term":[{"taxonomy":"product_brand","embeddable":true,"href":"https:\/\/hpott.com\/fr\/wp-json\/wp\/v2\/product_brand?post=3636"},{"taxonomy":"product_cat","embeddable":true,"href":"https:\/\/hpott.com\/fr\/wp-json\/wp\/v2\/product_cat?post=3636"},{"taxonomy":"product_tag","embeddable":true,"href":"https:\/\/hpott.com\/fr\/wp-json\/wp\/v2\/product_tag?post=3636"}],"curies":[{"name":"wp","href":"https:\/\/api.w.org\/{rel}","templated":true}]}}