{"id":3894,"date":"2022-10-25T01:25:44","date_gmt":"2022-10-25T09:25:44","guid":{"rendered":"https:\/\/hpott.com\/?post_type=product&#038;p=3894"},"modified":"2023-12-04T22:58:00","modified_gmt":"2023-12-05T06:58:00","slug":"table-de-barbecue-coreenne-a-vendre-table-de-barbecue-coreenne-dinterieur","status":"publish","type":"product","link":"https:\/\/hpott.com\/fr\/produit\/table-de-barbecue-coreenne-a-vendre-table-de-barbecue-coreenne-dinterieur\/","title":{"rendered":"Table de barbecue ronde Yakiniku au charbon de bois et au gaz \u00e9lectrique en option pour restaurant \u00e0 vendre"},"content":{"rendered":"<p><strong>Taille du produit : <\/strong>1300X900X750mm (les tailles peuvent \u00eatre personnalis\u00e9es)<\/p>\n<p><strong>Type de produit :\u00a0<\/strong>\u00e9lectrique ou au charbon de bois, au gaz<\/p>\n<p><img loading=\"lazy\" decoding=\"async\" class=\"size-full wp-image-5709\" src=\"http:\/\/hpott.com\/wp-content\/uploads\/2022\/10\/yakiniku-samgyupsal-table-2.webp\" alt=\"Table de barbecue cor\u00e9enne \u00e0 vendre Table de barbecue cor\u00e9enne d&#039;int\u00e9rieur\" width=\"750\" height=\"425\" srcset=\"https:\/\/hpott.com\/wp-content\/uploads\/2022\/10\/yakiniku-samgyupsal-table-2.webp 750w, https:\/\/hpott.com\/wp-content\/uploads\/2022\/10\/yakiniku-samgyupsal-table-2-300x170.webp 300w, https:\/\/hpott.com\/wp-content\/uploads\/2022\/10\/yakiniku-samgyupsal-table-2-600x340.webp 600w, https:\/\/hpott.com\/wp-content\/uploads\/2022\/10\/yakiniku-samgyupsal-table-2-64x36.webp 64w\" sizes=\"auto, (max-width: 750px) 100vw, 750px\" \/><\/p>\n<p><img loading=\"lazy\" decoding=\"async\" class=\"size-full wp-image-5710\" src=\"http:\/\/hpott.com\/wp-content\/uploads\/2022\/10\/yakiniku-samgyupsal-table.webp\" alt=\"Table de barbecue cor\u00e9enne \u00e0 vendre Table de barbecue cor\u00e9enne d&#039;int\u00e9rieur\" width=\"750\" height=\"1252\" srcset=\"https:\/\/hpott.com\/wp-content\/uploads\/2022\/10\/yakiniku-samgyupsal-table.webp 750w, https:\/\/hpott.com\/wp-content\/uploads\/2022\/10\/yakiniku-samgyupsal-table-180x300.webp 180w, https:\/\/hpott.com\/wp-content\/uploads\/2022\/10\/yakiniku-samgyupsal-table-613x1024.webp 613w, https:\/\/hpott.com\/wp-content\/uploads\/2022\/10\/yakiniku-samgyupsal-table-600x1002.webp 600w, https:\/\/hpott.com\/wp-content\/uploads\/2022\/10\/yakiniku-samgyupsal-table-64x107.webp 64w\" sizes=\"auto, (max-width: 750px) 100vw, 750px\" \/><\/p>\n<p><img loading=\"lazy\" decoding=\"async\" class=\"size-full wp-image-5711\" src=\"http:\/\/hpott.com\/wp-content\/uploads\/2022\/10\/yakiniku-samgyupsal-table-1.webp\" alt=\"Table de barbecue cor\u00e9enne \u00e0 vendre Table de barbecue cor\u00e9enne d&#039;int\u00e9rieur\" width=\"750\" height=\"666\" srcset=\"https:\/\/hpott.com\/wp-content\/uploads\/2022\/10\/yakiniku-samgyupsal-table-1.webp 750w, https:\/\/hpott.com\/wp-content\/uploads\/2022\/10\/yakiniku-samgyupsal-table-1-300x266.webp 300w, https:\/\/hpott.com\/wp-content\/uploads\/2022\/10\/yakiniku-samgyupsal-table-1-600x533.webp 600w, https:\/\/hpott.com\/wp-content\/uploads\/2022\/10\/yakiniku-samgyupsal-table-1-64x57.webp 64w\" sizes=\"auto, (max-width: 750px) 100vw, 750px\" \/><\/p>\n<p>&nbsp;<\/p>\n<p>&nbsp;<\/p>","protected":false},"excerpt":{"rendered":"<p><strong>ID du produit<\/strong>: HP-SG06<\/p>\n<p>HPOTT peut personnaliser la table de grill et l&#039;\u00e9quipement selon vos besoins, correspondant parfaitement au style de d\u00e9coration du restaurant.<\/p>\n<p>Nous avons trois barbecues : \u00e0 gaz, au charbon de bois et \u00e9lectrique.<\/p>","protected":false},"featured_media":5502,"template":"","meta":{"_acf_changed":false,"_seopress_robots_primary_cat":"none","_seopress_titles_title":"","_seopress_titles_desc":"","_seopress_robots_index":""},"product_brand":[],"product_cat":[40],"product_tag":[],"class_list":{"0":"post-3894","1":"product","2":"type-product","3":"status-publish","4":"has-post-thumbnail","6":"product_cat-korean-bbq-grill-table","8":"first","9":"instock","10":"shipping-taxable","11":"product-type-simple"},"acf":[],"_links":{"self":[{"href":"https:\/\/hpott.com\/fr\/wp-json\/wp\/v2\/product\/3894","targetHints":{"allow":["GET"]}}],"collection":[{"href":"https:\/\/hpott.com\/fr\/wp-json\/wp\/v2\/product"}],"about":[{"href":"https:\/\/hpott.com\/fr\/wp-json\/wp\/v2\/types\/product"}],"wp:featuredmedia":[{"embeddable":true,"href":"https:\/\/hpott.com\/fr\/wp-json\/wp\/v2\/media\/5502"}],"wp:attachment":[{"href":"https:\/\/hpott.com\/fr\/wp-json\/wp\/v2\/media?parent=3894"}],"wp:term":[{"taxonomy":"product_brand","embeddable":true,"href":"https:\/\/hpott.com\/fr\/wp-json\/wp\/v2\/product_brand?post=3894"},{"taxonomy":"product_cat","embeddable":true,"href":"https:\/\/hpott.com\/fr\/wp-json\/wp\/v2\/product_cat?post=3894"},{"taxonomy":"product_tag","embeddable":true,"href":"https:\/\/hpott.com\/fr\/wp-json\/wp\/v2\/product_tag?post=3894"}],"curies":[{"name":"wp","href":"https:\/\/api.w.org\/{rel}","templated":true}]}}