{"id":3915,"date":"2022-10-25T18:01:20","date_gmt":"2022-10-26T02:01:20","guid":{"rendered":"https:\/\/hpott.com\/?post_type=product&#038;p=3915"},"modified":"2023-12-04T22:53:46","modified_gmt":"2023-12-05T06:53:46","slug":"buffet-de-fondue-coreenne-au-barbecue-pour-restaurant-et-hotel","status":"publish","type":"product","link":"https:\/\/hpott.com\/fr\/produit\/buffet-de-fondue-coreenne-au-barbecue-pour-restaurant-et-hotel\/","title":{"rendered":"Buffet de fondue cor\u00e9enne pour restaurant et h\u00f4tel"},"content":{"rendered":"<p>\u3010Nom\u3011: Table de barbecue Hot Pot<br \/>\n\u3010Origine\u3011: Guangdong, Chine<br \/>\n\u3010Taille\u3011: 1500X900X760mm (la taille peut \u00eatre personnalis\u00e9e)<br \/>\n\u3010Mat\u00e9riau\u3011: Plateau en panneau de roche + base en plaque d&#039;acier peinte au four (le mat\u00e9riau peut \u00eatre personnalis\u00e9)<br \/>\n\u3010Couleur\u3011: Disponible sur demande<br \/>\n\u3010Application\u3011: Restaurant de fondue chinoise, h\u00f4tel, autres restaurants<br \/>\n\u3010Caract\u00e9ristique\u3011: Conception 3 en 1, trois types d&#039;extraction de fum\u00e9e peuvent \u00eatre effectu\u00e9s<\/p>\n<p><img loading=\"lazy\" decoding=\"async\" class=\"wp-image-5817 size-full\" src=\"http:\/\/hpott.com\/wp-content\/uploads\/2022\/10\/hot-pot-table1.webp\" alt=\"Buffet de fondue cor\u00e9enne au barbecue pour restaurant et h\u00f4tel\" width=\"750\" height=\"2404\" srcset=\"https:\/\/hpott.com\/wp-content\/uploads\/2022\/10\/hot-pot-table1.webp 750w, https:\/\/hpott.com\/wp-content\/uploads\/2022\/10\/hot-pot-table1-94x300.webp 94w, https:\/\/hpott.com\/wp-content\/uploads\/2022\/10\/hot-pot-table1-319x1024.webp 319w, https:\/\/hpott.com\/wp-content\/uploads\/2022\/10\/hot-pot-table1-479x1536.webp 479w, https:\/\/hpott.com\/wp-content\/uploads\/2022\/10\/hot-pot-table1-639x2048.webp 639w, https:\/\/hpott.com\/wp-content\/uploads\/2022\/10\/hot-pot-table1-600x1923.webp 600w, https:\/\/hpott.com\/wp-content\/uploads\/2022\/10\/hot-pot-table1-64x205.webp 64w\" sizes=\"auto, (max-width: 750px) 100vw, 750px\" \/><\/p>\n<p><img loading=\"lazy\" decoding=\"async\" class=\"wp-image-5818 size-full\" src=\"http:\/\/hpott.com\/wp-content\/uploads\/2022\/10\/hot-pot-table2.webp\" alt=\"Buffet de fondue cor\u00e9enne au barbecue pour restaurant et h\u00f4tel\" width=\"750\" height=\"2296\" srcset=\"https:\/\/hpott.com\/wp-content\/uploads\/2022\/10\/hot-pot-table2.webp 750w, https:\/\/hpott.com\/wp-content\/uploads\/2022\/10\/hot-pot-table2-98x300.webp 98w, https:\/\/hpott.com\/wp-content\/uploads\/2022\/10\/hot-pot-table2-502x1536.webp 502w, https:\/\/hpott.com\/wp-content\/uploads\/2022\/10\/hot-pot-table2-669x2048.webp 669w, https:\/\/hpott.com\/wp-content\/uploads\/2022\/10\/hot-pot-table2-600x1837.webp 600w, https:\/\/hpott.com\/wp-content\/uploads\/2022\/10\/hot-pot-table2-64x196.webp 64w\" sizes=\"auto, (max-width: 750px) 100vw, 750px\" \/><\/p>","protected":false},"excerpt":{"rendered":"<p><strong>ID du produit\u00a0: <\/strong>HP-C06<\/p>\n<p>Si vous avez vos dessins de conception, hpott peut vous aider \u00e0 produire, professionnel depuis 15 ans<\/p>","protected":false},"featured_media":5090,"template":"","meta":{"_acf_changed":false,"_seopress_robots_primary_cat":"none","_seopress_titles_title":"","_seopress_titles_desc":"","_seopress_robots_index":""},"product_brand":[],"product_cat":[40,30,33],"product_tag":[],"class_list":{"0":"post-3915","1":"product","2":"type-product","3":"status-publish","4":"has-post-thumbnail","6":"product_cat-korean-bbq-grill-table","7":"product_cat-hot-pot-table","8":"product_cat-hot-pot-and-bbq-table","10":"first","11":"instock","12":"shipping-taxable","13":"product-type-simple"},"acf":[],"_links":{"self":[{"href":"https:\/\/hpott.com\/fr\/wp-json\/wp\/v2\/product\/3915","targetHints":{"allow":["GET"]}}],"collection":[{"href":"https:\/\/hpott.com\/fr\/wp-json\/wp\/v2\/product"}],"about":[{"href":"https:\/\/hpott.com\/fr\/wp-json\/wp\/v2\/types\/product"}],"wp:featuredmedia":[{"embeddable":true,"href":"https:\/\/hpott.com\/fr\/wp-json\/wp\/v2\/media\/5090"}],"wp:attachment":[{"href":"https:\/\/hpott.com\/fr\/wp-json\/wp\/v2\/media?parent=3915"}],"wp:term":[{"taxonomy":"product_brand","embeddable":true,"href":"https:\/\/hpott.com\/fr\/wp-json\/wp\/v2\/product_brand?post=3915"},{"taxonomy":"product_cat","embeddable":true,"href":"https:\/\/hpott.com\/fr\/wp-json\/wp\/v2\/product_cat?post=3915"},{"taxonomy":"product_tag","embeddable":true,"href":"https:\/\/hpott.com\/fr\/wp-json\/wp\/v2\/product_tag?post=3915"}],"curies":[{"name":"wp","href":"https:\/\/api.w.org\/{rel}","templated":true}]}}