{"id":3917,"date":"2022-10-25T18:32:32","date_gmt":"2022-10-26T02:32:32","guid":{"rendered":"https:\/\/hpott.com\/?post_type=product&#038;p=3917"},"modified":"2023-12-05T00:08:23","modified_gmt":"2023-12-05T08:08:23","slug":"barbecue-coreen-sans-fumee-a-vendre","status":"publish","type":"product","link":"https:\/\/hpott.com\/fr\/produit\/barbecue-coreen-sans-fumee-a-vendre\/","title":{"rendered":"Table de fondue cor\u00e9enne sans fum\u00e9e pour barbecue"},"content":{"rendered":"<p>\u3010Nom\u3011: Table de barbecue pour fondue cor\u00e9enne<br \/>\n\u3010Origine\u3011: Guangdong, Chine<br \/>\n\u3010Taille\u3011: 1300X900X760mm\uff08<span style=\"color: #ff0000;\">La taille peut \u00eatre personnalis\u00e9e<\/span>\uff09<br \/>\n\u3010Mat\u00e9riau\u3011: Plateau en marbre + base en acier inoxydable<br \/>\n\u3010Couleur\u3011: <span style=\"color: #ff0000;\">Disponible sur demande<\/span><br \/>\n\u3010Application\u3011: Restaurant de fondue chinoise, h\u00f4tel, autres restaurants<br \/>\n\u3010Caract\u00e9ristique\u3011: Conception 2 en 1, m\u00e9thode d&#039;\u00e9vacuation des fum\u00e9es sup\u00e9rieure et inf\u00e9rieure ou installation du purificateur.<\/p>\n<p><img loading=\"lazy\" decoding=\"async\" class=\"size-full wp-image-5677\" src=\"http:\/\/hpott.com\/wp-content\/uploads\/2022\/10\/hot-pot-table-4.webp\" alt=\"barbecue cor\u00e9en sans fum\u00e9e, table de fondue chinoise \" width=\"750\" height=\"1353\" srcset=\"https:\/\/hpott.com\/wp-content\/uploads\/2022\/10\/hot-pot-table-4.webp 750w, https:\/\/hpott.com\/wp-content\/uploads\/2022\/10\/hot-pot-table-4-166x300.webp 166w, https:\/\/hpott.com\/wp-content\/uploads\/2022\/10\/hot-pot-table-4-568x1024.webp 568w, https:\/\/hpott.com\/wp-content\/uploads\/2022\/10\/hot-pot-table-4-600x1082.webp 600w, https:\/\/hpott.com\/wp-content\/uploads\/2022\/10\/hot-pot-table-4-64x115.webp 64w\" sizes=\"auto, (max-width: 750px) 100vw, 750px\" \/><\/p>\n<p><img loading=\"lazy\" decoding=\"async\" class=\"size-full wp-image-5678\" src=\"http:\/\/hpott.com\/wp-content\/uploads\/2022\/10\/Korean-hot-pot-table-4.webp\" alt=\"Barbecue cor\u00e9en sans fum\u00e9e \u00e0 vendre\" width=\"750\" height=\"1655\" srcset=\"https:\/\/hpott.com\/wp-content\/uploads\/2022\/10\/Korean-hot-pot-table-4.webp 750w, https:\/\/hpott.com\/wp-content\/uploads\/2022\/10\/Korean-hot-pot-table-4-136x300.webp 136w, https:\/\/hpott.com\/wp-content\/uploads\/2022\/10\/Korean-hot-pot-table-4-464x1024.webp 464w, https:\/\/hpott.com\/wp-content\/uploads\/2022\/10\/Korean-hot-pot-table-4-696x1536.webp 696w, https:\/\/hpott.com\/wp-content\/uploads\/2022\/10\/Korean-hot-pot-table-4-600x1324.webp 600w, https:\/\/hpott.com\/wp-content\/uploads\/2022\/10\/Korean-hot-pot-table-4-64x141.webp 64w\" sizes=\"auto, (max-width: 750px) 100vw, 750px\" \/><\/p>","protected":false},"excerpt":{"rendered":"<p><strong>ID du produit\u00a0: <\/strong>HP-C07<\/p>\n<p>&nbsp;<\/p>","protected":false},"featured_media":5089,"template":"","meta":{"_acf_changed":false,"_seopress_robots_primary_cat":"none","_seopress_titles_title":"","_seopress_titles_desc":"","_seopress_robots_index":""},"product_brand":[],"product_cat":[40,30,33],"product_tag":[],"class_list":{"0":"post-3917","1":"product","2":"type-product","3":"status-publish","4":"has-post-thumbnail","6":"product_cat-korean-bbq-grill-table","7":"product_cat-hot-pot-table","8":"product_cat-hot-pot-and-bbq-table","10":"first","11":"instock","12":"shipping-taxable","13":"product-type-simple"},"acf":[],"_links":{"self":[{"href":"https:\/\/hpott.com\/fr\/wp-json\/wp\/v2\/product\/3917","targetHints":{"allow":["GET"]}}],"collection":[{"href":"https:\/\/hpott.com\/fr\/wp-json\/wp\/v2\/product"}],"about":[{"href":"https:\/\/hpott.com\/fr\/wp-json\/wp\/v2\/types\/product"}],"wp:featuredmedia":[{"embeddable":true,"href":"https:\/\/hpott.com\/fr\/wp-json\/wp\/v2\/media\/5089"}],"wp:attachment":[{"href":"https:\/\/hpott.com\/fr\/wp-json\/wp\/v2\/media?parent=3917"}],"wp:term":[{"taxonomy":"product_brand","embeddable":true,"href":"https:\/\/hpott.com\/fr\/wp-json\/wp\/v2\/product_brand?post=3917"},{"taxonomy":"product_cat","embeddable":true,"href":"https:\/\/hpott.com\/fr\/wp-json\/wp\/v2\/product_cat?post=3917"},{"taxonomy":"product_tag","embeddable":true,"href":"https:\/\/hpott.com\/fr\/wp-json\/wp\/v2\/product_tag?post=3917"}],"curies":[{"name":"wp","href":"https:\/\/api.w.org\/{rel}","templated":true}]}}