{"id":3919,"date":"2022-10-25T18:55:13","date_gmt":"2022-10-26T02:55:13","guid":{"rendered":"https:\/\/hpott.com\/?post_type=product&#038;p=3919"},"modified":"2023-06-15T01:18:25","modified_gmt":"2023-06-15T09:18:25","slug":"table-de-cuisson-a-induction-integree-avec-barbecue","status":"publish","type":"product","link":"https:\/\/hpott.com\/fr\/produit\/table-de-cuisson-a-induction-integree-avec-barbecue\/","title":{"rendered":"Table de cuisson \u00e0 induction int\u00e9gr\u00e9e avec barbecue"},"content":{"rendered":"<p>\u3010Nom\u3011: Table de barbecue Hot Pot<br \/>\n\u3010Origine\u3011: Guangdong, Chine<br \/>\n\u3010Taille\u3011: 1300X900X760mm\uff08<span style=\"color: #ff0000;\">La taille peut \u00eatre personnalis\u00e9e<\/span>\uff09<br \/>\n\u3010Material\u3011: Marble tabletop+wood grain stainless steel base\uff08<span style=\"color: #ff0000;\">Material can be customized<\/span>\uff09<br \/>\n\u3010Couleur\u3011: Disponible sur demande<br \/>\n\u3010Application\u3011: Hot pot restaurants, hotels, and other BBQ restaurants<\/p>\n<p><img loading=\"lazy\" decoding=\"async\" class=\"size-full wp-image-5753\" src=\"http:\/\/hpott.com\/wp-content\/uploads\/2022\/10\/shabu-shabu-table-7.webp\" alt=\"table de cuisson \u00e0 induction int\u00e9gr\u00e9e avec barbecue\" width=\"750\" height=\"1538\" srcset=\"https:\/\/hpott.com\/wp-content\/uploads\/2022\/10\/shabu-shabu-table-7.webp 750w, https:\/\/hpott.com\/wp-content\/uploads\/2022\/10\/shabu-shabu-table-7-146x300.webp 146w, https:\/\/hpott.com\/wp-content\/uploads\/2022\/10\/shabu-shabu-table-7-499x1024.webp 499w, https:\/\/hpott.com\/wp-content\/uploads\/2022\/10\/shabu-shabu-table-7-749x1536.webp 749w, https:\/\/hpott.com\/wp-content\/uploads\/2022\/10\/shabu-shabu-table-7-600x1230.webp 600w, https:\/\/hpott.com\/wp-content\/uploads\/2022\/10\/shabu-shabu-table-7-64x131.webp 64w\" sizes=\"auto, (max-width: 750px) 100vw, 750px\" \/><\/p>\n<p><img loading=\"lazy\" decoding=\"async\" class=\"size-full wp-image-5754\" src=\"http:\/\/hpott.com\/wp-content\/uploads\/2022\/10\/shabu-shabu-table-1-1.webp\" alt=\"table de cuisson \u00e0 induction int\u00e9gr\u00e9e avec barbecue\" width=\"750\" height=\"1729\" srcset=\"https:\/\/hpott.com\/wp-content\/uploads\/2022\/10\/shabu-shabu-table-1-1.webp 750w, https:\/\/hpott.com\/wp-content\/uploads\/2022\/10\/shabu-shabu-table-1-1-130x300.webp 130w, https:\/\/hpott.com\/wp-content\/uploads\/2022\/10\/shabu-shabu-table-1-1-444x1024.webp 444w, https:\/\/hpott.com\/wp-content\/uploads\/2022\/10\/shabu-shabu-table-1-1-666x1536.webp 666w, https:\/\/hpott.com\/wp-content\/uploads\/2022\/10\/shabu-shabu-table-1-1-600x1383.webp 600w, https:\/\/hpott.com\/wp-content\/uploads\/2022\/10\/shabu-shabu-table-1-1-64x148.webp 64w\" sizes=\"auto, (max-width: 750px) 100vw, 750px\" \/><\/p>","protected":false},"excerpt":{"rendered":"<p><strong>ID du produit\u00a0:\u00a0<\/strong>HP-C08<\/p>\n<p>This one is a small hot pot + barbecue grill, HPOTT can customize them according to your requirements<\/p>","protected":false},"featured_media":5755,"template":"","meta":{"_acf_changed":false,"_seopress_robots_primary_cat":"none","_seopress_titles_title":"","_seopress_titles_desc":"","_seopress_robots_index":""},"product_brand":[],"product_cat":[40,30,31,33],"product_tag":[],"class_list":{"0":"post-3919","1":"product","2":"type-product","3":"status-publish","4":"has-post-thumbnail","6":"product_cat-korean-bbq-grill-table","7":"product_cat-hot-pot-table","8":"product_cat-square-hot-pot-tables","9":"product_cat-hot-pot-and-bbq-table","11":"first","12":"instock","13":"shipping-taxable","14":"product-type-simple"},"acf":[],"_links":{"self":[{"href":"https:\/\/hpott.com\/fr\/wp-json\/wp\/v2\/product\/3919","targetHints":{"allow":["GET"]}}],"collection":[{"href":"https:\/\/hpott.com\/fr\/wp-json\/wp\/v2\/product"}],"about":[{"href":"https:\/\/hpott.com\/fr\/wp-json\/wp\/v2\/types\/product"}],"wp:featuredmedia":[{"embeddable":true,"href":"https:\/\/hpott.com\/fr\/wp-json\/wp\/v2\/media\/5755"}],"wp:attachment":[{"href":"https:\/\/hpott.com\/fr\/wp-json\/wp\/v2\/media?parent=3919"}],"wp:term":[{"taxonomy":"product_brand","embeddable":true,"href":"https:\/\/hpott.com\/fr\/wp-json\/wp\/v2\/product_brand?post=3919"},{"taxonomy":"product_cat","embeddable":true,"href":"https:\/\/hpott.com\/fr\/wp-json\/wp\/v2\/product_cat?post=3919"},{"taxonomy":"product_tag","embeddable":true,"href":"https:\/\/hpott.com\/fr\/wp-json\/wp\/v2\/product_tag?post=3919"}],"curies":[{"name":"wp","href":"https:\/\/api.w.org\/{rel}","templated":true}]}}