{"id":3969,"date":"2022-10-27T00:10:00","date_gmt":"2022-10-27T08:10:00","guid":{"rendered":"https:\/\/hpott.com\/?post_type=product&#038;p=3969"},"modified":"2023-07-08T01:10:06","modified_gmt":"2023-07-08T09:10:06","slug":"usine-coreenne-de-barbecue-electrique-pour-restaurant-dinterieur","status":"publish","type":"product","link":"https:\/\/hpott.com\/fr\/produit\/usine-coreenne-de-barbecue-electrique-pour-restaurant-dinterieur\/","title":{"rendered":"Restaurant d&#039;int\u00e9rieur Barbecue cor\u00e9en Grill japonais Samgyupsal Grill \u00e9lectrique"},"content":{"rendered":"<p><strong>Taille du produit :<\/strong> Diam\u00e8tre 410X260mm<br \/>\n<strong>Pouvoir:<\/strong>\u00a03000w<br \/>\n<strong>Taille du trou :<\/strong> Diam\u00e8tre 375 mm<\/p>\n<p><strong>Mat\u00e9riel: <\/strong>Acier inoxydable<\/p>\n<p><strong>M\u00e9thode d&#039;exp\u00e9dition :\u00a0\u00a0<\/strong>par mer ou selon les besoins<\/p>\n<p><strong>D\u00e9lais de livraison :\u00a0<\/strong>environ 25 jours, ou selon le nombre de produits<\/p>\n<p><strong>De vraies photos de nos clients<\/strong><\/p>\n<p><img loading=\"lazy\" decoding=\"async\" class=\"wp-image-5536 size-full\" src=\"http:\/\/hpott.com\/wp-content\/uploads\/2022\/10\/Real-Customer-Cases.webp\" alt=\"restaurant de table de barbecue cor\u00e9en personnalis\u00e9\" width=\"750\" height=\"1430\" srcset=\"https:\/\/hpott.com\/wp-content\/uploads\/2022\/10\/Real-Customer-Cases.webp 750w, https:\/\/hpott.com\/wp-content\/uploads\/2022\/10\/Real-Customer-Cases-157x300.webp 157w, https:\/\/hpott.com\/wp-content\/uploads\/2022\/10\/Real-Customer-Cases-537x1024.webp 537w, https:\/\/hpott.com\/wp-content\/uploads\/2022\/10\/Real-Customer-Cases-600x1144.webp 600w, https:\/\/hpott.com\/wp-content\/uploads\/2022\/10\/Real-Customer-Cases-64x122.webp 64w\" sizes=\"auto, (max-width: 750px) 100vw, 750px\" \/><\/p>","protected":false},"excerpt":{"rendered":"<p><strong>ID du produit\u00a0:<\/strong> HP-ER410<\/p>\n<p><strong>Couleur<\/strong>\uff1aOr rose<\/p>\n<p><strong>Fonctionnalit\u00e9: <\/strong>Vitesse de chauffage rapide, une \u00e9vacuation des fum\u00e9es par le haut ou par le bas est recommand\u00e9e<\/p>","protected":false},"featured_media":5128,"template":"","meta":{"_acf_changed":false,"_seopress_robots_primary_cat":"none","_seopress_titles_title":"","_seopress_titles_desc":"","_seopress_robots_index":""},"product_brand":[],"product_cat":[37,36],"product_tag":[],"class_list":{"0":"post-3969","1":"product","2":"type-product","3":"status-publish","4":"has-post-thumbnail","6":"product_cat-bbq-grill","7":"product_cat-electric-bbq-grill","9":"first","10":"instock","11":"shipping-taxable","12":"product-type-simple"},"acf":[],"_links":{"self":[{"href":"https:\/\/hpott.com\/fr\/wp-json\/wp\/v2\/product\/3969","targetHints":{"allow":["GET"]}}],"collection":[{"href":"https:\/\/hpott.com\/fr\/wp-json\/wp\/v2\/product"}],"about":[{"href":"https:\/\/hpott.com\/fr\/wp-json\/wp\/v2\/types\/product"}],"wp:featuredmedia":[{"embeddable":true,"href":"https:\/\/hpott.com\/fr\/wp-json\/wp\/v2\/media\/5128"}],"wp:attachment":[{"href":"https:\/\/hpott.com\/fr\/wp-json\/wp\/v2\/media?parent=3969"}],"wp:term":[{"taxonomy":"product_brand","embeddable":true,"href":"https:\/\/hpott.com\/fr\/wp-json\/wp\/v2\/product_brand?post=3969"},{"taxonomy":"product_cat","embeddable":true,"href":"https:\/\/hpott.com\/fr\/wp-json\/wp\/v2\/product_cat?post=3969"},{"taxonomy":"product_tag","embeddable":true,"href":"https:\/\/hpott.com\/fr\/wp-json\/wp\/v2\/product_tag?post=3969"}],"curies":[{"name":"wp","href":"https:\/\/api.w.org\/{rel}","templated":true}]}}