{"id":4082,"date":"2022-11-03T01:41:10","date_gmt":"2022-11-03T09:41:10","guid":{"rendered":"https:\/\/hpott.com\/?post_type=product&#038;p=4082"},"modified":"2023-12-04T22:50:31","modified_gmt":"2023-12-05T06:50:31","slug":"meilleure-cuisiniere-a-induction-pour-hot-pot-table-de-cuisson-a-induction-portable","status":"publish","type":"product","link":"https:\/\/hpott.com\/fr\/produit\/meilleure-cuisiniere-a-induction-pour-hot-pot-table-de-cuisson-a-induction-portable\/","title":{"rendered":"Plaque de cuisson \u00e0 induction ronde \u00e0 commande par fil 800 W"},"content":{"rendered":"<p>\u3010<strong>Nom<\/strong>\u3011: Cuisini\u00e8re \u00e0 induction pour hot pot<br \/>\n\u3010<strong>Origine<\/strong>\u3011: Guangdong, Chine<br \/>\n\u3010<strong>Tension<\/strong>\u3011: 220-240V~50, 60 Hz<br \/>\n\u3010<strong>Pouvoir<\/strong>\u3011: 800w<\/p>\n<p>\u3010<strong>Bague en acier inoxydable<\/strong>\u3011<strong>: <\/strong>rond ou carr\u00e9 disponible<\/p>\n<h3><em><strong>Fonctionnalit\u00e9<\/strong><\/em><\/h3>\n<ul>\n<li><em>Forme en plastique pour encastrement<\/em><\/li>\n<li><em>Affichage LED<\/em><\/li>\n<li><em>5 \u00e9tapes de r\u00e9glage de la puissance<\/em><\/li>\n<li><em>Arr\u00eat automatique en cas de surcharge et multi-protection<\/em><\/li>\n<li><em>Dimensions de la plaque de verre : Diam\u00e8tre 196 mm<\/em><\/li>\n<\/ul>\n<p><strong>Diff\u00e9rentes options d&#039;alimentation<\/strong><\/p>\n<p><img loading=\"lazy\" decoding=\"async\" class=\"wp-image-5540 size-full\" src=\"http:\/\/hpott.com\/wp-content\/uploads\/2022\/11\/induction-cooker-optional-1.webp\" alt=\"meilleure cuisini\u00e8re \u00e0 induction pour hot pot table de cuisson \u00e0 induction portable\" width=\"750\" height=\"990\" srcset=\"https:\/\/hpott.com\/wp-content\/uploads\/2022\/11\/induction-cooker-optional-1.webp 750w, https:\/\/hpott.com\/wp-content\/uploads\/2022\/11\/induction-cooker-optional-1-227x300.webp 227w, https:\/\/hpott.com\/wp-content\/uploads\/2022\/11\/induction-cooker-optional-1-600x792.webp 600w, https:\/\/hpott.com\/wp-content\/uploads\/2022\/11\/induction-cooker-optional-1-64x84.webp 64w\" sizes=\"auto, (max-width: 750px) 100vw, 750px\" \/><\/p>","protected":false},"excerpt":{"rendered":"<p><strong>ID du produit\u00a0:\u00a0<\/strong>HP-IW800<\/p>\n<p>Convient pour une table de fondue chaude ou pour une utilisation seule, facile \u00e0 utiliser par commande de ligne, int\u00e9gr\u00e9 n&#039;occupe pas d&#039;espace<\/p>","protected":false},"featured_media":5843,"template":"","meta":{"_acf_changed":false,"_seopress_robots_primary_cat":"none","_seopress_titles_title":"","_seopress_titles_desc":"","_seopress_robots_index":""},"product_brand":[],"product_cat":[35,42],"product_tag":[],"class_list":{"0":"post-4082","1":"product","2":"type-product","3":"status-publish","4":"has-post-thumbnail","6":"product_cat-induction-cooker","7":"product_cat-hot-pot-induction-cooker","9":"first","10":"instock","11":"shipping-taxable","12":"product-type-simple"},"acf":[],"_links":{"self":[{"href":"https:\/\/hpott.com\/fr\/wp-json\/wp\/v2\/product\/4082","targetHints":{"allow":["GET"]}}],"collection":[{"href":"https:\/\/hpott.com\/fr\/wp-json\/wp\/v2\/product"}],"about":[{"href":"https:\/\/hpott.com\/fr\/wp-json\/wp\/v2\/types\/product"}],"wp:featuredmedia":[{"embeddable":true,"href":"https:\/\/hpott.com\/fr\/wp-json\/wp\/v2\/media\/5843"}],"wp:attachment":[{"href":"https:\/\/hpott.com\/fr\/wp-json\/wp\/v2\/media?parent=4082"}],"wp:term":[{"taxonomy":"product_brand","embeddable":true,"href":"https:\/\/hpott.com\/fr\/wp-json\/wp\/v2\/product_brand?post=4082"},{"taxonomy":"product_cat","embeddable":true,"href":"https:\/\/hpott.com\/fr\/wp-json\/wp\/v2\/product_cat?post=4082"},{"taxonomy":"product_tag","embeddable":true,"href":"https:\/\/hpott.com\/fr\/wp-json\/wp\/v2\/product_tag?post=4082"}],"curies":[{"name":"wp","href":"https:\/\/api.w.org\/{rel}","templated":true}]}}