{"id":4085,"date":"2022-11-04T01:57:01","date_gmt":"2022-11-04T09:57:01","guid":{"rendered":"https:\/\/hpott.com\/?post_type=product&#038;p=4085"},"modified":"2022-11-15T01:31:42","modified_gmt":"2022-11-15T09:31:42","slug":"cuisiniere-wok-a-induction-commerciale-bruleur-wok-a-induction","status":"publish","type":"product","link":"https:\/\/hpott.com\/fr\/produit\/cuisiniere-wok-a-induction-commerciale-bruleur-wok-a-induction\/","title":{"rendered":"Cuisini\u00e8re \u00e0 induction commerciale Wok Br\u00fbleur \u00e0 induction Wok"},"content":{"rendered":"<p>\u3010<strong>Nom<\/strong>\u3011: Cuisini\u00e8re wok \u00e0 induction<br \/>\n\u3010<strong>Origine<\/strong>\u3011: Guangdong, Chine<br \/>\n\u3010<strong>Tension<\/strong>\u3011: 380 V ~ 50\/60 Hz<\/p>\n<h3><em><strong>Fonctionnalit\u00e9<\/strong><\/em><\/h3>\n<ul>\n<li><em>Panneaux en acier inoxydable \u00e9pais d&#039;une seule pi\u00e8ce, faciles \u00e0 nettoyer, conception et caract\u00e9ristiques structurelles r\u00e9pondant aux normes d&#039;hygi\u00e8ne<\/em><\/li>\n<li><em>Fonction de d\u00e9tection automatique de casserole, s\u00fbre et \u00e9conome en \u00e9nergie<\/em><\/li>\n<li><em>Conception de blindage anti-radiation tridimensionnelle 3D, interf\u00e9rence anti-\u00e9lectromagn\u00e9tique plus substantielle<\/em><\/li>\n<li><em>En utilisant le module de chauffage IGBT Siemens \u00ab Infineon \u00bb d&#039;origine import\u00e9 d&#039;Allemagne, la dur\u00e9e de vie est plus longue<\/em><\/li>\n<li><em>Le mouvement adopte une conception modulaire, ce qui est pratique pour l&#039;entretien<\/em><\/li>\n<li><em>Chauffage par induction isol\u00e9, s\u00fbr et fiable, permettant d&#039;\u00e9conomiser plus de 60% que le gaz combustible<\/em><\/li>\n<li><em>Interrupteur magn\u00e9tique \u00e9tanche rotatif \u00e0 360\u00b0 \u00e0 8 positions, capable de cuire des collations fines \u00e0 faible puissance ou une cuisson rapide \u00e0 haute puissance<\/em><\/li>\n<\/ul>\n<table style=\"border-collapse: collapse; width: 980px; height: 152px;\" border=\"0\" width=\"1097\" cellspacing=\"0\" cellpadding=\"0\">\n<tbody>\n<tr style=\"height: 36.00pt;\">\n<td class=\"et2\" style=\"height: 36pt; width: 75.75pt; text-align: center;\" width=\"101\" height=\"48\"><strong>Mod\u00e8le<\/strong><\/td>\n<td class=\"et2\" style=\"width: 210.75pt; text-align: center;\" width=\"281\"><strong>Dimensions (longueur * largeur * hauteur) (mm)<\/strong><\/td>\n<td class=\"et4\" style=\"width: 156pt; text-align: center;\" width=\"208\"><strong>Plaque de microcristal (mm)<\/strong><\/td>\n<td class=\"et4\" style=\"width: 131.25pt; text-align: center;\" width=\"175\"><strong>Diam\u00e8tre du pot (mm)<\/strong><\/td>\n<td class=\"et4\" style=\"width: 81pt; text-align: center;\" width=\"108\"><strong>Puissance (KW)<\/strong><\/td>\n<td class=\"et2\" style=\"width: 73.5pt; text-align: center;\" width=\"98\"><strong>Tension (v)<\/strong><\/td>\n<td class=\"et2\" style=\"width: 94.5pt; text-align: center;\" width=\"126\"><strong>Fr\u00e9quence (Hz)<\/strong><\/td>\n<\/tr>\n<tr style=\"height: 27.00pt;\">\n<td class=\"et3\" style=\"height: 27pt; text-align: center;\" height=\"36\">CI03-300<\/td>\n<td class=\"et5\" style=\"text-align: center;\">1900x1000x1200<\/td>\n<td class=\"et6\" style=\"text-align: center;\">Diam\u00e8tre 300<\/td>\n<td class=\"et7\" style=\"text-align: center;\">Diam\u00e8tre 400<\/td>\n<td class=\"et8\" style=\"text-align: center;\">2x(8-12)<\/td>\n<td class=\"et9\" style=\"text-align: center;\" rowspan=\"3\">380<\/td>\n<td class=\"et3\" style=\"text-align: center;\" rowspan=\"3\">50<\/td>\n<\/tr>\n<tr style=\"height: 27.00pt;\">\n<td class=\"et3\" style=\"height: 27pt; text-align: center;\" height=\"36\">CI03-400<\/td>\n<td class=\"et5\" style=\"text-align: center;\">2100x1100x1200<\/td>\n<td class=\"et6\" style=\"text-align: center;\">Diam\u00e8tre 400<\/td>\n<td class=\"et7\" style=\"text-align: center;\">Diam\u00e8tre 500<\/td>\n<td class=\"et8\" style=\"text-align: center;\">2x(8-18)<\/td>\n<\/tr>\n<tr style=\"height: 27.00pt;\">\n<td class=\"et3\" style=\"height: 27pt; text-align: center;\" height=\"36\">CI03-500<\/td>\n<td class=\"et5\" style=\"text-align: center;\">2200x1100x1200<\/td>\n<td class=\"et5\" style=\"text-align: center;\">Diam\u00e8tre 500<\/td>\n<td class=\"et10\" style=\"text-align: center;\">Diam\u00e8tre 600<\/td>\n<td class=\"et9\" style=\"text-align: center;\">2x(8-18)<\/td>\n<\/tr>\n<\/tbody>\n<\/table>","protected":false},"excerpt":{"rendered":"<p><strong>ID du produit\u00a0:\u00a0<\/strong>HP-CI03<\/p>\n<p>Po\u00eale \u00e0 sauter \u00e0 double t\u00eate \u00e0 induction \u00e0 double queue, adapt\u00e9e aux grands h\u00f4tels et cha\u00eenes de restauration, \u00e9coles, cantines d&#039;institutions, etc.<\/p>","protected":false},"featured_media":4087,"template":"","meta":{"_acf_changed":false,"_seopress_robots_primary_cat":"none","_seopress_titles_title":"","_seopress_titles_desc":"","_seopress_robots_index":""},"product_brand":[],"product_cat":[35,43],"product_tag":[],"class_list":{"0":"post-4085","1":"product","2":"type-product","3":"status-publish","4":"has-post-thumbnail","6":"product_cat-induction-cooker","7":"product_cat-commercial-induction-cooker","9":"first","10":"instock","11":"shipping-taxable","12":"product-type-simple"},"acf":[],"_links":{"self":[{"href":"https:\/\/hpott.com\/fr\/wp-json\/wp\/v2\/product\/4085","targetHints":{"allow":["GET"]}}],"collection":[{"href":"https:\/\/hpott.com\/fr\/wp-json\/wp\/v2\/product"}],"about":[{"href":"https:\/\/hpott.com\/fr\/wp-json\/wp\/v2\/types\/product"}],"wp:featuredmedia":[{"embeddable":true,"href":"https:\/\/hpott.com\/fr\/wp-json\/wp\/v2\/media\/4087"}],"wp:attachment":[{"href":"https:\/\/hpott.com\/fr\/wp-json\/wp\/v2\/media?parent=4085"}],"wp:term":[{"taxonomy":"product_brand","embeddable":true,"href":"https:\/\/hpott.com\/fr\/wp-json\/wp\/v2\/product_brand?post=4085"},{"taxonomy":"product_cat","embeddable":true,"href":"https:\/\/hpott.com\/fr\/wp-json\/wp\/v2\/product_cat?post=4085"},{"taxonomy":"product_tag","embeddable":true,"href":"https:\/\/hpott.com\/fr\/wp-json\/wp\/v2\/product_tag?post=4085"}],"curies":[{"name":"wp","href":"https:\/\/api.w.org\/{rel}","templated":true}]}}