{"id":4114,"date":"2022-11-05T01:50:35","date_gmt":"2022-11-05T09:50:35","guid":{"rendered":"https:\/\/hpott.com\/?post_type=product&#038;p=4114"},"modified":"2022-11-15T01:30:28","modified_gmt":"2022-11-15T09:30:28","slug":"commercial-induction-cooktop-4-burner-large-commercial-induction-burner","status":"publish","type":"product","link":"https:\/\/hpott.com\/fr\/produit\/commercial-induction-cooktop-4-burner-large-commercial-induction-burner\/","title":{"rendered":"Table de cuisson \u00e0 induction commerciale 4 br\u00fbleurs Grand br\u00fbleur \u00e0 induction commercial"},"content":{"rendered":"<p>\u3010<strong>Nom<\/strong>\u3011: Cuisini\u00e8re wok \u00e0 induction<br \/>\n\u3010<strong>Origine<\/strong>\u3011: Guangdong, Chine<br \/>\n\u3010<strong>Tension<\/strong>\u3011: 380 V ~ 50\/60 Hz<\/p>\n<h3><em><strong>Fonctionnalit\u00e9<\/strong><\/em><\/h3>\n<ul>\n<li><em>Panneaux en acier inoxydable \u00e9pais d&#039;une seule pi\u00e8ce, faciles \u00e0 nettoyer, conception et caract\u00e9ristiques structurelles r\u00e9pondant aux normes d&#039;hygi\u00e8ne<\/em><\/li>\n<li><em>Fonction de d\u00e9tection automatique de casserole, s\u00fbre et \u00e9conome en \u00e9nergie<\/em><\/li>\n<li><em>Conception de blindage anti-radiation tridimensionnelle 3D, interf\u00e9rence anti-\u00e9lectromagn\u00e9tique plus substantielle<\/em><\/li>\n<li><em>En utilisant le module de chauffage IGBT Siemens \u00ab Infineon \u00bb d&#039;origine import\u00e9 d&#039;Allemagne, la dur\u00e9e de vie est plus longue<\/em><\/li>\n<li><em>Le mouvement adopte une conception modulaire, ce qui est pratique pour l&#039;entretien<\/em><\/li>\n<li><em>Chauffage par induction isol\u00e9, s\u00fbr et fiable, permettant d&#039;\u00e9conomiser plus de 60% que le gaz combustible<\/em><\/li>\n<li><em>Interrupteur magn\u00e9tique \u00e9tanche rotatif \u00e0 360\u00b0 \u00e0 8 positions, capable de cuire des collations fines \u00e0 faible puissance ou une cuisson rapide \u00e0 haute puissance<\/em><\/li>\n<\/ul>\n<table style=\"border-collapse: collapse; width: 757px; height: 203px;\" border=\"0\" width=\"714\" cellspacing=\"0\" cellpadding=\"0\">\n<tbody>\n<tr style=\"height: 36.00pt;\">\n<td class=\"et2\" style=\"height: 36.00pt; width: 75.75pt;\" width=\"101\" height=\"48\">Mod\u00e8le<\/td>\n<td class=\"et2\" style=\"width: 210.75pt;\" width=\"281\">Dimensions (longueur * largeur * hauteur) (mm)<\/td>\n<td class=\"et2\" style=\"width: 81.00pt;\" width=\"108\">Puissance (KW)<\/td>\n<td class=\"et2\" style=\"width: 73.50pt;\" width=\"98\">Tension (v)<\/td>\n<td class=\"et2\" style=\"width: 94.50pt;\" width=\"126\">Fr\u00e9quence (Hz)<\/td>\n<\/tr>\n<tr style=\"height: 27.00pt;\">\n<td class=\"et3\" style=\"height: 54.00pt;\" rowspan=\"2\" height=\"72\">CI05-R<\/td>\n<td class=\"et3\" rowspan=\"2\">700x800x950<\/td>\n<td class=\"et3\">3.5<\/td>\n<td class=\"et3\" rowspan=\"4\">380<\/td>\n<td class=\"et3\" rowspan=\"4\">50<\/td>\n<\/tr>\n<tr style=\"height: 27.00pt;\">\n<td class=\"et3\">5<\/td>\n<\/tr>\n<tr style=\"height: 27.00pt;\">\n<td class=\"et3\" style=\"height: 54.00pt;\" rowspan=\"2\" height=\"72\">CI05-S<\/td>\n<td class=\"et3\" rowspan=\"2\">750x800x950<\/td>\n<td class=\"et3\">3.5<\/td>\n<\/tr>\n<tr style=\"height: 27.00pt;\">\n<td class=\"et3\">5<\/td>\n<\/tr>\n<\/tbody>\n<\/table>","protected":false},"excerpt":{"rendered":"<p data-group=\"1-1\"><strong>ID du produit\u00a0:\u00a0<\/strong>HP-CI05<\/p>\n<p class=\"src grammarSection\" data-group=\"1-1\">Electromagnetic four-head stove commercial induction wok cooker electric wok burner<\/p>","protected":false},"featured_media":4116,"template":"","meta":{"_acf_changed":false,"_seopress_robots_primary_cat":"none","_seopress_titles_title":"","_seopress_titles_desc":"","_seopress_robots_index":""},"product_brand":[],"product_cat":[35,43],"product_tag":[],"class_list":{"0":"post-4114","1":"product","2":"type-product","3":"status-publish","4":"has-post-thumbnail","6":"product_cat-induction-cooker","7":"product_cat-commercial-induction-cooker","9":"first","10":"instock","11":"shipping-taxable","12":"product-type-simple"},"acf":[],"_links":{"self":[{"href":"https:\/\/hpott.com\/fr\/wp-json\/wp\/v2\/product\/4114","targetHints":{"allow":["GET"]}}],"collection":[{"href":"https:\/\/hpott.com\/fr\/wp-json\/wp\/v2\/product"}],"about":[{"href":"https:\/\/hpott.com\/fr\/wp-json\/wp\/v2\/types\/product"}],"wp:featuredmedia":[{"embeddable":true,"href":"https:\/\/hpott.com\/fr\/wp-json\/wp\/v2\/media\/4116"}],"wp:attachment":[{"href":"https:\/\/hpott.com\/fr\/wp-json\/wp\/v2\/media?parent=4114"}],"wp:term":[{"taxonomy":"product_brand","embeddable":true,"href":"https:\/\/hpott.com\/fr\/wp-json\/wp\/v2\/product_brand?post=4114"},{"taxonomy":"product_cat","embeddable":true,"href":"https:\/\/hpott.com\/fr\/wp-json\/wp\/v2\/product_cat?post=4114"},{"taxonomy":"product_tag","embeddable":true,"href":"https:\/\/hpott.com\/fr\/wp-json\/wp\/v2\/product_tag?post=4114"}],"curies":[{"name":"wp","href":"https:\/\/api.w.org\/{rel}","templated":true}]}}