{"id":4120,"date":"2022-11-05T02:13:49","date_gmt":"2022-11-05T10:13:49","guid":{"rendered":"https:\/\/hpott.com\/?post_type=product&#038;p=4120"},"modified":"2023-06-27T02:05:39","modified_gmt":"2023-06-27T10:05:39","slug":"four-a-saute-electromagnetique-a-tete-unique-et-a-queue-unique-cuisiniere-a-induction-commerciale","status":"publish","type":"product","link":"https:\/\/hpott.com\/fr\/produit\/four-a-saute-electromagnetique-a-tete-unique-et-a-queue-unique-cuisiniere-a-induction-commerciale\/","title":{"rendered":"Four \u00e0 saut\u00e9 \u00e9lectromagn\u00e9tique \u00e0 une t\u00eate et une queue, cuisini\u00e8re \u00e0 induction commerciale"},"content":{"rendered":"<p>\u3010<strong>Nom<\/strong>\u3011: Cuisini\u00e8re wok \u00e0 induction<br \/>\n\u3010<strong>Origine<\/strong>\u3011: Guangdong, Chine<br \/>\n\u3010<strong>Tension<\/strong>\u3011: 380 V ~ 50\/60 Hz<\/p>\n<h3><em><strong>Fonctionnalit\u00e9<\/strong><\/em><\/h3>\n<ul>\n<li><em>Panneaux en acier inoxydable \u00e9pais d&#039;une seule pi\u00e8ce, faciles \u00e0 nettoyer, conception et caract\u00e9ristiques structurelles r\u00e9pondant aux normes d&#039;hygi\u00e8ne<\/em><\/li>\n<li><em>Fonction de d\u00e9tection automatique de casserole, s\u00fbre et \u00e9conome en \u00e9nergie<\/em><\/li>\n<li><em>Conception de blindage anti-radiation tridimensionnelle 3D, interf\u00e9rence anti-\u00e9lectromagn\u00e9tique plus substantielle<\/em><\/li>\n<li><em>En utilisant le module de chauffage IGBT Siemens \u00ab Infineon \u00bb d&#039;origine import\u00e9 d&#039;Allemagne, la dur\u00e9e de vie est plus longue<\/em><\/li>\n<li><em>Le mouvement adopte une conception modulaire, ce qui est pratique pour l&#039;entretien<\/em><\/li>\n<li><em>Chauffage par induction isol\u00e9, s\u00fbr et fiable, permettant d&#039;\u00e9conomiser plus de 60% que le gaz combustible<\/em><\/li>\n<li><em>Interrupteur magn\u00e9tique \u00e9tanche rotatif \u00e0 360\u00b0 \u00e0 8 positions, capable de cuire des collations fines \u00e0 faible puissance ou une cuisson rapide \u00e0 haute puissance<\/em><\/li>\n<\/ul>","protected":false},"excerpt":{"rendered":"<p data-group=\"1-1\"><strong>ID du produit\u00a0:\u00a0<\/strong>HP-CI07<\/p>\n<p>cuisini\u00e8re \u00e0 induction wok gamme industrielle meilleure cuisini\u00e8re \u00e0 induction<\/p>","protected":false},"featured_media":4122,"template":"","meta":{"_acf_changed":false,"_seopress_robots_primary_cat":"none","_seopress_titles_title":"","_seopress_titles_desc":"","_seopress_robots_index":""},"product_brand":[],"product_cat":[35,43],"product_tag":[],"class_list":{"0":"post-4120","1":"product","2":"type-product","3":"status-publish","4":"has-post-thumbnail","6":"product_cat-induction-cooker","7":"product_cat-commercial-induction-cooker","9":"first","10":"instock","11":"shipping-taxable","12":"product-type-simple"},"acf":[],"_links":{"self":[{"href":"https:\/\/hpott.com\/fr\/wp-json\/wp\/v2\/product\/4120","targetHints":{"allow":["GET"]}}],"collection":[{"href":"https:\/\/hpott.com\/fr\/wp-json\/wp\/v2\/product"}],"about":[{"href":"https:\/\/hpott.com\/fr\/wp-json\/wp\/v2\/types\/product"}],"wp:featuredmedia":[{"embeddable":true,"href":"https:\/\/hpott.com\/fr\/wp-json\/wp\/v2\/media\/4122"}],"wp:attachment":[{"href":"https:\/\/hpott.com\/fr\/wp-json\/wp\/v2\/media?parent=4120"}],"wp:term":[{"taxonomy":"product_brand","embeddable":true,"href":"https:\/\/hpott.com\/fr\/wp-json\/wp\/v2\/product_brand?post=4120"},{"taxonomy":"product_cat","embeddable":true,"href":"https:\/\/hpott.com\/fr\/wp-json\/wp\/v2\/product_cat?post=4120"},{"taxonomy":"product_tag","embeddable":true,"href":"https:\/\/hpott.com\/fr\/wp-json\/wp\/v2\/product_tag?post=4120"}],"curies":[{"name":"wp","href":"https:\/\/api.w.org\/{rel}","templated":true}]}}