{"id":4124,"date":"2022-11-07T19:52:30","date_gmt":"2022-11-08T03:52:30","guid":{"rendered":"https:\/\/hpott.com\/?post_type=product&#038;p=4124"},"modified":"2023-07-01T00:04:07","modified_gmt":"2023-07-01T08:04:07","slug":"hot-pot-electric-cooker-best-induction-cooktop-2022","status":"publish","type":"product","link":"https:\/\/hpott.com\/fr\/produit\/hot-pot-electric-cooker-best-induction-cooktop-2022\/","title":{"rendered":"Cuisini\u00e8re \u00e0 induction \u00e9lectrique commerciale encastrable Hot Pot 3\u00a0000 W"},"content":{"rendered":"<p>\u3010<strong>Nom<\/strong>\u3011: <strong>Hot pot induction cooker<\/strong><\/p>\n<p><strong>\u3010Origine\u3011: Guangdong, Chine<\/strong><\/p>\n<p><strong>\u3010Voltage\u3011: 220-240V~50\/60 Hz<\/strong><\/p>\n<p><strong>\u3010Power\u3011:<\/strong> <strong>3000w<\/strong><\/p>\n<p><strong>\u3010Plate Size\u3011: Diameter <em>288mm<\/em><\/strong><\/p>\n<h3><em><strong>Fonctionnalit\u00e9<\/strong><\/em><\/h3>\n<ul>\n<li><strong><b>Noir import\u00e9<\/b><\/strong><strong><b>\u00a0cristal <\/b><\/strong><strong><b>board, no discoloration, high-temperature resistance, easy to clean<\/b><\/strong><\/li>\n<li><strong><b>Configuration haut de gamme, puce CPU \u00e0 grande m\u00e9moire, nouvelle pile de pont redresseur de puissance, IGBT (tube de puissance) r\u00e9sistant aux hautes tensions<\/b><\/strong><\/li>\n<li><strong><b>Specially designed for hot pot restaurants, it can adapt to long-term use environment<\/b><\/strong><\/li>\n<li><strong><b>Gr\u00e2ce \u00e0 la derni\u00e8re technologie de puce int\u00e9gr\u00e9e, les performances sont plus stables et fiables<\/b><\/strong><\/li>\n<li><strong><b>Applicable pots: single pot and two flavor pot below diameter 328 mm; built-in remote control<\/b><\/strong><\/li>\n<\/ul>","protected":false},"excerpt":{"rendered":"<p><strong>ID du produit\u00a0:\u00a0<\/strong>HP-IC3000<\/p>\n<p>Best professional induction cooktop for hot pot induction stove for restaurant<\/p>","protected":false},"featured_media":5842,"template":"","meta":{"_acf_changed":false,"_seopress_robots_primary_cat":"none","_seopress_titles_title":"","_seopress_titles_desc":"","_seopress_robots_index":""},"product_brand":[],"product_cat":[35,42],"product_tag":[],"class_list":{"0":"post-4124","1":"product","2":"type-product","3":"status-publish","4":"has-post-thumbnail","6":"product_cat-induction-cooker","7":"product_cat-hot-pot-induction-cooker","9":"first","10":"instock","11":"shipping-taxable","12":"product-type-simple"},"acf":[],"_links":{"self":[{"href":"https:\/\/hpott.com\/fr\/wp-json\/wp\/v2\/product\/4124","targetHints":{"allow":["GET"]}}],"collection":[{"href":"https:\/\/hpott.com\/fr\/wp-json\/wp\/v2\/product"}],"about":[{"href":"https:\/\/hpott.com\/fr\/wp-json\/wp\/v2\/types\/product"}],"wp:featuredmedia":[{"embeddable":true,"href":"https:\/\/hpott.com\/fr\/wp-json\/wp\/v2\/media\/5842"}],"wp:attachment":[{"href":"https:\/\/hpott.com\/fr\/wp-json\/wp\/v2\/media?parent=4124"}],"wp:term":[{"taxonomy":"product_brand","embeddable":true,"href":"https:\/\/hpott.com\/fr\/wp-json\/wp\/v2\/product_brand?post=4124"},{"taxonomy":"product_cat","embeddable":true,"href":"https:\/\/hpott.com\/fr\/wp-json\/wp\/v2\/product_cat?post=4124"},{"taxonomy":"product_tag","embeddable":true,"href":"https:\/\/hpott.com\/fr\/wp-json\/wp\/v2\/product_tag?post=4124"}],"curies":[{"name":"wp","href":"https:\/\/api.w.org\/{rel}","templated":true}]}}