{"id":4127,"date":"2022-11-07T19:57:50","date_gmt":"2022-11-08T03:57:50","guid":{"rendered":"https:\/\/hpott.com\/?post_type=product&#038;p=4127"},"modified":"2023-06-30T22:36:53","modified_gmt":"2023-07-01T06:36:53","slug":"bruleur-a-induction-pour-hot-pot-de-2-500-w","status":"publish","type":"product","link":"https:\/\/hpott.com\/fr\/produit\/bruleur-a-induction-pour-hot-pot-de-2-500-w\/","title":{"rendered":"Plaque de cuisson \u00e0 induction 2500 W pour restaurant"},"content":{"rendered":"<p>\u3010<strong>Nom<\/strong>\u3011:\u00a0<strong>Hot pot induction cooker<\/strong><\/p>\n<p><strong>\u3010Origine\u3011: Guangdong, Chine<\/strong><\/p>\n<p><strong>\u3010Voltage\u3011: 220-240V~50\/60 Hz<\/strong><\/p>\n<p><strong>\u3010Power\u3011:<\/strong> 25<strong>00w<\/strong><\/p>\n<p><strong>\u3010Plate Size\u3011: Diameter <em>288mm<\/em><\/strong><\/p>\n<h2><em><strong>Fonctionnalit\u00e9<\/strong><\/em><\/h2>\n<ul>\n<li>\n<h4><strong><b>Noir import\u00e9<\/b><\/strong><strong><b>\u00a0cristal\u00a0<\/b><\/strong><strong><b>board, no discoloration, high-temperature resistance, easy to clean<\/b><\/strong><\/h4>\n<\/li>\n<li>\n<h4><strong><b>Configuration haut de gamme, puce CPU \u00e0 grande m\u00e9moire, nouvelle pile de pont redresseur de puissance, IGBT (tube de puissance) r\u00e9sistant aux hautes tensions<\/b><\/strong><\/h4>\n<\/li>\n<li>\n<h4><strong><b>Specially designed for hot pot restaurants, it can adapt to long-term use environment<\/b><\/strong><\/h4>\n<\/li>\n<li>\n<h4><strong><b>Gr\u00e2ce \u00e0 la derni\u00e8re technologie de puce int\u00e9gr\u00e9e, les performances sont plus stables et fiables<\/b><\/strong><\/h4>\n<\/li>\n<li>\n<h4><strong><b>Pots applicables : pot simple et pot \u00e0 deux saveurs d&#039;un diam\u00e8tre inf\u00e9rieur \u00e0 320 mm ; t\u00e9l\u00e9commande int\u00e9gr\u00e9e<\/b><\/strong><\/h4>\n<\/li>\n<\/ul>","protected":false},"excerpt":{"rendered":"<p><strong>ID du produit\u00a0:\u00a0<\/strong>HP-IC2500<\/p>\n<p>Table de cuisson \u00e0 induction \u00e9lectrique \u00e0 contr\u00f4le intelligent de la temp\u00e9rature commerciale avec cuisini\u00e8re \u00e0 induction<\/p>","protected":false},"featured_media":5840,"template":"","meta":{"_acf_changed":false,"_seopress_robots_primary_cat":"none","_seopress_titles_title":"","_seopress_titles_desc":"","_seopress_robots_index":""},"product_brand":[],"product_cat":[35,42],"product_tag":[50],"class_list":{"0":"post-4127","1":"product","2":"type-product","3":"status-publish","4":"has-post-thumbnail","6":"product_cat-induction-cooker","7":"product_cat-hot-pot-induction-cooker","8":"product_tag-a1","10":"first","11":"instock","12":"shipping-taxable","13":"product-type-simple"},"acf":[],"_links":{"self":[{"href":"https:\/\/hpott.com\/fr\/wp-json\/wp\/v2\/product\/4127","targetHints":{"allow":["GET"]}}],"collection":[{"href":"https:\/\/hpott.com\/fr\/wp-json\/wp\/v2\/product"}],"about":[{"href":"https:\/\/hpott.com\/fr\/wp-json\/wp\/v2\/types\/product"}],"wp:featuredmedia":[{"embeddable":true,"href":"https:\/\/hpott.com\/fr\/wp-json\/wp\/v2\/media\/5840"}],"wp:attachment":[{"href":"https:\/\/hpott.com\/fr\/wp-json\/wp\/v2\/media?parent=4127"}],"wp:term":[{"taxonomy":"product_brand","embeddable":true,"href":"https:\/\/hpott.com\/fr\/wp-json\/wp\/v2\/product_brand?post=4127"},{"taxonomy":"product_cat","embeddable":true,"href":"https:\/\/hpott.com\/fr\/wp-json\/wp\/v2\/product_cat?post=4127"},{"taxonomy":"product_tag","embeddable":true,"href":"https:\/\/hpott.com\/fr\/wp-json\/wp\/v2\/product_tag?post=4127"}],"curies":[{"name":"wp","href":"https:\/\/api.w.org\/{rel}","templated":true}]}}