{"id":4217,"date":"2022-11-19T01:43:46","date_gmt":"2022-11-19T09:43:46","guid":{"rendered":"https:\/\/hpott.com\/?post_type=product&#038;p=4217"},"modified":"2023-07-01T01:10:59","modified_gmt":"2023-07-01T09:10:59","slug":"commercial-countertop-induction-cooktop-electric-hot-pot-cooker","status":"publish","type":"product","link":"https:\/\/hpott.com\/fr\/produit\/commercial-countertop-induction-cooktop-electric-hot-pot-cooker\/","title":{"rendered":"Plaque de cuisson \u00e9lectrique \u00e0 induction de 2\u00a0500 W pour hot pot commercial"},"content":{"rendered":"<h3><em><strong>Fonctionnalit\u00e9<\/strong><\/em><\/h3>\n<ul>\n<li><strong><b>Noir import\u00e9<\/b><\/strong><strong><b>\u00a0cristal <\/b><\/strong><strong><b>planche, pas de d\u00e9coloration, pas de jaunissement, r\u00e9sistance aux hautes temp\u00e9ratures, facile \u00e0 nettoyer<\/b><\/strong><\/li>\n<li><strong><b>Configuration haut de gamme, puce CPU \u00e0 grande m\u00e9moire, nouvelle pile de pont redresseur de puissance, IGBT (tube de puissance) r\u00e9sistant aux hautes tensions<\/b><\/strong><\/li>\n<li><strong><b>Applicable pots: single pot and two flavor pot below diameter 300 mm; built-in remote control<\/b><\/strong><\/li>\n<li><strong><b>Gr\u00e2ce \u00e0 la derni\u00e8re technologie de puce int\u00e9gr\u00e9e, les performances sont plus stables et fiables<\/b><\/strong><\/li>\n<li><strong><b>Special\u00a0for\u00a0hot pot restaurants, and adapt to long-term use environment<\/b><\/strong><\/li>\n<\/ul>\n<p><img loading=\"lazy\" decoding=\"async\" class=\"alignnone wp-image-5570 size-full\" src=\"http:\/\/hpott.com\/wp-content\/uploads\/2022\/11\/induction-cooker-series.webp\" alt=\"commercial countertop induction cooktop electric hot pot cooker\" width=\"750\" height=\"900\" srcset=\"https:\/\/hpott.com\/wp-content\/uploads\/2022\/11\/induction-cooker-series.webp 750w, https:\/\/hpott.com\/wp-content\/uploads\/2022\/11\/induction-cooker-series-250x300.webp 250w, https:\/\/hpott.com\/wp-content\/uploads\/2022\/11\/induction-cooker-series-600x720.webp 600w, https:\/\/hpott.com\/wp-content\/uploads\/2022\/11\/induction-cooker-series-64x77.webp 64w\" sizes=\"auto, (max-width: 750px) 100vw, 750px\" \/><\/p>","protected":false},"excerpt":{"rendered":"<p><strong>ID du produit\u00a0:\u00a0<\/strong>HP-ITS2500<\/p>\n<p>Best sale commercial hot pot induction burner hot pot table with hot pot induction cookers<\/p>","protected":false},"featured_media":5858,"template":"","meta":{"_acf_changed":false,"_seopress_robots_primary_cat":"none","_seopress_titles_title":"","_seopress_titles_desc":"","_seopress_robots_index":""},"product_brand":[],"product_cat":[35,42],"product_tag":[],"class_list":{"0":"post-4217","1":"product","2":"type-product","3":"status-publish","4":"has-post-thumbnail","6":"product_cat-induction-cooker","7":"product_cat-hot-pot-induction-cooker","9":"first","10":"instock","11":"shipping-taxable","12":"product-type-simple"},"acf":[],"_links":{"self":[{"href":"https:\/\/hpott.com\/fr\/wp-json\/wp\/v2\/product\/4217","targetHints":{"allow":["GET"]}}],"collection":[{"href":"https:\/\/hpott.com\/fr\/wp-json\/wp\/v2\/product"}],"about":[{"href":"https:\/\/hpott.com\/fr\/wp-json\/wp\/v2\/types\/product"}],"wp:featuredmedia":[{"embeddable":true,"href":"https:\/\/hpott.com\/fr\/wp-json\/wp\/v2\/media\/5858"}],"wp:attachment":[{"href":"https:\/\/hpott.com\/fr\/wp-json\/wp\/v2\/media?parent=4217"}],"wp:term":[{"taxonomy":"product_brand","embeddable":true,"href":"https:\/\/hpott.com\/fr\/wp-json\/wp\/v2\/product_brand?post=4217"},{"taxonomy":"product_cat","embeddable":true,"href":"https:\/\/hpott.com\/fr\/wp-json\/wp\/v2\/product_cat?post=4217"},{"taxonomy":"product_tag","embeddable":true,"href":"https:\/\/hpott.com\/fr\/wp-json\/wp\/v2\/product_tag?post=4217"}],"curies":[{"name":"wp","href":"https:\/\/api.w.org\/{rel}","templated":true}]}}