{"id":4221,"date":"2022-11-19T01:47:40","date_gmt":"2022-11-19T09:47:40","guid":{"rendered":"https:\/\/hpott.com\/?post_type=product&#038;p=4221"},"modified":"2023-07-01T00:59:22","modified_gmt":"2023-07-01T08:59:22","slug":"cuisiniere-electrique-a-induction-3000-w","status":"publish","type":"product","link":"https:\/\/hpott.com\/fr\/produit\/cuisiniere-electrique-a-induction-3000-w\/","title":{"rendered":"Cuisini\u00e8re \u00e9lectrique \u00e0 induction 3000 W"},"content":{"rendered":"<p>\u3010<strong>Nom<\/strong>\u3011: Cuisini\u00e8re \u00e0 induction pour hot pot<br \/>\n\u3010<strong>Origine<\/strong>\u3011: Guangdong, Chine<br \/>\n\u3010<strong>Tension<\/strong>\u3011: 220 V ~ 50 Hz<\/p>\n<p>\u3010<strong>Pouvoir<\/strong>\u3011: 3000w<br \/>\n\u3010<strong>Taille<\/strong>\u3011: 320 x 320 mm<\/p>\n<h3><em><strong>Fonctionnalit\u00e9<\/strong><\/em><\/h3>\n<ul>\n<li><strong><b>Noir import\u00e9<\/b><\/strong><strong><b>\u00a0cristal <\/b><\/strong><strong><b>planche, pas de d\u00e9coloration, pas de jaunissement, r\u00e9sistance aux hautes temp\u00e9ratures, facile \u00e0 nettoyer<\/b><\/strong><\/li>\n<li><strong><b>Configuration haut de gamme, puce CPU \u00e0 grande m\u00e9moire, nouvelle pile de pont redresseur de puissance, IGBT (tube de puissance) r\u00e9sistant aux hautes tensions<\/b><\/strong><\/li>\n<li><strong><b>Pots applicables : pot simple et pot \u00e0 deux saveurs d&#039;un diam\u00e8tre inf\u00e9rieur \u00e0 320 mm ; t\u00e9l\u00e9commande int\u00e9gr\u00e9e<\/b><\/strong><\/li>\n<li><strong><b>Gr\u00e2ce \u00e0 la derni\u00e8re technologie de puce int\u00e9gr\u00e9e, les performances sont plus stables et fiables<\/b><\/strong><\/li>\n<li><strong><b>Sp\u00e9cialement con\u00e7u pour les restaurants de fondue chinoise, il peut s&#039;adapter \u00e0 un environnement d&#039;utilisation \u00e0 long terme.<\/b><\/strong><\/li>\n<\/ul>","protected":false},"excerpt":{"rendered":"<p><strong>ID du produit\u00a0:\u00a0<\/strong>HP-ITS3000<\/p>\n<p>Fabricant de cuisini\u00e8res \u00e0 fondue chaude, cuisini\u00e8res \u00e0 induction \u00e0 fondue chaude \u00e0 vendre, table de cuisson \u00e0 induction \u00e0 fondue chaude<\/p>","protected":false},"featured_media":5155,"template":"","meta":{"_acf_changed":false,"_seopress_robots_primary_cat":"none","_seopress_titles_title":"","_seopress_titles_desc":"","_seopress_robots_index":""},"product_brand":[],"product_cat":[35,42],"product_tag":[],"class_list":{"0":"post-4221","1":"product","2":"type-product","3":"status-publish","4":"has-post-thumbnail","6":"product_cat-induction-cooker","7":"product_cat-hot-pot-induction-cooker","9":"first","10":"instock","11":"shipping-taxable","12":"product-type-simple"},"acf":[],"_links":{"self":[{"href":"https:\/\/hpott.com\/fr\/wp-json\/wp\/v2\/product\/4221","targetHints":{"allow":["GET"]}}],"collection":[{"href":"https:\/\/hpott.com\/fr\/wp-json\/wp\/v2\/product"}],"about":[{"href":"https:\/\/hpott.com\/fr\/wp-json\/wp\/v2\/types\/product"}],"wp:featuredmedia":[{"embeddable":true,"href":"https:\/\/hpott.com\/fr\/wp-json\/wp\/v2\/media\/5155"}],"wp:attachment":[{"href":"https:\/\/hpott.com\/fr\/wp-json\/wp\/v2\/media?parent=4221"}],"wp:term":[{"taxonomy":"product_brand","embeddable":true,"href":"https:\/\/hpott.com\/fr\/wp-json\/wp\/v2\/product_brand?post=4221"},{"taxonomy":"product_cat","embeddable":true,"href":"https:\/\/hpott.com\/fr\/wp-json\/wp\/v2\/product_cat?post=4221"},{"taxonomy":"product_tag","embeddable":true,"href":"https:\/\/hpott.com\/fr\/wp-json\/wp\/v2\/product_tag?post=4221"}],"curies":[{"name":"wp","href":"https:\/\/api.w.org\/{rel}","templated":true}]}}