{"id":4344,"date":"2022-11-24T06:38:46","date_gmt":"2022-11-24T14:38:46","guid":{"rendered":"https:\/\/hpott.com\/?post_type=product&#038;p=4344"},"modified":"2023-06-15T01:43:08","modified_gmt":"2023-06-15T09:43:08","slug":"table-de-fondue-electrique-table-de-cuisson-a-induction","status":"publish","type":"product","link":"https:\/\/hpott.com\/fr\/produit\/table-de-fondue-electrique-table-de-cuisson-a-induction\/","title":{"rendered":"Table de cuisson \u00e9lectrique pour marmite \u00e0 induction"},"content":{"rendered":"<p>\u3010Nom\u3011<strong>:\u00a0<\/strong>Table de fondue chinoise<br \/>\n\u3010Origine\u3011<strong>:\u00a0<\/strong>Guangdong, Chine<br \/>\n\u3010Taille de la table\u3011<strong>:\u00a0<\/strong>1000X800mm, 1300X900mm, 1600X900mm, 1800X1000mm (taille personnalisable)<br \/>\n\u3010Mat\u00e9riel\u3011<strong>:\u00a0<\/strong>Plateau en verre recouvert d&#039;acier inoxydable + base en acier inoxydable imprim\u00e9e<br \/>\n\u3010Couleur\u3011<strong>:\u00a0<\/strong>Disponible sur demande<br \/>\n\u3010Application\u3011<strong>:\u00a0<\/strong>Restaurant de fondue chinoise, h\u00f4tel, autres restaurants<br \/>\n\u3010Fonctionnalit\u00e9\u3011<br \/>\n01<br \/>\nAnneau d\u00e9coratif int\u00e9gr\u00e9<br \/>\nLe capot de formage int\u00e9gr\u00e9 est fabriqu\u00e9 en acier inoxydable \u00e9paissi, avec une structure de formage parfaitement int\u00e9gr\u00e9e et une position de serrage intime.<br \/>\n02<br \/>\nPurification sans fum\u00e9e<br \/>\nPas besoin d&#039;installer un tuyau d&#039;\u00e9vacuation des fum\u00e9es, utilisation directe d&#039;un purificateur sans fum\u00e9e, \u00e9conomie d&#039;\u00e9nergie et protection de l&#039;environnement, nouvelle mode<br \/>\n03<br \/>\nTable de fondue chinoise sans fum\u00e9e personnalis\u00e9e<br \/>\nS\u00e9lectionnez des mat\u00e9riaux de haute qualit\u00e9, cr\u00e9ez un style chinois simple et moderne, chaleureux, pratique, simple et g\u00e9n\u00e9reux<br \/>\n04<br \/>\nRepose-pieds en acier inoxydable<br \/>\nSupport solide et stable pour la table de la marmite chaude, et il ne tremble pas, vous profitez du repas plus \u00e0 l&#039;aise.<\/p>","protected":false},"excerpt":{"rendered":"<p><strong>ID du produit<\/strong>: HP-S07<\/p>\n<pre class=\"LC20lb MBeuO DKV0Md\">Table \u00e0 manger pour restaurant Hot Pot Table \u00e0 manger pour hot pot chinois avec cuisini\u00e8re \u00e0 induction<\/pre>","protected":false},"featured_media":5087,"template":"","meta":{"_acf_changed":false,"_seopress_robots_primary_cat":"none","_seopress_titles_title":"","_seopress_titles_desc":"","_seopress_robots_index":""},"product_brand":[],"product_cat":[30,31],"product_tag":[],"class_list":{"0":"post-4344","1":"product","2":"type-product","3":"status-publish","4":"has-post-thumbnail","6":"product_cat-hot-pot-table","7":"product_cat-square-hot-pot-tables","9":"first","10":"instock","11":"shipping-taxable","12":"product-type-simple"},"acf":[],"_links":{"self":[{"href":"https:\/\/hpott.com\/fr\/wp-json\/wp\/v2\/product\/4344","targetHints":{"allow":["GET"]}}],"collection":[{"href":"https:\/\/hpott.com\/fr\/wp-json\/wp\/v2\/product"}],"about":[{"href":"https:\/\/hpott.com\/fr\/wp-json\/wp\/v2\/types\/product"}],"wp:featuredmedia":[{"embeddable":true,"href":"https:\/\/hpott.com\/fr\/wp-json\/wp\/v2\/media\/5087"}],"wp:attachment":[{"href":"https:\/\/hpott.com\/fr\/wp-json\/wp\/v2\/media?parent=4344"}],"wp:term":[{"taxonomy":"product_brand","embeddable":true,"href":"https:\/\/hpott.com\/fr\/wp-json\/wp\/v2\/product_brand?post=4344"},{"taxonomy":"product_cat","embeddable":true,"href":"https:\/\/hpott.com\/fr\/wp-json\/wp\/v2\/product_cat?post=4344"},{"taxonomy":"product_tag","embeddable":true,"href":"https:\/\/hpott.com\/fr\/wp-json\/wp\/v2\/product_tag?post=4344"}],"curies":[{"name":"wp","href":"https:\/\/api.w.org\/{rel}","templated":true}]}}