{"id":5166,"date":"2023-02-08T19:23:34","date_gmt":"2023-02-09T03:23:34","guid":{"rendered":"https:\/\/hpott.com\/?post_type=product&#038;p=5166"},"modified":"2023-06-15T01:57:02","modified_gmt":"2023-06-15T09:57:02","slug":"equipement-de-barbecue-coreen-sans-fumee-pour-fondue-chinoise","status":"publish","type":"product","link":"https:\/\/hpott.com\/fr\/produit\/equipement-de-barbecue-coreen-sans-fumee-pour-fondue-chinoise\/","title":{"rendered":"\u00c9quipement de barbecue cor\u00e9en sans fum\u00e9e"},"content":{"rendered":"<p><strong>Taille du produit : <\/strong>610*X360X270mm<br \/>\n<strong>Taille des mailles du gril : <\/strong>370X285mm<br \/>\n<strong>Pouvoir: <\/strong>cuisini\u00e8re \u00e0 induction 1300w + grill 2400w<br \/>\n<strong>Taille du trou : <\/strong>585X335mm<\/p>\n<p><strong>Mat\u00e9riel:\u00a0<\/strong>Acier inoxydable<\/p>","protected":false},"excerpt":{"rendered":"<p><strong>ID du produit<\/strong>: HP-610<\/p>\n<p><strong>Fonctionnalit\u00e9<\/strong>:Aucun tuyau d&#039;\u00e9chappement suppl\u00e9mentaire requis, livr\u00e9 avec un \u00e9quipement de purification ; marmite sans fum\u00e9e et barbecue.<\/p>","protected":false},"featured_media":5170,"template":"","meta":{"_acf_changed":false,"_seopress_robots_primary_cat":"none","_seopress_titles_title":"","_seopress_titles_desc":"","_seopress_robots_index":""},"product_brand":[],"product_cat":[37,36],"product_tag":[],"class_list":{"0":"post-5166","1":"product","2":"type-product","3":"status-publish","4":"has-post-thumbnail","6":"product_cat-bbq-grill","7":"product_cat-electric-bbq-grill","9":"first","10":"instock","11":"shipping-taxable","12":"product-type-simple"},"acf":[],"_links":{"self":[{"href":"https:\/\/hpott.com\/fr\/wp-json\/wp\/v2\/product\/5166","targetHints":{"allow":["GET"]}}],"collection":[{"href":"https:\/\/hpott.com\/fr\/wp-json\/wp\/v2\/product"}],"about":[{"href":"https:\/\/hpott.com\/fr\/wp-json\/wp\/v2\/types\/product"}],"wp:featuredmedia":[{"embeddable":true,"href":"https:\/\/hpott.com\/fr\/wp-json\/wp\/v2\/media\/5170"}],"wp:attachment":[{"href":"https:\/\/hpott.com\/fr\/wp-json\/wp\/v2\/media?parent=5166"}],"wp:term":[{"taxonomy":"product_brand","embeddable":true,"href":"https:\/\/hpott.com\/fr\/wp-json\/wp\/v2\/product_brand?post=5166"},{"taxonomy":"product_cat","embeddable":true,"href":"https:\/\/hpott.com\/fr\/wp-json\/wp\/v2\/product_cat?post=5166"},{"taxonomy":"product_tag","embeddable":true,"href":"https:\/\/hpott.com\/fr\/wp-json\/wp\/v2\/product_tag?post=5166"}],"curies":[{"name":"wp","href":"https:\/\/api.w.org\/{rel}","templated":true}]}}