{"id":5179,"date":"2023-02-08T19:54:44","date_gmt":"2023-02-09T03:54:44","guid":{"rendered":"https:\/\/hpott.com\/?post_type=product&#038;p=5179"},"modified":"2023-07-22T01:57:00","modified_gmt":"2023-07-22T09:57:00","slug":"vente-de-fournitures-barbecue-commercial-hot-pot-grill-pour-table","status":"publish","type":"product","link":"https:\/\/hpott.com\/fr\/produit\/vente-de-fournitures-barbecue-commercial-hot-pot-grill-pour-table\/","title":{"rendered":"Vente de fournitures Barbecue commercial Hot Pot Grill pour table"},"content":{"rendered":"<p><strong>Taille du produit :\u00a0<\/strong>660X360X290mm<br \/>\n<strong>Taille de la po\u00eale \u00e0 griller : <\/strong>300X285mm<br \/>\n<strong>Pouvoir:\u00a0<\/strong>cuisini\u00e8re \u00e0 induction 2000w + grill 1500w<br \/>\n<strong>Taille du trou :\u00a0<\/strong>635X335mm<\/p>\n<p><strong>Mat\u00e9riel:\u00a0<\/strong>Acier inoxydable<\/p>\n<p><img loading=\"lazy\" decoding=\"async\" class=\"size-full wp-image-5958\" src=\"http:\/\/hpott.com\/wp-content\/uploads\/2023\/02\/1.webp\" alt=\"vente de fournitures barbecue commercial hot pot grill pour table\" width=\"750\" height=\"2044\" srcset=\"https:\/\/hpott.com\/wp-content\/uploads\/2023\/02\/1.webp 750w, https:\/\/hpott.com\/wp-content\/uploads\/2023\/02\/1-110x300.webp 110w, https:\/\/hpott.com\/wp-content\/uploads\/2023\/02\/1-376x1024.webp 376w, https:\/\/hpott.com\/wp-content\/uploads\/2023\/02\/1-564x1536.webp 564w, https:\/\/hpott.com\/wp-content\/uploads\/2023\/02\/1-600x1635.webp 600w, https:\/\/hpott.com\/wp-content\/uploads\/2023\/02\/1-64x174.webp 64w\" sizes=\"auto, (max-width: 750px) 100vw, 750px\" \/><\/p>\n<p><img loading=\"lazy\" decoding=\"async\" class=\"size-full wp-image-5959\" src=\"http:\/\/hpott.com\/wp-content\/uploads\/2023\/02\/2.webp\" alt=\"vente de fournitures barbecue commercial hot pot grill pour table\" width=\"750\" height=\"2259\" srcset=\"https:\/\/hpott.com\/wp-content\/uploads\/2023\/02\/2.webp 750w, https:\/\/hpott.com\/wp-content\/uploads\/2023\/02\/2-100x300.webp 100w, https:\/\/hpott.com\/wp-content\/uploads\/2023\/02\/2-340x1024.webp 340w, https:\/\/hpott.com\/wp-content\/uploads\/2023\/02\/2-510x1536.webp 510w, https:\/\/hpott.com\/wp-content\/uploads\/2023\/02\/2-680x2048.webp 680w, https:\/\/hpott.com\/wp-content\/uploads\/2023\/02\/2-600x1807.webp 600w, https:\/\/hpott.com\/wp-content\/uploads\/2023\/02\/2-64x193.webp 64w\" sizes=\"auto, (max-width: 750px) 100vw, 750px\" \/><\/p>","protected":false},"excerpt":{"rendered":"<p><strong>ID du produit<\/strong>: HP-660<\/p>\n<p><strong>Fonctionnalit\u00e9<\/strong>:Aucun tuyau d&#039;\u00e9chappement suppl\u00e9mentaire requis, livr\u00e9 avec un \u00e9quipement de purification ; marmite sans fum\u00e9e et barbecue ; grille de gril en option<\/p>","protected":false},"featured_media":5182,"template":"","meta":{"_acf_changed":false,"_seopress_robots_primary_cat":"none","_seopress_titles_title":"","_seopress_titles_desc":"","_seopress_robots_index":""},"product_brand":[],"product_cat":[37,36],"product_tag":[],"class_list":{"0":"post-5179","1":"product","2":"type-product","3":"status-publish","4":"has-post-thumbnail","6":"product_cat-bbq-grill","7":"product_cat-electric-bbq-grill","9":"first","10":"instock","11":"shipping-taxable","12":"product-type-simple"},"acf":[],"_links":{"self":[{"href":"https:\/\/hpott.com\/fr\/wp-json\/wp\/v2\/product\/5179","targetHints":{"allow":["GET"]}}],"collection":[{"href":"https:\/\/hpott.com\/fr\/wp-json\/wp\/v2\/product"}],"about":[{"href":"https:\/\/hpott.com\/fr\/wp-json\/wp\/v2\/types\/product"}],"wp:featuredmedia":[{"embeddable":true,"href":"https:\/\/hpott.com\/fr\/wp-json\/wp\/v2\/media\/5182"}],"wp:attachment":[{"href":"https:\/\/hpott.com\/fr\/wp-json\/wp\/v2\/media?parent=5179"}],"wp:term":[{"taxonomy":"product_brand","embeddable":true,"href":"https:\/\/hpott.com\/fr\/wp-json\/wp\/v2\/product_brand?post=5179"},{"taxonomy":"product_cat","embeddable":true,"href":"https:\/\/hpott.com\/fr\/wp-json\/wp\/v2\/product_cat?post=5179"},{"taxonomy":"product_tag","embeddable":true,"href":"https:\/\/hpott.com\/fr\/wp-json\/wp\/v2\/product_tag?post=5179"}],"curies":[{"name":"wp","href":"https:\/\/api.w.org\/{rel}","templated":true}]}}