{"id":5340,"date":"2023-02-24T01:17:44","date_gmt":"2023-02-24T09:17:44","guid":{"rendered":"https:\/\/hpott.com\/?post_type=product&#038;p=5340"},"modified":"2023-06-22T23:09:29","modified_gmt":"2023-06-23T07:09:29","slug":"table-a-fondue-avec-plaque-a-induction-table-a-fondue-ronde-electrique-commerciale","status":"publish","type":"product","link":"https:\/\/hpott.com\/fr\/produit\/table-a-fondue-avec-plaque-a-induction-table-a-fondue-ronde-electrique-commerciale\/","title":{"rendered":"Table \u00e0 fondue ronde \u00e9lectrique commerciale avec plaque \u00e0 induction"},"content":{"rendered":"<p>\u3010Nom\u3011: Table \u00e0 fondue en marbre<br \/>\n\u3010Origine\u3011: Guangdong, Chine<br \/>\n\u3010Taille du plateau\u3011: Diam\u00e8tre 1300 mm, 1400 mm, 1500 mm, 1600 mm, 1700 mm, 1800 mm (la taille peut \u00eatre personnalis\u00e9e)<br \/>\n\u3010Mat\u00e9riau\u3011: Plateau en marbre + base en t\u00f4le d&#039;acier peinte<br \/>\n\u3010Couleur\u3011: Disponible sur demande<br \/>\n\u3010Application\u3011: Restaurant de fondue chinoise, h\u00f4tel, autres restaurants<br \/>\n\u3010Fonctionnalit\u00e9\u3011<br \/>\n<strong>01<\/strong><br \/>\n<strong>Anneau d\u00e9coratif int\u00e9gr\u00e9<\/strong><br \/>\nLe capot de formage int\u00e9gr\u00e9 comprend de l&#039;acier inoxydable \u00e9paissi, une structure de formage parfaitement int\u00e9gr\u00e9e et une position de serrage intime.<br \/>\n<strong>02<\/strong><br \/>\n<strong>Purification sans fum\u00e9e<\/strong><br \/>\nPas besoin d&#039;installer un tuyau d&#039;\u00e9vacuation des fum\u00e9es, utilisation directe d&#039;un purificateur sans fum\u00e9e, \u00e9conomie d&#039;\u00e9nergie et protection de l&#039;environnement, nouvelle mode<br \/>\n<strong>03<\/strong><br \/>\n<strong>Table de fondue chinoise sans fum\u00e9e personnalis\u00e9e<\/strong><br \/>\nS\u00e9lectionnez des mat\u00e9riaux de haute qualit\u00e9, cr\u00e9ez un style chinois simple et moderne, chaleureux, pratique, simple et g\u00e9n\u00e9reux<br \/>\n<strong>04<\/strong><br \/>\n<strong>Repose-pieds en acier inoxydable<\/strong><br \/>\nSupport solide et stable pour la table de la marmite, et il ne tremble pas, vous profitez du repas plus facilement.<\/p>\n<p style=\"text-align: center;\"><span style=\"color: #ff0000;\"><strong>Personnalisation pour vous<\/strong><\/span><\/p>\n<p style=\"text-align: center;\">N\u00b01 Nous avons au moins 500 couleurs \u00e0 choisir<\/p>\n<p><img loading=\"lazy\" decoding=\"async\" class=\"aligncenter wp-image-5318 size-full\" src=\"http:\/\/hpott.com\/wp-content\/uploads\/2023\/02\/Tabletop-color.webp\" alt=\"cuisini\u00e8re \u00e0 induction int\u00e9gr\u00e9e populaire petite table de fondue avec gril\" width=\"750\" height=\"457\" srcset=\"https:\/\/hpott.com\/wp-content\/uploads\/2023\/02\/Tabletop-color.webp 750w, https:\/\/hpott.com\/wp-content\/uploads\/2023\/02\/Tabletop-color-300x183.webp 300w, https:\/\/hpott.com\/wp-content\/uploads\/2023\/02\/Tabletop-color-600x366.webp 600w, https:\/\/hpott.com\/wp-content\/uploads\/2023\/02\/Tabletop-color-64x39.webp 64w\" sizes=\"auto, (max-width: 750px) 100vw, 750px\" \/><\/p>\n<p style=\"text-align: center;\">N\u00b02 Nous pouvons vous proposer une large s\u00e9lection de mat\u00e9riaux de bureau, contactez-nous pour en savoir plus<\/p>\n<p><img loading=\"lazy\" decoding=\"async\" class=\"aligncenter wp-image-5319 size-full\" src=\"http:\/\/hpott.com\/wp-content\/uploads\/2023\/02\/tabletop-material.webp\" alt=\"cuisini\u00e8re \u00e0 induction int\u00e9gr\u00e9e populaire petite table de fondue avec gril\" width=\"750\" height=\"239\" srcset=\"https:\/\/hpott.com\/wp-content\/uploads\/2023\/02\/tabletop-material.webp 750w, https:\/\/hpott.com\/wp-content\/uploads\/2023\/02\/tabletop-material-300x96.webp 300w, https:\/\/hpott.com\/wp-content\/uploads\/2023\/02\/tabletop-material-600x191.webp 600w, https:\/\/hpott.com\/wp-content\/uploads\/2023\/02\/tabletop-material-64x20.webp 64w\" sizes=\"auto, (max-width: 750px) 100vw, 750px\" \/><\/p>\n<p style=\"text-align: center;\">N\u00b03 Nous pouvons vous aider \u00e0 concevoir diff\u00e9rentes tailles, notamment rondes, carr\u00e9es, 4 places, 6 places, etc.<\/p>\n<p style=\"text-align: center;\"><img loading=\"lazy\" decoding=\"async\" class=\"aligncenter wp-image-4327 size-full\" src=\"http:\/\/hpott.com\/wp-content\/uploads\/2022\/10\/Korean-Size.webp\" alt=\"\" width=\"800\" height=\"550\" srcset=\"https:\/\/hpott.com\/wp-content\/uploads\/2022\/10\/Korean-Size.webp 800w, https:\/\/hpott.com\/wp-content\/uploads\/2022\/10\/Korean-Size-300x206.webp 300w, https:\/\/hpott.com\/wp-content\/uploads\/2022\/10\/Korean-Size-768x528.webp 768w, https:\/\/hpott.com\/wp-content\/uploads\/2022\/10\/Korean-Size-600x413.webp 600w\" sizes=\"auto, (max-width: 800px) 100vw, 800px\" \/><span style=\"color: #ff0000;\"><strong>Conditionnement\u00a0<\/strong><\/span><\/p>\n<p style=\"text-align: center;\">D\u00e9tails de l&#039;emballage : Emballage avec \u00e9tag\u00e8res en bois<\/p>\n<p style=\"text-align: center;\">Port\u00a0: Foshan, Zhongshan, Shenzhen<\/p>\n<p style=\"text-align: center;\">D\u00e9lai de livraison : environ 25 jours<\/p>\n<p>&nbsp;<\/p>\n<p><img loading=\"lazy\" decoding=\"async\" class=\"aligncenter wp-image-5320 size-full\" src=\"http:\/\/hpott.com\/wp-content\/uploads\/2023\/02\/Packaging-delivery.webp\" alt=\"cuisini\u00e8re \u00e0 induction int\u00e9gr\u00e9e populaire petite table de fondue avec gril\" width=\"750\" height=\"400\" srcset=\"https:\/\/hpott.com\/wp-content\/uploads\/2023\/02\/Packaging-delivery.webp 750w, https:\/\/hpott.com\/wp-content\/uploads\/2023\/02\/Packaging-delivery-300x160.webp 300w, https:\/\/hpott.com\/wp-content\/uploads\/2023\/02\/Packaging-delivery-600x320.webp 600w, https:\/\/hpott.com\/wp-content\/uploads\/2023\/02\/Packaging-delivery-64x34.webp 64w\" sizes=\"auto, (max-width: 750px) 100vw, 750px\" \/><\/p>\n<p style=\"text-align: center;\"><span style=\"color: #ff0000;\"><strong>Cas clients<\/strong><\/span><\/p>\n<p style=\"text-align: center;\">Nous travaillons actuellement avec plus de 500 restaurants<\/p>\n<p><img loading=\"lazy\" decoding=\"async\" class=\"aligncenter wp-image-5321 size-full\" src=\"http:\/\/hpott.com\/wp-content\/uploads\/2023\/02\/Case-Collaboration-.webp\" alt=\"cuisini\u00e8re \u00e0 induction int\u00e9gr\u00e9e populaire petite table de fondue avec gril\" width=\"750\" height=\"750\" srcset=\"https:\/\/hpott.com\/wp-content\/uploads\/2023\/02\/Case-Collaboration-.webp 750w, https:\/\/hpott.com\/wp-content\/uploads\/2023\/02\/Case-Collaboration--300x300.webp 300w, https:\/\/hpott.com\/wp-content\/uploads\/2023\/02\/Case-Collaboration--150x150.webp 150w, https:\/\/hpott.com\/wp-content\/uploads\/2023\/02\/Case-Collaboration--600x600.webp 600w, https:\/\/hpott.com\/wp-content\/uploads\/2023\/02\/Case-Collaboration--100x100.webp 100w, https:\/\/hpott.com\/wp-content\/uploads\/2023\/02\/Case-Collaboration--64x64.webp 64w\" sizes=\"auto, (max-width: 750px) 100vw, 750px\" \/><\/p>","protected":false},"excerpt":{"rendered":"<p><strong>ID du produit\u00a0:\u00a0<\/strong>HP-R05<\/p>\n<p><strong>Taille du produit : <\/strong>Personnalisation<\/p>\n<p><strong>Mat\u00e9riau du plateau de table : <\/strong>Marbre artificiel ou personnalisation<\/p>\n<p>HPOTT peut le personnaliser selon vos besoins<\/p>","protected":false},"featured_media":5344,"template":"","meta":{"_acf_changed":false,"_seopress_robots_primary_cat":"none","_seopress_titles_title":"","_seopress_titles_desc":"","_seopress_robots_index":""},"product_brand":[],"product_cat":[30,32],"product_tag":[],"class_list":{"0":"post-5340","1":"product","2":"type-product","3":"status-publish","4":"has-post-thumbnail","6":"product_cat-hot-pot-table","7":"product_cat-round-hot-pot-tables","9":"first","10":"instock","11":"shipping-taxable","12":"product-type-simple"},"acf":[],"_links":{"self":[{"href":"https:\/\/hpott.com\/fr\/wp-json\/wp\/v2\/product\/5340","targetHints":{"allow":["GET"]}}],"collection":[{"href":"https:\/\/hpott.com\/fr\/wp-json\/wp\/v2\/product"}],"about":[{"href":"https:\/\/hpott.com\/fr\/wp-json\/wp\/v2\/types\/product"}],"wp:featuredmedia":[{"embeddable":true,"href":"https:\/\/hpott.com\/fr\/wp-json\/wp\/v2\/media\/5344"}],"wp:attachment":[{"href":"https:\/\/hpott.com\/fr\/wp-json\/wp\/v2\/media?parent=5340"}],"wp:term":[{"taxonomy":"product_brand","embeddable":true,"href":"https:\/\/hpott.com\/fr\/wp-json\/wp\/v2\/product_brand?post=5340"},{"taxonomy":"product_cat","embeddable":true,"href":"https:\/\/hpott.com\/fr\/wp-json\/wp\/v2\/product_cat?post=5340"},{"taxonomy":"product_tag","embeddable":true,"href":"https:\/\/hpott.com\/fr\/wp-json\/wp\/v2\/product_tag?post=5340"}],"curies":[{"name":"wp","href":"https:\/\/api.w.org\/{rel}","templated":true}]}}