{"id":5468,"date":"2023-03-03T19:20:51","date_gmt":"2023-03-04T03:20:51","guid":{"rendered":"https:\/\/hpott.com\/?post_type=product&#038;p=5468"},"modified":"2023-12-04T22:27:11","modified_gmt":"2023-12-05T06:27:11","slug":"table-de-barbecue-coreenne-dinterieur-table-de-fondue-commerciale-table-de-barbecue-coreenne-integree-a-vendre","status":"publish","type":"product","link":"https:\/\/hpott.com\/fr\/produit\/table-de-barbecue-coreenne-dinterieur-table-de-fondue-commerciale-table-de-barbecue-coreenne-integree-a-vendre\/","title":{"rendered":"Barbecue cor\u00e9en sans fum\u00e9e pour restaurant commercial \u00e0 vendre"},"content":{"rendered":"<p>\u3010Nom\u3011: Table de cuisson pour fondue et barbecue<br \/>\n\u3010Origine\u3011: Guangdong, Chine<br \/>\n\u3010Taille\u3011: 1300X900X760mm\uff08La taille peut \u00eatre personnalis\u00e9e\uff09<br \/>\n\u3010Mat\u00e9riau\u3011: Plateau en marbre + base en acier inoxydable<br \/>\n\u3010Couleur\u3011: Disponible sur demande<br \/>\n\u3010Application\u3011: Restaurant de fondue chinoise, h\u00f4tel, autres restaurants<br \/>\n\u3010Fonctionnalit\u00e9\u3011<br \/>\n01<br \/>\nAnneau d\u00e9coratif int\u00e9gr\u00e9<br \/>\nLe capot de formage int\u00e9gr\u00e9 est fabriqu\u00e9 en acier inoxydable \u00e9paissi, avec une structure de formage parfaitement int\u00e9gr\u00e9e et une position de serrage intime.<br \/>\n02<br \/>\nPurification sans fum\u00e9e<br \/>\nPas besoin d&#039;installer un tuyau d&#039;\u00e9vacuation des fum\u00e9es, utilisation directe d&#039;un purificateur sans fum\u00e9e, \u00e9conomie d&#039;\u00e9nergie et protection de l&#039;environnement, nouvelle mode<br \/>\n03<br \/>\nTable de fondue chinoise sans fum\u00e9e personnalis\u00e9e<br \/>\nS\u00e9lectionnez des mat\u00e9riaux de haute qualit\u00e9, cr\u00e9ez un style chinois simple et moderne, chaleureux, pratique, simple et g\u00e9n\u00e9reux<br \/>\n04<br \/>\nRepose-pieds en acier inoxydable<br \/>\nSupport solide et stable pour la table de la marmite chaude, et il ne tremble pas, vous profitez du repas plus \u00e0 l&#039;aise.<\/p>\n<p><img loading=\"lazy\" decoding=\"async\" class=\"wp-image-5589 size-full aligncenter\" src=\"http:\/\/hpott.com\/wp-content\/uploads\/2023\/03\/Korean-bbq-grill-table-details.webp\" alt=\"Table de barbecue cor\u00e9enne d&#039;int\u00e9rieur, table de fondue commerciale, table de barbecue cor\u00e9enne int\u00e9gr\u00e9e \u00e0 vendre\" width=\"750\" height=\"2316\" srcset=\"https:\/\/hpott.com\/wp-content\/uploads\/2023\/03\/Korean-bbq-grill-table-details.webp 750w, https:\/\/hpott.com\/wp-content\/uploads\/2023\/03\/Korean-bbq-grill-table-details-97x300.webp 97w, https:\/\/hpott.com\/wp-content\/uploads\/2023\/03\/Korean-bbq-grill-table-details-332x1024.webp 332w, https:\/\/hpott.com\/wp-content\/uploads\/2023\/03\/Korean-bbq-grill-table-details-497x1536.webp 497w, https:\/\/hpott.com\/wp-content\/uploads\/2023\/03\/Korean-bbq-grill-table-details-663x2048.webp 663w, https:\/\/hpott.com\/wp-content\/uploads\/2023\/03\/Korean-bbq-grill-table-details-600x1853.webp 600w, https:\/\/hpott.com\/wp-content\/uploads\/2023\/03\/Korean-bbq-grill-table-details-64x198.webp 64w\" sizes=\"auto, (max-width: 750px) 100vw, 750px\" \/> <img loading=\"lazy\" decoding=\"async\" class=\"wp-image-5588 size-full aligncenter\" src=\"http:\/\/hpott.com\/wp-content\/uploads\/2023\/03\/Korean-bbq-grill-table-details\uff081\uff09.webp\" alt=\"Table de barbecue cor\u00e9enne d&#039;int\u00e9rieur, table de fondue commerciale, table de barbecue cor\u00e9enne int\u00e9gr\u00e9e \u00e0 vendre\" width=\"750\" height=\"2176\" srcset=\"https:\/\/hpott.com\/wp-content\/uploads\/2023\/03\/Korean-bbq-grill-table-details\uff081\uff09.webp 750w, https:\/\/hpott.com\/wp-content\/uploads\/2023\/03\/Korean-bbq-grill-table-details\uff081\uff09-103x300.webp 103w, https:\/\/hpott.com\/wp-content\/uploads\/2023\/03\/Korean-bbq-grill-table-details\uff081\uff09-353x1024.webp 353w, https:\/\/hpott.com\/wp-content\/uploads\/2023\/03\/Korean-bbq-grill-table-details\uff081\uff09-529x1536.webp 529w, https:\/\/hpott.com\/wp-content\/uploads\/2023\/03\/Korean-bbq-grill-table-details\uff081\uff09-706x2048.webp 706w, https:\/\/hpott.com\/wp-content\/uploads\/2023\/03\/Korean-bbq-grill-table-details\uff081\uff09-600x1741.webp 600w, https:\/\/hpott.com\/wp-content\/uploads\/2023\/03\/Korean-bbq-grill-table-details\uff081\uff09-64x186.webp 64w\" sizes=\"auto, (max-width: 750px) 100vw, 750px\" \/><\/p>\n<p style=\"text-align: center;\"><strong>Conditionnement\u00a0<\/strong><\/p>\n<p style=\"text-align: center;\">D\u00e9tails de l&#039;emballage : Emballage avec \u00e9tag\u00e8res en bois<\/p>\n<p style=\"text-align: center;\">Port\u00a0: Foshan, Zhongshan, Shenzhen<\/p>\n<p style=\"text-align: center;\">D\u00e9lai de livraison : environ 25 jours<\/p>\n<p style=\"text-align: center;\"><img loading=\"lazy\" decoding=\"async\" class=\"aligncenter wp-image-5320 size-full entered lazyloaded\" src=\"http:\/\/hpott.com\/wp-content\/uploads\/2023\/02\/Packaging-delivery.webp\" sizes=\"auto, (max-width: 750px) 100vw, 750px\" srcset=\"https:\/\/hpott.com\/wp-content\/uploads\/2023\/02\/Packaging-delivery.webp 750w, https:\/\/hpott.com\/wp-content\/uploads\/2023\/02\/Packaging-delivery-300x160.webp 300w, https:\/\/hpott.com\/wp-content\/uploads\/2023\/02\/Packaging-delivery-600x320.webp 600w, https:\/\/hpott.com\/wp-content\/uploads\/2023\/02\/Packaging-delivery-64x34.webp 64w\" alt=\"cuisini\u00e8re \u00e0 induction int\u00e9gr\u00e9e populaire petite table de fondue avec gril\" width=\"750\" height=\"400\" data-lazy-srcset=\"https:\/\/hpott.com\/wp-content\/uploads\/2023\/02\/Packaging-delivery.webp 750w, https:\/\/hpott.com\/wp-content\/uploads\/2023\/02\/Packaging-delivery-300x160.webp 300w, https:\/\/hpott.com\/wp-content\/uploads\/2023\/02\/Packaging-delivery-600x320.webp 600w, https:\/\/hpott.com\/wp-content\/uploads\/2023\/02\/Packaging-delivery-64x34.webp 64w\" data-lazy-sizes=\"(max-width: 750px) 100vw, 750px\" data-lazy-src=\"http:\/\/hpott.com\/wp-content\/uploads\/2023\/02\/Packaging-delivery.webp\" data-ll-status=\"loaded\" \/><\/p>\n<p style=\"text-align: center;\"><strong>Cas clients<\/strong><\/p>\n<p style=\"text-align: center;\">Nous travaillons actuellement avec plus de 500 restaurants<\/p>\n<p><img loading=\"lazy\" decoding=\"async\" class=\"aligncenter wp-image-5321 size-full entered lazyloaded\" src=\"http:\/\/hpott.com\/wp-content\/uploads\/2023\/02\/Case-Collaboration-.webp\" sizes=\"auto, (max-width: 750px) 100vw, 750px\" srcset=\"https:\/\/hpott.com\/wp-content\/uploads\/2023\/02\/Case-Collaboration-.webp 750w, https:\/\/hpott.com\/wp-content\/uploads\/2023\/02\/Case-Collaboration--300x300.webp 300w, https:\/\/hpott.com\/wp-content\/uploads\/2023\/02\/Case-Collaboration--150x150.webp 150w, https:\/\/hpott.com\/wp-content\/uploads\/2023\/02\/Case-Collaboration--600x600.webp 600w, https:\/\/hpott.com\/wp-content\/uploads\/2023\/02\/Case-Collaboration--100x100.webp 100w, https:\/\/hpott.com\/wp-content\/uploads\/2023\/02\/Case-Collaboration--64x64.webp 64w\" alt=\"cuisini\u00e8re \u00e0 induction int\u00e9gr\u00e9e populaire petite table de fondue avec gril\" width=\"750\" height=\"750\" data-lazy-srcset=\"https:\/\/hpott.com\/wp-content\/uploads\/2023\/02\/Case-Collaboration-.webp 750w, https:\/\/hpott.com\/wp-content\/uploads\/2023\/02\/Case-Collaboration--300x300.webp 300w, https:\/\/hpott.com\/wp-content\/uploads\/2023\/02\/Case-Collaboration--150x150.webp 150w, https:\/\/hpott.com\/wp-content\/uploads\/2023\/02\/Case-Collaboration--600x600.webp 600w, https:\/\/hpott.com\/wp-content\/uploads\/2023\/02\/Case-Collaboration--100x100.webp 100w, https:\/\/hpott.com\/wp-content\/uploads\/2023\/02\/Case-Collaboration--64x64.webp 64w\" data-lazy-sizes=\"(max-width: 750px) 100vw, 750px\" data-lazy-src=\"http:\/\/hpott.com\/wp-content\/uploads\/2023\/02\/Case-Collaboration-.webp\" data-ll-status=\"loaded\" \/><\/p>","protected":false},"excerpt":{"rendered":"<p><strong>ID du produit\u00a0:\u00a0<\/strong>HP-C12<\/p>\n<p>Hot pot et barbecue, les ventes directes d&#039;usine de barbecues sans fum\u00e9e cor\u00e9ens et de tables de hot pot peuvent \u00eatre personnalis\u00e9es avec une interface USB, prendre en charge le chargement du t\u00e9l\u00e9phone portable et \u00eatre conviviales.<\/p>","protected":false},"featured_media":5593,"template":"","meta":{"_acf_changed":false,"_seopress_robots_primary_cat":"none","_seopress_titles_title":"Commercial Restaurant Smokeless Korean Barbecue Grill Table For Sale","_seopress_titles_desc":"There are various Korean barbecue grill tables, commercial smokeless grills, and electric, gas, and charcoal types. 1000+ restaurants joined us.","_seopress_robots_index":""},"product_brand":[],"product_cat":[40,30,31,33],"product_tag":[],"class_list":{"0":"post-5468","1":"product","2":"type-product","3":"status-publish","4":"has-post-thumbnail","6":"product_cat-korean-bbq-grill-table","7":"product_cat-hot-pot-table","8":"product_cat-square-hot-pot-tables","9":"product_cat-hot-pot-and-bbq-table","11":"first","12":"instock","13":"shipping-taxable","14":"product-type-simple"},"acf":[],"_links":{"self":[{"href":"https:\/\/hpott.com\/fr\/wp-json\/wp\/v2\/product\/5468","targetHints":{"allow":["GET"]}}],"collection":[{"href":"https:\/\/hpott.com\/fr\/wp-json\/wp\/v2\/product"}],"about":[{"href":"https:\/\/hpott.com\/fr\/wp-json\/wp\/v2\/types\/product"}],"wp:featuredmedia":[{"embeddable":true,"href":"https:\/\/hpott.com\/fr\/wp-json\/wp\/v2\/media\/5593"}],"wp:attachment":[{"href":"https:\/\/hpott.com\/fr\/wp-json\/wp\/v2\/media?parent=5468"}],"wp:term":[{"taxonomy":"product_brand","embeddable":true,"href":"https:\/\/hpott.com\/fr\/wp-json\/wp\/v2\/product_brand?post=5468"},{"taxonomy":"product_cat","embeddable":true,"href":"https:\/\/hpott.com\/fr\/wp-json\/wp\/v2\/product_cat?post=5468"},{"taxonomy":"product_tag","embeddable":true,"href":"https:\/\/hpott.com\/fr\/wp-json\/wp\/v2\/product_tag?post=5468"}],"curies":[{"name":"wp","href":"https:\/\/api.w.org\/{rel}","templated":true}]}}