{"id":5472,"date":"2023-03-03T19:59:33","date_gmt":"2023-03-04T03:59:33","guid":{"rendered":"https:\/\/hpott.com\/?post_type=product&#038;p=5472"},"modified":"2023-12-04T22:23:26","modified_gmt":"2023-12-05T06:23:26","slug":"table-de-fondue-commerciale-mini-cuiseur-de-fondue-pour-restaurant-table-de-fondue","status":"publish","type":"product","link":"https:\/\/hpott.com\/fr\/produit\/table-de-fondue-commerciale-mini-cuiseur-de-fondue-pour-restaurant-table-de-fondue\/","title":{"rendered":"Table de cuisson mini-hot pot \u00e0 installation dissimul\u00e9e et personnalisable"},"content":{"rendered":"<p>\u3010Nom\u3011: Table ronde simple pour fondue chinoise<br \/>\n\u3010Origine\u3011: Guangdong, Chine<br \/>\n\u3010Taille du plateau\u3011: Diam\u00e8tre 1300 mm, 1400 mm, 1500 mm, 1600 mm, 1700 mm, 1800 mm (la taille peut \u00eatre personnalis\u00e9e)<br \/>\n\u3010Mat\u00e9riau\u3011: Plateau en marbre + base en t\u00f4le d&#039;acier peinte<br \/>\n\u3010Couleur\u3011: Disponible sur demande<br \/>\n\u3010Application\u3011: Restaurant de fondue chinoise, h\u00f4tel, autres restaurants<br \/>\n\u3010Fonctionnalit\u00e9\u3011<br \/>\n<strong>01<\/strong><br \/>\n<strong>Anneau d\u00e9coratif int\u00e9gr\u00e9<\/strong><br \/>\nLe capot de formage int\u00e9gr\u00e9 comprend de l&#039;acier inoxydable \u00e9paissi, une structure de formage parfaitement int\u00e9gr\u00e9e et une position de serrage intime.<br \/>\n<strong>02<\/strong><br \/>\n<strong>Purification sans fum\u00e9e<\/strong><br \/>\nPas besoin d&#039;installer un tuyau d&#039;\u00e9vacuation des fum\u00e9es, utilisation directe d&#039;un purificateur sans fum\u00e9e, \u00e9conomie d&#039;\u00e9nergie et protection de l&#039;environnement, nouvelle mode<br \/>\n<strong>03<\/strong><br \/>\n<strong>Table de fondue chinoise sans fum\u00e9e personnalis\u00e9e<\/strong><br \/>\nS\u00e9lectionnez des mat\u00e9riaux de haute qualit\u00e9, cr\u00e9ez un style chinois simple et moderne, chaleureux, pratique, simple et g\u00e9n\u00e9reux<br \/>\n<strong>04<\/strong><br \/>\n<strong>Repose-pieds en acier inoxydable<\/strong><br \/>\nSupport solide et stable pour la table de la marmite, et il ne tremble pas, vous profitez du repas plus facilement.<\/p>\n<p><img loading=\"lazy\" decoding=\"async\" class=\"size-full wp-image-5728 aligncenter\" src=\"http:\/\/hpott.com\/wp-content\/uploads\/2023\/03\/built-in-hot-pot-table-1.webp\" alt=\"table de fondue commerciale mini-cuiseur de fondue pour restaurant table de fondue\" width=\"750\" height=\"2400\" srcset=\"https:\/\/hpott.com\/wp-content\/uploads\/2023\/03\/built-in-hot-pot-table-1.webp 750w, https:\/\/hpott.com\/wp-content\/uploads\/2023\/03\/built-in-hot-pot-table-1-94x300.webp 94w, https:\/\/hpott.com\/wp-content\/uploads\/2023\/03\/built-in-hot-pot-table-1-320x1024.webp 320w, https:\/\/hpott.com\/wp-content\/uploads\/2023\/03\/built-in-hot-pot-table-1-480x1536.webp 480w, https:\/\/hpott.com\/wp-content\/uploads\/2023\/03\/built-in-hot-pot-table-1-640x2048.webp 640w, https:\/\/hpott.com\/wp-content\/uploads\/2023\/03\/built-in-hot-pot-table-1-600x1920.webp 600w, https:\/\/hpott.com\/wp-content\/uploads\/2023\/03\/built-in-hot-pot-table-1-64x205.webp 64w\" sizes=\"auto, (max-width: 750px) 100vw, 750px\" \/><\/p>\n<p style=\"text-align: center;\"><strong>Conditionnement\u00a0<\/strong><\/p>\n<p style=\"text-align: center;\">D\u00e9tails de l&#039;emballage : Emballage avec \u00e9tag\u00e8res en bois<\/p>\n<p style=\"text-align: center;\">Port\u00a0: Foshan, Zhongshan, Shenzhen<\/p>\n<p style=\"text-align: center;\">D\u00e9lai de livraison : environ 25 jours<\/p>\n<p style=\"text-align: center;\"><img loading=\"lazy\" decoding=\"async\" class=\"aligncenter wp-image-5320 size-full entered lazyloaded\" src=\"http:\/\/hpott.com\/wp-content\/uploads\/2023\/02\/Packaging-delivery.webp\" sizes=\"auto, (max-width: 750px) 100vw, 750px\" srcset=\"https:\/\/hpott.com\/wp-content\/uploads\/2023\/02\/Packaging-delivery.webp 750w, https:\/\/hpott.com\/wp-content\/uploads\/2023\/02\/Packaging-delivery-300x160.webp 300w, https:\/\/hpott.com\/wp-content\/uploads\/2023\/02\/Packaging-delivery-600x320.webp 600w, https:\/\/hpott.com\/wp-content\/uploads\/2023\/02\/Packaging-delivery-64x34.webp 64w\" alt=\"cuisini\u00e8re \u00e0 induction int\u00e9gr\u00e9e populaire petite table de fondue avec gril\" width=\"750\" height=\"400\" data-lazy-srcset=\"https:\/\/hpott.com\/wp-content\/uploads\/2023\/02\/Packaging-delivery.webp 750w, https:\/\/hpott.com\/wp-content\/uploads\/2023\/02\/Packaging-delivery-300x160.webp 300w, https:\/\/hpott.com\/wp-content\/uploads\/2023\/02\/Packaging-delivery-600x320.webp 600w, https:\/\/hpott.com\/wp-content\/uploads\/2023\/02\/Packaging-delivery-64x34.webp 64w\" data-lazy-sizes=\"(max-width: 750px) 100vw, 750px\" data-lazy-src=\"http:\/\/hpott.com\/wp-content\/uploads\/2023\/02\/Packaging-delivery.webp\" data-ll-status=\"loaded\" \/><\/p>\n<p style=\"text-align: center;\"><strong>Cas clients<\/strong><\/p>\n<p style=\"text-align: center;\">Nous travaillons actuellement avec plus de 500 restaurants<\/p>\n<p style=\"text-align: center;\"><img loading=\"lazy\" decoding=\"async\" class=\"aligncenter wp-image-5321 size-full entered lazyloaded\" src=\"http:\/\/hpott.com\/wp-content\/uploads\/2023\/02\/Case-Collaboration-.webp\" sizes=\"auto, (max-width: 750px) 100vw, 750px\" srcset=\"https:\/\/hpott.com\/wp-content\/uploads\/2023\/02\/Case-Collaboration-.webp 750w, https:\/\/hpott.com\/wp-content\/uploads\/2023\/02\/Case-Collaboration--300x300.webp 300w, https:\/\/hpott.com\/wp-content\/uploads\/2023\/02\/Case-Collaboration--150x150.webp 150w, https:\/\/hpott.com\/wp-content\/uploads\/2023\/02\/Case-Collaboration--600x600.webp 600w, https:\/\/hpott.com\/wp-content\/uploads\/2023\/02\/Case-Collaboration--100x100.webp 100w, https:\/\/hpott.com\/wp-content\/uploads\/2023\/02\/Case-Collaboration--64x64.webp 64w\" alt=\"cuisini\u00e8re \u00e0 induction int\u00e9gr\u00e9e populaire petite table de fondue avec gril\" width=\"750\" height=\"750\" data-lazy-srcset=\"https:\/\/hpott.com\/wp-content\/uploads\/2023\/02\/Case-Collaboration-.webp 750w, https:\/\/hpott.com\/wp-content\/uploads\/2023\/02\/Case-Collaboration--300x300.webp 300w, https:\/\/hpott.com\/wp-content\/uploads\/2023\/02\/Case-Collaboration--150x150.webp 150w, https:\/\/hpott.com\/wp-content\/uploads\/2023\/02\/Case-Collaboration--600x600.webp 600w, https:\/\/hpott.com\/wp-content\/uploads\/2023\/02\/Case-Collaboration--100x100.webp 100w, https:\/\/hpott.com\/wp-content\/uploads\/2023\/02\/Case-Collaboration--64x64.webp 64w\" data-lazy-sizes=\"(max-width: 750px) 100vw, 750px\" data-lazy-src=\"http:\/\/hpott.com\/wp-content\/uploads\/2023\/02\/Case-Collaboration-.webp\" data-ll-status=\"loaded\" \/><\/p>","protected":false},"excerpt":{"rendered":"<p><strong>ID du produit\u00a0: <\/strong>HP-R06<\/p>\n<p>Nouvelle table de fondue chaude de luxe en marbre sans fum\u00e9e de style chinois, vente directe d&#039;usine personnalis\u00e9e, table de fondue chaude commerciale<\/p>","protected":false},"featured_media":5475,"template":"","meta":{"_acf_changed":false,"_seopress_robots_primary_cat":"none","_seopress_titles_title":"","_seopress_titles_desc":"","_seopress_robots_index":""},"product_brand":[],"product_cat":[30,32],"product_tag":[],"class_list":{"0":"post-5472","1":"product","2":"type-product","3":"status-publish","4":"has-post-thumbnail","6":"product_cat-hot-pot-table","7":"product_cat-round-hot-pot-tables","9":"first","10":"instock","11":"shipping-taxable","12":"product-type-simple"},"acf":[],"_links":{"self":[{"href":"https:\/\/hpott.com\/fr\/wp-json\/wp\/v2\/product\/5472","targetHints":{"allow":["GET"]}}],"collection":[{"href":"https:\/\/hpott.com\/fr\/wp-json\/wp\/v2\/product"}],"about":[{"href":"https:\/\/hpott.com\/fr\/wp-json\/wp\/v2\/types\/product"}],"wp:featuredmedia":[{"embeddable":true,"href":"https:\/\/hpott.com\/fr\/wp-json\/wp\/v2\/media\/5475"}],"wp:attachment":[{"href":"https:\/\/hpott.com\/fr\/wp-json\/wp\/v2\/media?parent=5472"}],"wp:term":[{"taxonomy":"product_brand","embeddable":true,"href":"https:\/\/hpott.com\/fr\/wp-json\/wp\/v2\/product_brand?post=5472"},{"taxonomy":"product_cat","embeddable":true,"href":"https:\/\/hpott.com\/fr\/wp-json\/wp\/v2\/product_cat?post=5472"},{"taxonomy":"product_tag","embeddable":true,"href":"https:\/\/hpott.com\/fr\/wp-json\/wp\/v2\/product_tag?post=5472"}],"curies":[{"name":"wp","href":"https:\/\/api.w.org\/{rel}","templated":true}]}}