{"id":5564,"date":"2023-03-16T01:32:15","date_gmt":"2023-03-16T09:32:15","guid":{"rendered":"https:\/\/hpott.com\/?post_type=product&#038;p=5564"},"modified":"2023-06-15T01:55:02","modified_gmt":"2023-06-15T09:55:02","slug":"barbecue-electrique-coreen-equipement-de-restaurant","status":"publish","type":"product","link":"https:\/\/hpott.com\/fr\/produit\/barbecue-electrique-coreen-equipement-de-restaurant\/","title":{"rendered":"Barbecue \u00e9lectrique cor\u00e9en sans fum\u00e9e, \u00e9quipement de restaurant"},"content":{"rendered":"<p><strong>Taille du produit :<\/strong> 610X385X240mm<br \/>\n<strong>Pouvoir:<\/strong> 3000w<br \/>\n<strong>Taille du trou :<\/strong> 580X330mm<\/p>\n<p><strong>Mat\u00e9riel:<\/strong> Acier inoxydable<\/p>\n<p><strong>M\u00e9thode d&#039;exp\u00e9dition :<\/strong> par mer ou selon les besoins<\/p>\n<p><strong>D\u00e9lais de livraison :<\/strong> environ 25 jours, ou selon le nombre de produits<\/p>\n<p><img loading=\"lazy\" decoding=\"async\" class=\"alignnone wp-image-5571 size-full\" src=\"http:\/\/hpott.com\/wp-content\/uploads\/2023\/03\/610-Korean-BBQ-grill-1.webp\" alt=\"barbecue \u00e9lectrique cor\u00e9en pour restaurant\" width=\"750\" height=\"1034\" srcset=\"https:\/\/hpott.com\/wp-content\/uploads\/2023\/03\/610-Korean-BBQ-grill-1.webp 750w, https:\/\/hpott.com\/wp-content\/uploads\/2023\/03\/610-Korean-BBQ-grill-1-218x300.webp 218w, https:\/\/hpott.com\/wp-content\/uploads\/2023\/03\/610-Korean-BBQ-grill-1-743x1024.webp 743w, https:\/\/hpott.com\/wp-content\/uploads\/2023\/03\/610-Korean-BBQ-grill-1-600x827.webp 600w, https:\/\/hpott.com\/wp-content\/uploads\/2023\/03\/610-Korean-BBQ-grill-1-64x88.webp 64w\" sizes=\"auto, (max-width: 750px) 100vw, 750px\" \/><\/p>\n<p><img loading=\"lazy\" decoding=\"async\" class=\"alignnone wp-image-5572 size-full\" src=\"http:\/\/hpott.com\/wp-content\/uploads\/2023\/03\/610-Korean-BBQ-grill-2.webp\" alt=\"barbecue \u00e9lectrique cor\u00e9en pour restaurant\" width=\"750\" height=\"950\" srcset=\"https:\/\/hpott.com\/wp-content\/uploads\/2023\/03\/610-Korean-BBQ-grill-2.webp 750w, https:\/\/hpott.com\/wp-content\/uploads\/2023\/03\/610-Korean-BBQ-grill-2-237x300.webp 237w, https:\/\/hpott.com\/wp-content\/uploads\/2023\/03\/610-Korean-BBQ-grill-2-600x760.webp 600w, https:\/\/hpott.com\/wp-content\/uploads\/2023\/03\/610-Korean-BBQ-grill-2-64x81.webp 64w\" sizes=\"auto, (max-width: 750px) 100vw, 750px\" \/><\/p>","protected":false},"excerpt":{"rendered":"<p><strong>ID du produit\u00a0:<\/strong> HP-E610<\/p>\n<p><strong>Fonctionnalit\u00e9:<\/strong> Vitesse de chauffage rapide, une \u00e9vacuation des fum\u00e9es par le haut ou par le bas est recommand\u00e9e<\/p>","protected":false},"featured_media":5569,"template":"","meta":{"_acf_changed":false,"_seopress_robots_primary_cat":"none","_seopress_titles_title":"","_seopress_titles_desc":"","_seopress_robots_index":""},"product_brand":[],"product_cat":[37,36],"product_tag":[],"class_list":{"0":"post-5564","1":"product","2":"type-product","3":"status-publish","4":"has-post-thumbnail","6":"product_cat-bbq-grill","7":"product_cat-electric-bbq-grill","9":"first","10":"instock","11":"shipping-taxable","12":"product-type-simple"},"acf":[],"_links":{"self":[{"href":"https:\/\/hpott.com\/fr\/wp-json\/wp\/v2\/product\/5564","targetHints":{"allow":["GET"]}}],"collection":[{"href":"https:\/\/hpott.com\/fr\/wp-json\/wp\/v2\/product"}],"about":[{"href":"https:\/\/hpott.com\/fr\/wp-json\/wp\/v2\/types\/product"}],"wp:featuredmedia":[{"embeddable":true,"href":"https:\/\/hpott.com\/fr\/wp-json\/wp\/v2\/media\/5569"}],"wp:attachment":[{"href":"https:\/\/hpott.com\/fr\/wp-json\/wp\/v2\/media?parent=5564"}],"wp:term":[{"taxonomy":"product_brand","embeddable":true,"href":"https:\/\/hpott.com\/fr\/wp-json\/wp\/v2\/product_brand?post=5564"},{"taxonomy":"product_cat","embeddable":true,"href":"https:\/\/hpott.com\/fr\/wp-json\/wp\/v2\/product_cat?post=5564"},{"taxonomy":"product_tag","embeddable":true,"href":"https:\/\/hpott.com\/fr\/wp-json\/wp\/v2\/product_tag?post=5564"}],"curies":[{"name":"wp","href":"https:\/\/api.w.org\/{rel}","templated":true}]}}