{"id":5595,"date":"2023-04-21T01:51:54","date_gmt":"2023-04-21T09:51:54","guid":{"rendered":"https:\/\/hpott.com\/?post_type=product&#038;p=5595"},"modified":"2023-06-30T22:27:48","modified_gmt":"2023-07-01T06:27:48","slug":"petite-plaque-de-cuisson-a-induction-portable-de-2-000-w","status":"publish","type":"product","link":"https:\/\/hpott.com\/fr\/produit\/petite-plaque-de-cuisson-a-induction-portable-de-2-000-w\/","title":{"rendered":"Petite plaque de cuisson \u00e0 induction Hotpot 2000 W avec anneau en acier inoxydable"},"content":{"rendered":"<p>\u3010<strong>Nom<\/strong>\u3011: Cuisini\u00e8re \u00e0 induction pour hot pot<br \/>\n\u3010<strong>Origine<\/strong>\u3011: Guangdong, Chine<br \/>\n\u3010<strong>Tension<\/strong>\u3011: 220-240V~50\/60 Hz<br \/>\n\u3010<strong>Pouvoir<\/strong>\u3011: 2000w<\/p>\n<p>\u3010<strong>Bague en acier inoxydable<\/strong>\u3011<strong>:\u00a0<\/strong>rond ou carr\u00e9 disponible<\/p>\n<h3><em><strong>Fonctionnalit\u00e9<\/strong><\/em><\/h3>\n<ul>\n<li><em>Forme en plastique pour encastrement<\/em><\/li>\n<li><em>Affichage LED<\/em><\/li>\n<li><em>5 \u00e9tapes de r\u00e9glage de la puissance<\/em><\/li>\n<li><em>Arr\u00eat automatique en cas de surcharge et multi-protection<\/em><\/li>\n<li><em>Dimensions de la plaque de verre : Diam\u00e8tre 288 mm<\/em><\/li>\n<\/ul>\n<p><img loading=\"lazy\" decoding=\"async\" class=\"alignnone wp-image-5540 size-full\" src=\"http:\/\/hpott.com\/wp-content\/uploads\/2022\/11\/induction-cooker-optional-1.webp\" alt=\"meilleure cuisini\u00e8re \u00e0 induction pour hot pot table de cuisson \u00e0 induction portable\" width=\"750\" height=\"990\" srcset=\"https:\/\/hpott.com\/wp-content\/uploads\/2022\/11\/induction-cooker-optional-1.webp 750w, https:\/\/hpott.com\/wp-content\/uploads\/2022\/11\/induction-cooker-optional-1-227x300.webp 227w, https:\/\/hpott.com\/wp-content\/uploads\/2022\/11\/induction-cooker-optional-1-600x792.webp 600w, https:\/\/hpott.com\/wp-content\/uploads\/2022\/11\/induction-cooker-optional-1-64x84.webp 64w\" sizes=\"auto, (max-width: 750px) 100vw, 750px\" \/><\/p>","protected":false},"excerpt":{"rendered":"<p><strong>ID du produit\u00a0:\u00a0<\/strong>HP-IC2000<\/p>\n<p>Meilleure cuisini\u00e8re \u00e0 induction pour table encastr\u00e9e<\/p>","protected":false},"featured_media":5839,"template":"","meta":{"_acf_changed":false,"_seopress_robots_primary_cat":"none","_seopress_titles_title":"","_seopress_titles_desc":"","_seopress_robots_index":""},"product_brand":[],"product_cat":[35,42],"product_tag":[],"class_list":{"0":"post-5595","1":"product","2":"type-product","3":"status-publish","4":"has-post-thumbnail","6":"product_cat-induction-cooker","7":"product_cat-hot-pot-induction-cooker","9":"first","10":"instock","11":"shipping-taxable","12":"product-type-simple"},"acf":[],"_links":{"self":[{"href":"https:\/\/hpott.com\/fr\/wp-json\/wp\/v2\/product\/5595","targetHints":{"allow":["GET"]}}],"collection":[{"href":"https:\/\/hpott.com\/fr\/wp-json\/wp\/v2\/product"}],"about":[{"href":"https:\/\/hpott.com\/fr\/wp-json\/wp\/v2\/types\/product"}],"wp:featuredmedia":[{"embeddable":true,"href":"https:\/\/hpott.com\/fr\/wp-json\/wp\/v2\/media\/5839"}],"wp:attachment":[{"href":"https:\/\/hpott.com\/fr\/wp-json\/wp\/v2\/media?parent=5595"}],"wp:term":[{"taxonomy":"product_brand","embeddable":true,"href":"https:\/\/hpott.com\/fr\/wp-json\/wp\/v2\/product_brand?post=5595"},{"taxonomy":"product_cat","embeddable":true,"href":"https:\/\/hpott.com\/fr\/wp-json\/wp\/v2\/product_cat?post=5595"},{"taxonomy":"product_tag","embeddable":true,"href":"https:\/\/hpott.com\/fr\/wp-json\/wp\/v2\/product_tag?post=5595"}],"curies":[{"name":"wp","href":"https:\/\/api.w.org\/{rel}","templated":true}]}}