{"id":5601,"date":"2023-04-24T20:03:59","date_gmt":"2023-04-25T04:03:59","guid":{"rendered":"https:\/\/hpott.com\/?post_type=product&#038;p=5601"},"modified":"2023-12-04T22:49:20","modified_gmt":"2023-12-05T06:49:20","slug":"plaque-de-cuisson-a-induction-simple-800-w-electrique-invisible","status":"publish","type":"product","link":"https:\/\/hpott.com\/fr\/produit\/plaque-de-cuisson-a-induction-simple-800-w-electrique-invisible\/","title":{"rendered":"Plaque de cuisson \u00e0 induction \u00e9lectrique invisible 800 W"},"content":{"rendered":"<p>\u3010<strong>Nom<\/strong>\u3011: Cuisini\u00e8re \u00e0 induction pour hot pot<\/p>\n<p>\u3010<strong>Origine<\/strong>\u3011: Guangdong, Chine<\/p>\n<p>\u3010<strong>Tension<\/strong>\u3011: 220-240V~50, 60 Hz<\/p>\n<p>\u3010<strong>Pouvoir<\/strong>\u3011: 800w<\/p>\n<p>\u3010<strong>Taille<\/strong>\u3011: Diam\u00e8tre 196<em>mm<\/em><\/p>\n<p>\u3010<strong>Bague en acier inoxydable<\/strong>\u3011<strong>:\u00a0<\/strong>rond ou carr\u00e9 disponible<\/p>\n<h3><em><strong>Fonctionnalit\u00e9<\/strong><\/em><\/h3>\n<ul>\n<li><em>Forme en plastique pour encastrement<\/em><\/li>\n<li><em>Affichage LED<\/em><\/li>\n<li><em>5 \u00e9tapes de r\u00e9glage de la puissance<\/em><\/li>\n<li><em>Arr\u00eat automatique en cas de surcharge et multi-protection<\/em><\/li>\n<li><em>Dimensions de la plaque de verre : Diam\u00e8tre 288 mm<\/em><\/li>\n<\/ul>\n<p><img loading=\"lazy\" decoding=\"async\" class=\"size-full wp-image-5646\" src=\"http:\/\/hpott.com\/wp-content\/uploads\/2023\/04\/hotpot-induction-cooker.webp\" alt=\"Plaque de cuisson \u00e0 induction \u00e9lectrique invisible Singer 2000 W\" width=\"750\" height=\"1518\" srcset=\"https:\/\/hpott.com\/wp-content\/uploads\/2023\/04\/hotpot-induction-cooker.webp 750w, https:\/\/hpott.com\/wp-content\/uploads\/2023\/04\/hotpot-induction-cooker-148x300.webp 148w, https:\/\/hpott.com\/wp-content\/uploads\/2023\/04\/hotpot-induction-cooker-506x1024.webp 506w, https:\/\/hpott.com\/wp-content\/uploads\/2023\/04\/hotpot-induction-cooker-600x1214.webp 600w, https:\/\/hpott.com\/wp-content\/uploads\/2023\/04\/hotpot-induction-cooker-64x130.webp 64w\" sizes=\"auto, (max-width: 750px) 100vw, 750px\" \/><\/p>\n<p><img loading=\"lazy\" decoding=\"async\" class=\"size-full wp-image-5647\" src=\"http:\/\/hpott.com\/wp-content\/uploads\/2023\/04\/hotpot-induction-cooker-1.webp\" alt=\"Plaque de cuisson \u00e0 induction \u00e9lectrique invisible Singer 2000 W\" width=\"750\" height=\"2488\" srcset=\"https:\/\/hpott.com\/wp-content\/uploads\/2023\/04\/hotpot-induction-cooker-1.webp 750w, https:\/\/hpott.com\/wp-content\/uploads\/2023\/04\/hotpot-induction-cooker-1-90x300.webp 90w, https:\/\/hpott.com\/wp-content\/uploads\/2023\/04\/hotpot-induction-cooker-1-309x1024.webp 309w, https:\/\/hpott.com\/wp-content\/uploads\/2023\/04\/hotpot-induction-cooker-1-463x1536.webp 463w, https:\/\/hpott.com\/wp-content\/uploads\/2023\/04\/hotpot-induction-cooker-1-617x2048.webp 617w, https:\/\/hpott.com\/wp-content\/uploads\/2023\/04\/hotpot-induction-cooker-1-600x1990.webp 600w, https:\/\/hpott.com\/wp-content\/uploads\/2023\/04\/hotpot-induction-cooker-1-64x212.webp 64w\" sizes=\"auto, (max-width: 750px) 100vw, 750px\" \/><\/p>","protected":false},"excerpt":{"rendered":"<p><strong>ID du produit\u00a0:\u00a0<\/strong>HP-IC2000<\/p>\n<p><strong><b>Noir import\u00e9<\/b><\/strong><strong><b>\u00a0cristal <\/b><\/strong><strong><b>planche, pas de d\u00e9coloration, pas de jaunissement, r\u00e9sistance aux hautes temp\u00e9ratures, facile \u00e0 nettoyer<\/b><\/strong><\/p>","protected":false},"featured_media":5838,"template":"","meta":{"_acf_changed":false,"_seopress_robots_primary_cat":"none","_seopress_titles_title":"Hot POT Induction Cooker Restaurant Hotpot Induction Cooker","_seopress_titles_desc":"800w 1500w 2000w 3000w commercial hot pot induction cooker, restaurant hotpot induction cooker, factory direct sales, logo available.","_seopress_robots_index":""},"product_brand":[],"product_cat":[35,42],"product_tag":[],"class_list":{"0":"post-5601","1":"product","2":"type-product","3":"status-publish","4":"has-post-thumbnail","6":"product_cat-induction-cooker","7":"product_cat-hot-pot-induction-cooker","9":"first","10":"instock","11":"shipping-taxable","12":"product-type-simple"},"acf":[],"_links":{"self":[{"href":"https:\/\/hpott.com\/fr\/wp-json\/wp\/v2\/product\/5601","targetHints":{"allow":["GET"]}}],"collection":[{"href":"https:\/\/hpott.com\/fr\/wp-json\/wp\/v2\/product"}],"about":[{"href":"https:\/\/hpott.com\/fr\/wp-json\/wp\/v2\/types\/product"}],"wp:featuredmedia":[{"embeddable":true,"href":"https:\/\/hpott.com\/fr\/wp-json\/wp\/v2\/media\/5838"}],"wp:attachment":[{"href":"https:\/\/hpott.com\/fr\/wp-json\/wp\/v2\/media?parent=5601"}],"wp:term":[{"taxonomy":"product_brand","embeddable":true,"href":"https:\/\/hpott.com\/fr\/wp-json\/wp\/v2\/product_brand?post=5601"},{"taxonomy":"product_cat","embeddable":true,"href":"https:\/\/hpott.com\/fr\/wp-json\/wp\/v2\/product_cat?post=5601"},{"taxonomy":"product_tag","embeddable":true,"href":"https:\/\/hpott.com\/fr\/wp-json\/wp\/v2\/product_tag?post=5601"}],"curies":[{"name":"wp","href":"https:\/\/api.w.org\/{rel}","templated":true}]}}