{"id":5743,"date":"2023-06-10T02:03:44","date_gmt":"2023-06-10T10:03:44","guid":{"rendered":"https:\/\/hpott.com\/?post_type=product&#038;p=5743"},"modified":"2023-06-15T23:27:17","modified_gmt":"2023-06-16T07:27:17","slug":"table-de-barbecue-coreenne-shabu-shabu-table-de-fondue-chinoise-avec-plaque-a-induction","status":"publish","type":"product","link":"https:\/\/hpott.com\/fr\/produit\/table-de-barbecue-coreenne-shabu-shabu-table-de-fondue-chinoise-avec-plaque-a-induction\/","title":{"rendered":"Table de barbecue cor\u00e9enne SHABU SHABU Table de fondue chinoise avec cuisini\u00e8re \u00e0 induction"},"content":{"rendered":"<h2>Informations Compl\u00e9mentaires<\/h2>\n<p>\u3010Nom\u3011: Table de cuisson pour fondue et barbecue<br \/>\n\u3010Origine\u3011: Guangdong, Chine<br \/>\n\u3010Taille\u3011: 2100X900X760mm\uff08La taille peut \u00eatre personnalis\u00e9e\uff09<br \/>\n\u3010Mat\u00e9riau\u3011: Plateau en marbre + base en acier inoxydable<br \/>\n\u3010Couleur\u3011: Disponible sur demande<br \/>\n\u3010Application\u3011: Restaurant de fondue chinoise, h\u00f4tel, autres restaurants<br \/>\n\u3010Fonctionnalit\u00e9\u3011<br \/>\n01<br \/>\nAnneau d\u00e9coratif int\u00e9gr\u00e9<br \/>\nLe capot de formage int\u00e9gr\u00e9 comprend de l&#039;acier inoxydable \u00e9paissi, une structure de formage parfaitement int\u00e9gr\u00e9e et une position de serrage intime.<br \/>\n02<br \/>\nPurification sans fum\u00e9e<br \/>\nPas besoin d&#039;installer un tuyau d&#039;\u00e9vacuation des fum\u00e9es, utilisation directe d&#039;un purificateur sans fum\u00e9e, \u00e9conomie d&#039;\u00e9nergie et protection de l&#039;environnement, nouvelle mode<br \/>\n03<br \/>\nTable de fondue chinoise sans fum\u00e9e personnalis\u00e9e<br \/>\nS\u00e9lectionnez des mat\u00e9riaux de haute qualit\u00e9, cr\u00e9ez un style chinois simple et moderne, chaleureux, pratique, simple et g\u00e9n\u00e9reux<br \/>\n04<br \/>\nRepose-pieds en acier inoxydable<br \/>\nSupport solide et stable pour la table de la marmite, et il ne tremble pas, vous profitez du repas plus facilement.<\/p>\n<p><img loading=\"lazy\" decoding=\"async\" class=\"wp-image-5749 size-full\" src=\"http:\/\/hpott.com\/wp-content\/uploads\/2023\/06\/big-hot-pot-table-scaled.webp\" alt=\"table de barbecue cor\u00e9enne shabu shabu table de fondue chinoise avec plaque \u00e0 induction\" width=\"686\" height=\"2560\" srcset=\"https:\/\/hpott.com\/wp-content\/uploads\/2023\/06\/big-hot-pot-table-scaled.webp 686w, https:\/\/hpott.com\/wp-content\/uploads\/2023\/06\/big-hot-pot-table-80x300.webp 80w, https:\/\/hpott.com\/wp-content\/uploads\/2023\/06\/big-hot-pot-table-274x1024.webp 274w, https:\/\/hpott.com\/wp-content\/uploads\/2023\/06\/big-hot-pot-table-549x2048.webp 549w, https:\/\/hpott.com\/wp-content\/uploads\/2023\/06\/big-hot-pot-table-600x2240.webp 600w, https:\/\/hpott.com\/wp-content\/uploads\/2023\/06\/big-hot-pot-table-64x239.webp 64w\" sizes=\"auto, (max-width: 686px) 100vw, 686px\" \/><\/p>","protected":false},"excerpt":{"rendered":"<p><strong>ID du produit\u00a0:\u00a0 <\/strong>HP-C15<\/p>\n<p>Table de barbecue et de fondue cor\u00e9enne \u00e0 vendre<\/p>","protected":false},"featured_media":5746,"template":"","meta":{"_acf_changed":false,"_seopress_robots_primary_cat":"none","_seopress_titles_title":"","_seopress_titles_desc":"","_seopress_robots_index":""},"product_brand":[],"product_cat":[33],"product_tag":[],"class_list":{"0":"post-5743","1":"product","2":"type-product","3":"status-publish","4":"has-post-thumbnail","6":"product_cat-hot-pot-and-bbq-table","8":"first","9":"instock","10":"shipping-taxable","11":"product-type-simple"},"acf":[],"_links":{"self":[{"href":"https:\/\/hpott.com\/fr\/wp-json\/wp\/v2\/product\/5743","targetHints":{"allow":["GET"]}}],"collection":[{"href":"https:\/\/hpott.com\/fr\/wp-json\/wp\/v2\/product"}],"about":[{"href":"https:\/\/hpott.com\/fr\/wp-json\/wp\/v2\/types\/product"}],"wp:featuredmedia":[{"embeddable":true,"href":"https:\/\/hpott.com\/fr\/wp-json\/wp\/v2\/media\/5746"}],"wp:attachment":[{"href":"https:\/\/hpott.com\/fr\/wp-json\/wp\/v2\/media?parent=5743"}],"wp:term":[{"taxonomy":"product_brand","embeddable":true,"href":"https:\/\/hpott.com\/fr\/wp-json\/wp\/v2\/product_brand?post=5743"},{"taxonomy":"product_cat","embeddable":true,"href":"https:\/\/hpott.com\/fr\/wp-json\/wp\/v2\/product_cat?post=5743"},{"taxonomy":"product_tag","embeddable":true,"href":"https:\/\/hpott.com\/fr\/wp-json\/wp\/v2\/product_tag?post=5743"}],"curies":[{"name":"wp","href":"https:\/\/api.w.org\/{rel}","templated":true}]}}