{"id":5772,"date":"2023-06-17T02:14:22","date_gmt":"2023-06-17T10:14:22","guid":{"rendered":"https:\/\/hpott.com\/?post_type=product&#038;p=5772"},"modified":"2023-11-01T00:39:46","modified_gmt":"2023-11-01T08:39:46","slug":"barbecue-a-gaz-gpl-de-table-encastre-en-gros-avec-friteuse","status":"publish","type":"product","link":"https:\/\/hpott.com\/fr\/produit\/barbecue-a-gaz-gpl-de-table-encastre-en-gros-avec-friteuse\/","title":{"rendered":"Nouveau produit : barbecue \u00e0 gaz GPL int\u00e9gr\u00e9 avec friteuse"},"content":{"rendered":"<p>1. Mat\u00e9riau du bo\u00eetier : acier inoxydable 201<br \/>\n2. Taille de la friteuse : 17,6 x 16,2 x 15 cm<br \/>\n3. Taille du po\u00eale : Diam\u00e8tre 12 cm<br \/>\n4. Taille int\u00e9gr\u00e9e : 610X390mm<br \/>\n5. Taille du produit : 64X43X20cm<br \/>\n6. Avec un contr\u00f4leur La longueur est de 89,5 cm<br \/>\n7. Type GPL<\/p>","protected":false},"excerpt":{"rendered":"<p><strong>ID du produit\u00a0: HP-G06<\/strong><\/p>\n<p>Barbecue \u00e0 GAZ avec friteuse, table personnalis\u00e9e, y compris le plateau de table, les pieds de table, les cuisini\u00e8res, les couleurs du bureau, etc.<\/p>","protected":false},"featured_media":5778,"template":"","meta":{"_acf_changed":false,"_seopress_robots_primary_cat":"none","_seopress_titles_title":"New Product Built In LPG Gas BBQ Grill Table With Fryer","_seopress_titles_desc":"","_seopress_robots_index":""},"product_brand":[],"product_cat":[40,37,34],"product_tag":[],"class_list":{"0":"post-5772","1":"product","2":"type-product","3":"status-publish","4":"has-post-thumbnail","6":"product_cat-korean-bbq-grill-table","7":"product_cat-bbq-grill","8":"product_cat-gas-bbq-grill","10":"first","11":"instock","12":"shipping-taxable","13":"product-type-simple"},"acf":[],"_links":{"self":[{"href":"https:\/\/hpott.com\/fr\/wp-json\/wp\/v2\/product\/5772","targetHints":{"allow":["GET"]}}],"collection":[{"href":"https:\/\/hpott.com\/fr\/wp-json\/wp\/v2\/product"}],"about":[{"href":"https:\/\/hpott.com\/fr\/wp-json\/wp\/v2\/types\/product"}],"wp:featuredmedia":[{"embeddable":true,"href":"https:\/\/hpott.com\/fr\/wp-json\/wp\/v2\/media\/5778"}],"wp:attachment":[{"href":"https:\/\/hpott.com\/fr\/wp-json\/wp\/v2\/media?parent=5772"}],"wp:term":[{"taxonomy":"product_brand","embeddable":true,"href":"https:\/\/hpott.com\/fr\/wp-json\/wp\/v2\/product_brand?post=5772"},{"taxonomy":"product_cat","embeddable":true,"href":"https:\/\/hpott.com\/fr\/wp-json\/wp\/v2\/product_cat?post=5772"},{"taxonomy":"product_tag","embeddable":true,"href":"https:\/\/hpott.com\/fr\/wp-json\/wp\/v2\/product_tag?post=5772"}],"curies":[{"name":"wp","href":"https:\/\/api.w.org\/{rel}","templated":true}]}}