{"id":5784,"date":"2023-06-19T00:04:34","date_gmt":"2023-06-19T08:04:34","guid":{"rendered":"https:\/\/hpott.com\/?post_type=product&#038;p=5784"},"modified":"2023-06-19T00:04:34","modified_gmt":"2023-06-19T08:04:34","slug":"table-de-cuisson-infrarouge-electrique-integree-pour-restaurant","status":"publish","type":"product","link":"https:\/\/hpott.com\/fr\/produit\/table-de-cuisson-infrarouge-electrique-integree-pour-restaurant\/","title":{"rendered":"Table de cuisson infrarouge \u00e9lectrique int\u00e9gr\u00e9e pour restaurant"},"content":{"rendered":"<p><img loading=\"lazy\" decoding=\"async\" class=\"size-full wp-image-5792\" src=\"http:\/\/hpott.com\/wp-content\/uploads\/2023\/06\/Infrared-cooker-hotpot-table.webp\" alt=\"table de cuisson infrarouge \u00e9lectrique int\u00e9gr\u00e9e pour restaurant\" width=\"750\" height=\"1018\" srcset=\"https:\/\/hpott.com\/wp-content\/uploads\/2023\/06\/Infrared-cooker-hotpot-table.webp 750w, https:\/\/hpott.com\/wp-content\/uploads\/2023\/06\/Infrared-cooker-hotpot-table-221x300.webp 221w, https:\/\/hpott.com\/wp-content\/uploads\/2023\/06\/Infrared-cooker-hotpot-table-600x814.webp 600w, https:\/\/hpott.com\/wp-content\/uploads\/2023\/06\/Infrared-cooker-hotpot-table-64x87.webp 64w\" sizes=\"auto, (max-width: 750px) 100vw, 750px\" \/><\/p>\n<p><img loading=\"lazy\" decoding=\"async\" class=\"size-full wp-image-5790\" src=\"http:\/\/hpott.com\/wp-content\/uploads\/2023\/06\/Infrared-cooker-hotpot-table-1.webp\" alt=\"table de cuisson infrarouge \u00e9lectrique int\u00e9gr\u00e9e pour restaurant\" width=\"750\" height=\"1351\" srcset=\"https:\/\/hpott.com\/wp-content\/uploads\/2023\/06\/Infrared-cooker-hotpot-table-1.webp 750w, https:\/\/hpott.com\/wp-content\/uploads\/2023\/06\/Infrared-cooker-hotpot-table-1-167x300.webp 167w, https:\/\/hpott.com\/wp-content\/uploads\/2023\/06\/Infrared-cooker-hotpot-table-1-568x1024.webp 568w, https:\/\/hpott.com\/wp-content\/uploads\/2023\/06\/Infrared-cooker-hotpot-table-1-600x1081.webp 600w, https:\/\/hpott.com\/wp-content\/uploads\/2023\/06\/Infrared-cooker-hotpot-table-1-64x115.webp 64w\" sizes=\"auto, (max-width: 750px) 100vw, 750px\" \/><\/p>\n<p><img loading=\"lazy\" decoding=\"async\" class=\"size-full wp-image-5791\" src=\"http:\/\/hpott.com\/wp-content\/uploads\/2023\/06\/Infrared-cooker-hotpot-table-2.webp\" alt=\"table de cuisson infrarouge \u00e9lectrique int\u00e9gr\u00e9e pour restaurant\" width=\"750\" height=\"1431\" srcset=\"https:\/\/hpott.com\/wp-content\/uploads\/2023\/06\/Infrared-cooker-hotpot-table-2.webp 750w, https:\/\/hpott.com\/wp-content\/uploads\/2023\/06\/Infrared-cooker-hotpot-table-2-157x300.webp 157w, https:\/\/hpott.com\/wp-content\/uploads\/2023\/06\/Infrared-cooker-hotpot-table-2-537x1024.webp 537w, https:\/\/hpott.com\/wp-content\/uploads\/2023\/06\/Infrared-cooker-hotpot-table-2-600x1145.webp 600w, https:\/\/hpott.com\/wp-content\/uploads\/2023\/06\/Infrared-cooker-hotpot-table-2-64x122.webp 64w\" sizes=\"auto, (max-width: 750px) 100vw, 750px\" \/><\/p>","protected":false},"excerpt":{"rendered":"<p><strong>ID du produit\u00a0: <\/strong>HP-S15<\/p>\n<p>Table de fondue en gros d&#039;usine avec cuisini\u00e8re infrarouge, prend en charge toutes sortes de personnalisations.<\/p>\n<p>Renseignez-vous pour nous rejoindre.<\/p>","protected":false},"featured_media":5783,"template":"","meta":{"_acf_changed":false,"_seopress_robots_primary_cat":"none","_seopress_titles_title":"","_seopress_titles_desc":"","_seopress_robots_index":""},"product_brand":[],"product_cat":[30,31],"product_tag":[],"class_list":{"0":"post-5784","1":"product","2":"type-product","3":"status-publish","4":"has-post-thumbnail","6":"product_cat-hot-pot-table","7":"product_cat-square-hot-pot-tables","9":"first","10":"instock","11":"shipping-taxable","12":"product-type-simple"},"acf":[],"_links":{"self":[{"href":"https:\/\/hpott.com\/fr\/wp-json\/wp\/v2\/product\/5784","targetHints":{"allow":["GET"]}}],"collection":[{"href":"https:\/\/hpott.com\/fr\/wp-json\/wp\/v2\/product"}],"about":[{"href":"https:\/\/hpott.com\/fr\/wp-json\/wp\/v2\/types\/product"}],"wp:featuredmedia":[{"embeddable":true,"href":"https:\/\/hpott.com\/fr\/wp-json\/wp\/v2\/media\/5783"}],"wp:attachment":[{"href":"https:\/\/hpott.com\/fr\/wp-json\/wp\/v2\/media?parent=5784"}],"wp:term":[{"taxonomy":"product_brand","embeddable":true,"href":"https:\/\/hpott.com\/fr\/wp-json\/wp\/v2\/product_brand?post=5784"},{"taxonomy":"product_cat","embeddable":true,"href":"https:\/\/hpott.com\/fr\/wp-json\/wp\/v2\/product_cat?post=5784"},{"taxonomy":"product_tag","embeddable":true,"href":"https:\/\/hpott.com\/fr\/wp-json\/wp\/v2\/product_tag?post=5784"}],"curies":[{"name":"wp","href":"https:\/\/api.w.org\/{rel}","templated":true}]}}