{"id":5863,"date":"2023-07-01T01:21:54","date_gmt":"2023-07-01T09:21:54","guid":{"rendered":"https:\/\/hpott.com\/?post_type=product&#038;p=5863"},"modified":"2023-07-05T01:26:19","modified_gmt":"2023-07-05T09:26:19","slug":"vente-chaude-cuisiniere-infrarouge-en-ceramique-cuisiniere-infrarouge-electrique-1500w-2000w","status":"publish","type":"product","link":"https:\/\/hpott.com\/fr\/produit\/vente-chaude-cuisiniere-infrarouge-en-ceramique-cuisiniere-infrarouge-electrique-1500w-2000w\/","title":{"rendered":"Cuisini\u00e8re \u00e9lectrique infrarouge en c\u00e9ramique, 1\u00a0500 W, 2\u00a0000 W, offre sp\u00e9ciale"},"content":{"rendered":"<p><strong>\u3010Nom<\/strong>\u3011: Cuisini\u00e8re \u00e0 induction pour hot pot<br \/>\n\u3010<strong>Origine<\/strong>\u3011: Guangdong, Chine<br \/>\n\u3010<strong>Tension<\/strong>\u3011: 220-240V~50, 60 Hz<br \/>\n\u3010<strong>Pouvoir<\/strong>\u3011: 1500W-2000W<\/p>\n<p>\u3010<strong>Bague en acier inoxydable<\/strong>\u3011<strong>:\u00a0<\/strong>rond ou carr\u00e9 disponible<\/p>\n<h3><em><strong>Fonctionnalit\u00e9<\/strong><\/em><\/h3>\n<ul>\n<li><em>Forme en plastique pour encastrement<\/em><\/li>\n<li><em>Affichage LED<\/em><\/li>\n<li><em>5 \u00e9tapes de r\u00e9glage de la puissance<\/em><\/li>\n<li><em>Arr\u00eat automatique en cas de surcharge et multi-protection<\/em><\/li>\n<li><em>Dimensions de la plaque de verre : Diam\u00e8tre 245 mm<\/em><\/li>\n<\/ul>\n<p><img loading=\"lazy\" decoding=\"async\" class=\"size-full wp-image-5920\" src=\"http:\/\/hpott.com\/wp-content\/uploads\/2023\/07\/2.webp\" alt=\"Vente chaude cuisini\u00e8re infrarouge en c\u00e9ramique cuisini\u00e8re infrarouge \u00e9lectrique 1500w 2000w\" width=\"750\" height=\"1794\" srcset=\"https:\/\/hpott.com\/wp-content\/uploads\/2023\/07\/2.webp 750w, https:\/\/hpott.com\/wp-content\/uploads\/2023\/07\/2-125x300.webp 125w, https:\/\/hpott.com\/wp-content\/uploads\/2023\/07\/2-428x1024.webp 428w, https:\/\/hpott.com\/wp-content\/uploads\/2023\/07\/2-642x1536.webp 642w, https:\/\/hpott.com\/wp-content\/uploads\/2023\/07\/2-600x1435.webp 600w, https:\/\/hpott.com\/wp-content\/uploads\/2023\/07\/2-64x153.webp 64w\" sizes=\"auto, (max-width: 750px) 100vw, 750px\" \/><\/p>\n<p><img loading=\"lazy\" decoding=\"async\" class=\"size-full wp-image-5922\" src=\"http:\/\/hpott.com\/wp-content\/uploads\/2023\/07\/1.webp\" alt=\"Vente chaude cuisini\u00e8re infrarouge en c\u00e9ramique cuisini\u00e8re infrarouge \u00e9lectrique 1500w 2000w\" width=\"750\" height=\"1908\" srcset=\"https:\/\/hpott.com\/wp-content\/uploads\/2023\/07\/1.webp 750w, https:\/\/hpott.com\/wp-content\/uploads\/2023\/07\/1-118x300.webp 118w, https:\/\/hpott.com\/wp-content\/uploads\/2023\/07\/1-403x1024.webp 403w, https:\/\/hpott.com\/wp-content\/uploads\/2023\/07\/1-604x1536.webp 604w, https:\/\/hpott.com\/wp-content\/uploads\/2023\/07\/1-600x1526.webp 600w, https:\/\/hpott.com\/wp-content\/uploads\/2023\/07\/1-64x163.webp 64w\" sizes=\"auto, (max-width: 750px) 100vw, 750px\" \/><\/p>","protected":false},"excerpt":{"rendered":"<p><strong>ID du produit\u00a0:\u00a0<\/strong> HP-CWR1500<\/p>\n<p><strong>Taille du produit :\u00a0<\/strong>diam\u00e8tre 245 m<\/p>\n<p><strong>Application:\u00a0<\/strong>tables de fondue de restaurant, tables de fondue tournantes<\/p>\n<p><strong>Facultatif:\u00a0<\/strong>bague en acier inoxydable<\/p>","protected":false},"featured_media":5869,"template":"","meta":{"_acf_changed":false,"_seopress_robots_primary_cat":"none","_seopress_titles_title":"","_seopress_titles_desc":"","_seopress_robots_index":""},"product_brand":[],"product_cat":[35,42],"product_tag":[],"class_list":{"0":"post-5863","1":"product","2":"type-product","3":"status-publish","4":"has-post-thumbnail","6":"product_cat-induction-cooker","7":"product_cat-hot-pot-induction-cooker","9":"first","10":"instock","11":"shipping-taxable","12":"product-type-simple"},"acf":[],"_links":{"self":[{"href":"https:\/\/hpott.com\/fr\/wp-json\/wp\/v2\/product\/5863","targetHints":{"allow":["GET"]}}],"collection":[{"href":"https:\/\/hpott.com\/fr\/wp-json\/wp\/v2\/product"}],"about":[{"href":"https:\/\/hpott.com\/fr\/wp-json\/wp\/v2\/types\/product"}],"wp:featuredmedia":[{"embeddable":true,"href":"https:\/\/hpott.com\/fr\/wp-json\/wp\/v2\/media\/5869"}],"wp:attachment":[{"href":"https:\/\/hpott.com\/fr\/wp-json\/wp\/v2\/media?parent=5863"}],"wp:term":[{"taxonomy":"product_brand","embeddable":true,"href":"https:\/\/hpott.com\/fr\/wp-json\/wp\/v2\/product_brand?post=5863"},{"taxonomy":"product_cat","embeddable":true,"href":"https:\/\/hpott.com\/fr\/wp-json\/wp\/v2\/product_cat?post=5863"},{"taxonomy":"product_tag","embeddable":true,"href":"https:\/\/hpott.com\/fr\/wp-json\/wp\/v2\/product_tag?post=5863"}],"curies":[{"name":"wp","href":"https:\/\/api.w.org\/{rel}","templated":true}]}}