{"id":5890,"date":"2023-07-01T02:15:03","date_gmt":"2023-07-01T10:15:03","guid":{"rendered":"https:\/\/hpott.com\/?post_type=product&#038;p=5890"},"modified":"2023-07-01T02:15:03","modified_gmt":"2023-07-01T10:15:03","slug":"cuisiniere-a-induction-a-ecran-tactile-a-faible-consommation-denergie-de-800-w-en-gros","status":"publish","type":"product","link":"https:\/\/hpott.com\/fr\/produit\/cuisiniere-a-induction-a-ecran-tactile-a-faible-consommation-denergie-de-800-w-en-gros\/","title":{"rendered":"Cuisini\u00e8re \u00e0 induction \u00e0 \u00e9cran tactile de 800 W \u00e0 faible consommation d&#039;\u00e9nergie et \u00e0 \u00e9conomie d&#039;\u00e9nergie"},"content":{"rendered":"","protected":false},"excerpt":{"rendered":"<p>ID du produit\u00a0: HP-ITS3000<\/p>\n<p>Taille : 215X175 mm<\/p>\n<p>En option : anneau en acier inoxydable<\/p>\n<p>Application : tables \u00e0 fondue, tables \u00e0 fondue rotatives automatiques.<\/p>","protected":false},"featured_media":5893,"template":"","meta":{"_acf_changed":false,"_seopress_robots_primary_cat":"","_seopress_titles_title":"","_seopress_titles_desc":"","_seopress_robots_index":""},"product_brand":[],"product_cat":[35,42],"product_tag":[],"class_list":{"0":"post-5890","1":"product","2":"type-product","3":"status-publish","4":"has-post-thumbnail","6":"product_cat-induction-cooker","7":"product_cat-hot-pot-induction-cooker","9":"first","10":"instock","11":"shipping-taxable","12":"product-type-simple"},"acf":[],"_links":{"self":[{"href":"https:\/\/hpott.com\/fr\/wp-json\/wp\/v2\/product\/5890","targetHints":{"allow":["GET"]}}],"collection":[{"href":"https:\/\/hpott.com\/fr\/wp-json\/wp\/v2\/product"}],"about":[{"href":"https:\/\/hpott.com\/fr\/wp-json\/wp\/v2\/types\/product"}],"wp:featuredmedia":[{"embeddable":true,"href":"https:\/\/hpott.com\/fr\/wp-json\/wp\/v2\/media\/5893"}],"wp:attachment":[{"href":"https:\/\/hpott.com\/fr\/wp-json\/wp\/v2\/media?parent=5890"}],"wp:term":[{"taxonomy":"product_brand","embeddable":true,"href":"https:\/\/hpott.com\/fr\/wp-json\/wp\/v2\/product_brand?post=5890"},{"taxonomy":"product_cat","embeddable":true,"href":"https:\/\/hpott.com\/fr\/wp-json\/wp\/v2\/product_cat?post=5890"},{"taxonomy":"product_tag","embeddable":true,"href":"https:\/\/hpott.com\/fr\/wp-json\/wp\/v2\/product_tag?post=5890"}],"curies":[{"name":"wp","href":"https:\/\/api.w.org\/{rel}","templated":true}]}}