{"id":5905,"date":"2023-07-03T01:37:59","date_gmt":"2023-07-03T09:37:59","guid":{"rendered":"https:\/\/hpott.com\/?post_type=product&#038;p=5905"},"modified":"2023-07-14T01:50:11","modified_gmt":"2023-07-14T09:50:11","slug":"cuisiniere-electrique-en-ceramique-a-table-de-cuisson-infrarouge-a-prix-de-gros","status":"publish","type":"product","link":"https:\/\/hpott.com\/fr\/produit\/cuisiniere-electrique-en-ceramique-a-table-de-cuisson-infrarouge-a-prix-de-gros\/","title":{"rendered":"Cuisini\u00e8re \u00e9lectrique en c\u00e9ramique \u00e0 infrarouge, prix de gros tendance"},"content":{"rendered":"<p><strong>\u3010Nom<\/strong>\u3011: Cuisini\u00e8re \u00e0 induction pour hot pot<br \/>\n\u3010<strong>Origine<\/strong>\u3011: Guangdong, Chine<br \/>\n\u3010<strong>Tension<\/strong>\u3011: 220-240V~50, 60 Hz<br \/>\n\u3010<strong>Pouvoir<\/strong>\u3011: 3500W-4500W<\/p>\n<p>\u3010<strong>Bague en acier inoxydable<\/strong>\u3011<strong>:\u00a0<\/strong>rond ou carr\u00e9 disponible<\/p>\n<h3><em><strong>Fonctionnalit\u00e9<\/strong><\/em><\/h3>\n<ul>\n<li><em>Forme en plastique pour encastrement<\/em><\/li>\n<li><em>Affichage LED<\/em><\/li>\n<li><em>5 \u00e9tapes de r\u00e9glage de la puissance<\/em><\/li>\n<li><em>Arr\u00eat automatique en cas de surcharge et multi-protection<\/em><\/li>\n<li><em>Dimensions de la plaque de verre : Diam\u00e8tre 380 mm<\/em><\/li>\n<\/ul>\n<p><img loading=\"lazy\" decoding=\"async\" class=\"size-full wp-image-5942\" src=\"http:\/\/hpott.com\/wp-content\/uploads\/2023\/07\/1.0.png\" alt=\"cuisini\u00e8re \u00e9lectrique en c\u00e9ramique \u00e0 table de cuisson infrarouge \u00e0 prix de gros\" width=\"750\" height=\"1821\" srcset=\"https:\/\/hpott.com\/wp-content\/uploads\/2023\/07\/1.0.png 750w, https:\/\/hpott.com\/wp-content\/uploads\/2023\/07\/1.0-124x300.png 124w, https:\/\/hpott.com\/wp-content\/uploads\/2023\/07\/1.0-422x1024.png 422w, https:\/\/hpott.com\/wp-content\/uploads\/2023\/07\/1.0-633x1536.png 633w, https:\/\/hpott.com\/wp-content\/uploads\/2023\/07\/1.0-600x1457.png 600w, https:\/\/hpott.com\/wp-content\/uploads\/2023\/07\/1.0-64x155.png 64w\" sizes=\"auto, (max-width: 750px) 100vw, 750px\" \/><\/p>\n<p><img loading=\"lazy\" decoding=\"async\" class=\"size-full wp-image-5943\" src=\"http:\/\/hpott.com\/wp-content\/uploads\/2023\/07\/2.0.png\" alt=\"cuisini\u00e8re \u00e9lectrique en c\u00e9ramique \u00e0 table de cuisson infrarouge \u00e0 prix de gros\" width=\"750\" height=\"2377\" srcset=\"https:\/\/hpott.com\/wp-content\/uploads\/2023\/07\/2.0.png 750w, https:\/\/hpott.com\/wp-content\/uploads\/2023\/07\/2.0-95x300.png 95w, https:\/\/hpott.com\/wp-content\/uploads\/2023\/07\/2.0-323x1024.png 323w, https:\/\/hpott.com\/wp-content\/uploads\/2023\/07\/2.0-485x1536.png 485w, https:\/\/hpott.com\/wp-content\/uploads\/2023\/07\/2.0-646x2048.png 646w, https:\/\/hpott.com\/wp-content\/uploads\/2023\/07\/2.0-600x1902.png 600w, https:\/\/hpott.com\/wp-content\/uploads\/2023\/07\/2.0-64x203.png 64w\" sizes=\"auto, (max-width: 750px) 100vw, 750px\" \/><\/p>\n<p>&nbsp;<\/p>","protected":false},"excerpt":{"rendered":"<p><strong>ID du produit\u00a0:\u00a0<\/strong> HP-CWR4500<\/p>\n<p><strong>Taille du produit :\u00a0<\/strong>diam\u00e8tre 380m<\/p>\n<p><strong>Application:\u00a0<\/strong>tables de fondue de restaurant, tables de fondue tournantes<\/p>\n<p><strong>Facultatif:\u00a0<\/strong>bague en acier inoxydable<\/p>","protected":false},"featured_media":5908,"template":"","meta":{"_acf_changed":false,"_seopress_robots_primary_cat":"none","_seopress_titles_title":"","_seopress_titles_desc":"","_seopress_robots_index":""},"product_brand":[],"product_cat":[35,42],"product_tag":[],"class_list":{"0":"post-5905","1":"product","2":"type-product","3":"status-publish","4":"has-post-thumbnail","6":"product_cat-induction-cooker","7":"product_cat-hot-pot-induction-cooker","9":"first","10":"instock","11":"shipping-taxable","12":"product-type-simple"},"acf":[],"_links":{"self":[{"href":"https:\/\/hpott.com\/fr\/wp-json\/wp\/v2\/product\/5905","targetHints":{"allow":["GET"]}}],"collection":[{"href":"https:\/\/hpott.com\/fr\/wp-json\/wp\/v2\/product"}],"about":[{"href":"https:\/\/hpott.com\/fr\/wp-json\/wp\/v2\/types\/product"}],"wp:featuredmedia":[{"embeddable":true,"href":"https:\/\/hpott.com\/fr\/wp-json\/wp\/v2\/media\/5908"}],"wp:attachment":[{"href":"https:\/\/hpott.com\/fr\/wp-json\/wp\/v2\/media?parent=5905"}],"wp:term":[{"taxonomy":"product_brand","embeddable":true,"href":"https:\/\/hpott.com\/fr\/wp-json\/wp\/v2\/product_brand?post=5905"},{"taxonomy":"product_cat","embeddable":true,"href":"https:\/\/hpott.com\/fr\/wp-json\/wp\/v2\/product_cat?post=5905"},{"taxonomy":"product_tag","embeddable":true,"href":"https:\/\/hpott.com\/fr\/wp-json\/wp\/v2\/product_tag?post=5905"}],"curies":[{"name":"wp","href":"https:\/\/api.w.org\/{rel}","templated":true}]}}