{"id":5945,"date":"2023-07-20T02:18:05","date_gmt":"2023-07-20T10:18:05","guid":{"rendered":"https:\/\/hpott.com\/?post_type=product&#038;p=5945"},"modified":"2023-12-04T22:01:49","modified_gmt":"2023-12-05T06:01:49","slug":"table-de-fondue-chinoise-en-bois-massif-pour-restaurant-sans-fumee-personnalisation-par-le-fournisseur","status":"publish","type":"product","link":"https:\/\/hpott.com\/fr\/produit\/table-de-fondue-chinoise-en-bois-massif-pour-restaurant-sans-fumee-personnalisation-par-le-fournisseur\/","title":{"rendered":"Table de fondue chinoise en bois massif pour restaurant sans fum\u00e9e, personnalisable \u00e0 des fins commerciales"},"content":{"rendered":"<p><img loading=\"lazy\" decoding=\"async\" class=\"size-full wp-image-5955\" src=\"http:\/\/hpott.com\/wp-content\/uploads\/2023\/07\/Korean-bbq-table.webp\" alt=\"table de fondue chinoise en bois massif pour restaurant sans fum\u00e9e, personnalisation par le fournisseur\" width=\"750\" height=\"785\" srcset=\"https:\/\/hpott.com\/wp-content\/uploads\/2023\/07\/Korean-bbq-table.webp 750w, https:\/\/hpott.com\/wp-content\/uploads\/2023\/07\/Korean-bbq-table-287x300.webp 287w, https:\/\/hpott.com\/wp-content\/uploads\/2023\/07\/Korean-bbq-table-600x628.webp 600w, https:\/\/hpott.com\/wp-content\/uploads\/2023\/07\/Korean-bbq-table-64x67.webp 64w\" sizes=\"auto, (max-width: 750px) 100vw, 750px\" \/><\/p>\n<p><img loading=\"lazy\" decoding=\"async\" class=\"size-full wp-image-5956\" src=\"http:\/\/hpott.com\/wp-content\/uploads\/2023\/07\/Korean-bbq-table-1.webp\" alt=\"table de fondue chinoise en bois massif pour restaurant sans fum\u00e9e, personnalisation par le fournisseur\" width=\"750\" height=\"1792\" srcset=\"https:\/\/hpott.com\/wp-content\/uploads\/2023\/07\/Korean-bbq-table-1.webp 750w, https:\/\/hpott.com\/wp-content\/uploads\/2023\/07\/Korean-bbq-table-1-126x300.webp 126w, https:\/\/hpott.com\/wp-content\/uploads\/2023\/07\/Korean-bbq-table-1-429x1024.webp 429w, https:\/\/hpott.com\/wp-content\/uploads\/2023\/07\/Korean-bbq-table-1-643x1536.webp 643w, https:\/\/hpott.com\/wp-content\/uploads\/2023\/07\/Korean-bbq-table-1-600x1434.webp 600w, https:\/\/hpott.com\/wp-content\/uploads\/2023\/07\/Korean-bbq-table-1-64x153.webp 64w\" sizes=\"auto, (max-width: 750px) 100vw, 750px\" \/><\/p>","protected":false},"excerpt":{"rendered":"<p><strong>ID du produit\u00a0:\u00a0<\/strong>HP-S16<\/p>\n<p>Fabricant d&#039;\u00e9quipements de fondue chaude professionnels HPOTT et d&#039;\u00e9quipements de barbecue cor\u00e9ens, demandez-nous un devis.<\/p>","protected":false},"featured_media":5954,"template":"","meta":{"_acf_changed":false,"_seopress_robots_primary_cat":"none","_seopress_titles_title":"Commercial Smokeless Restaurant Solid Wood Hot Pot Table","_seopress_titles_desc":"HPOTT professional hot pot equipment manufacturer, Come see what we have to offer. We can support customization hot pot table.","_seopress_robots_index":""},"product_brand":[],"product_cat":[30,31],"product_tag":[],"class_list":{"0":"post-5945","1":"product","2":"type-product","3":"status-publish","4":"has-post-thumbnail","6":"product_cat-hot-pot-table","7":"product_cat-square-hot-pot-tables","9":"first","10":"instock","11":"shipping-taxable","12":"product-type-simple"},"acf":[],"_links":{"self":[{"href":"https:\/\/hpott.com\/fr\/wp-json\/wp\/v2\/product\/5945","targetHints":{"allow":["GET"]}}],"collection":[{"href":"https:\/\/hpott.com\/fr\/wp-json\/wp\/v2\/product"}],"about":[{"href":"https:\/\/hpott.com\/fr\/wp-json\/wp\/v2\/types\/product"}],"wp:featuredmedia":[{"embeddable":true,"href":"https:\/\/hpott.com\/fr\/wp-json\/wp\/v2\/media\/5954"}],"wp:attachment":[{"href":"https:\/\/hpott.com\/fr\/wp-json\/wp\/v2\/media?parent=5945"}],"wp:term":[{"taxonomy":"product_brand","embeddable":true,"href":"https:\/\/hpott.com\/fr\/wp-json\/wp\/v2\/product_brand?post=5945"},{"taxonomy":"product_cat","embeddable":true,"href":"https:\/\/hpott.com\/fr\/wp-json\/wp\/v2\/product_cat?post=5945"},{"taxonomy":"product_tag","embeddable":true,"href":"https:\/\/hpott.com\/fr\/wp-json\/wp\/v2\/product_tag?post=5945"}],"curies":[{"name":"wp","href":"https:\/\/api.w.org\/{rel}","templated":true}]}}