{"id":6059,"date":"2023-11-14T23:01:46","date_gmt":"2023-11-15T07:01:46","guid":{"rendered":"https:\/\/hpott.com\/?post_type=product&#038;p=6059"},"modified":"2023-11-14T23:01:46","modified_gmt":"2023-11-15T07:01:46","slug":"equipement-combine-3-en-1-pour-hot-pot-gril-friteuse-pour-table-de-restaurant","status":"publish","type":"product","link":"https:\/\/hpott.com\/fr\/produit\/equipement-combine-3-en-1-pour-hot-pot-gril-friteuse-pour-table-de-restaurant\/","title":{"rendered":"Ensemble 3 en 1 pour hot pot, grill, friteuse, \u00e9quipement pour table de restaurant"},"content":{"rendered":"<p><img loading=\"lazy\" decoding=\"async\" class=\"size-full wp-image-6069\" src=\"http:\/\/hpott.com\/wp-content\/uploads\/2023\/11\/square-type-BBQ-grill-cooker.webp\" alt=\"\u00c9quipement combin\u00e9 3 en 1 pour hot pot, gril, friteuse, pour table de restaurant\" width=\"750\" height=\"1226\" srcset=\"https:\/\/hpott.com\/wp-content\/uploads\/2023\/11\/square-type-BBQ-grill-cooker.webp 750w, https:\/\/hpott.com\/wp-content\/uploads\/2023\/11\/square-type-BBQ-grill-cooker-184x300.webp 184w, https:\/\/hpott.com\/wp-content\/uploads\/2023\/11\/square-type-BBQ-grill-cooker-626x1024.webp 626w, https:\/\/hpott.com\/wp-content\/uploads\/2023\/11\/square-type-BBQ-grill-cooker-600x981.webp 600w, https:\/\/hpott.com\/wp-content\/uploads\/2023\/11\/square-type-BBQ-grill-cooker-64x105.webp 64w\" sizes=\"auto, (max-width: 750px) 100vw, 750px\" \/><\/p>\n<p><img loading=\"lazy\" decoding=\"async\" class=\"size-full wp-image-6068\" src=\"http:\/\/hpott.com\/wp-content\/uploads\/2023\/11\/square-type-BBQ-grill-cooker-1.webp\" alt=\"\u00c9quipement combin\u00e9 3 en 1 pour hot pot, gril, friteuse, pour table de restaurant\" width=\"750\" height=\"1004\" srcset=\"https:\/\/hpott.com\/wp-content\/uploads\/2023\/11\/square-type-BBQ-grill-cooker-1.webp 750w, https:\/\/hpott.com\/wp-content\/uploads\/2023\/11\/square-type-BBQ-grill-cooker-1-224x300.webp 224w, https:\/\/hpott.com\/wp-content\/uploads\/2023\/11\/square-type-BBQ-grill-cooker-1-600x803.webp 600w, https:\/\/hpott.com\/wp-content\/uploads\/2023\/11\/square-type-BBQ-grill-cooker-1-64x86.webp 64w\" sizes=\"auto, (max-width: 750px) 100vw, 750px\" \/><\/p>","protected":false},"excerpt":{"rendered":"<p><strong>ID du produit\u00a0: HP-G07<\/strong><\/p>\n<p>Il s&#039;agit d&#039;un nouveau produit que nous avons d\u00e9velopp\u00e9 pour nos clients, avec fonction de grillade et de friture.<\/p>\n<p>Si votre projet de restaurant s&#039;y int\u00e9resse, n&#039;h\u00e9sitez pas \u00e0 nous demander plus d&#039;informations.<\/p>","protected":false},"featured_media":6067,"template":"","meta":{"_acf_changed":false,"_seopress_robots_primary_cat":"none","_seopress_titles_title":"","_seopress_titles_desc":"","_seopress_robots_index":""},"product_brand":[],"product_cat":[37,36,34,33],"product_tag":[],"class_list":{"0":"post-6059","1":"product","2":"type-product","3":"status-publish","4":"has-post-thumbnail","6":"product_cat-bbq-grill","7":"product_cat-electric-bbq-grill","8":"product_cat-gas-bbq-grill","9":"product_cat-hot-pot-and-bbq-table","11":"first","12":"instock","13":"shipping-taxable","14":"product-type-simple"},"acf":[],"_links":{"self":[{"href":"https:\/\/hpott.com\/fr\/wp-json\/wp\/v2\/product\/6059","targetHints":{"allow":["GET"]}}],"collection":[{"href":"https:\/\/hpott.com\/fr\/wp-json\/wp\/v2\/product"}],"about":[{"href":"https:\/\/hpott.com\/fr\/wp-json\/wp\/v2\/types\/product"}],"wp:featuredmedia":[{"embeddable":true,"href":"https:\/\/hpott.com\/fr\/wp-json\/wp\/v2\/media\/6067"}],"wp:attachment":[{"href":"https:\/\/hpott.com\/fr\/wp-json\/wp\/v2\/media?parent=6059"}],"wp:term":[{"taxonomy":"product_brand","embeddable":true,"href":"https:\/\/hpott.com\/fr\/wp-json\/wp\/v2\/product_brand?post=6059"},{"taxonomy":"product_cat","embeddable":true,"href":"https:\/\/hpott.com\/fr\/wp-json\/wp\/v2\/product_cat?post=6059"},{"taxonomy":"product_tag","embeddable":true,"href":"https:\/\/hpott.com\/fr\/wp-json\/wp\/v2\/product_tag?post=6059"}],"curies":[{"name":"wp","href":"https:\/\/api.w.org\/{rel}","templated":true}]}}