{"id":6296,"date":"2024-12-31T01:53:04","date_gmt":"2024-12-31T09:53:04","guid":{"rendered":"https:\/\/hpott.com\/?post_type=product&#038;p=6296"},"modified":"2024-12-31T01:56:23","modified_gmt":"2024-12-31T09:56:23","slug":"machine-de-cuisson-au-wok-automatique-commerciale-5-kw-machine-a-sauter-multifonction","status":"publish","type":"product","link":"https:\/\/hpott.com\/fr\/produit\/machine-de-cuisson-au-wok-automatique-commerciale-5-kw-machine-a-sauter-multifonction\/","title":{"rendered":"Friteuse \u00e0 tambour automatique commerciale de table de 5 kW avec wok"},"content":{"rendered":"<table style=\"border-collapse: collapse; width: 504.77pt;\" border=\"0\" width=\"673\" cellspacing=\"0\" cellpadding=\"0\">\n<tbody>\n<tr style=\"height: 16.50pt;\">\n<td class=\"et2\" style=\"height: 16.50pt; width: 90.00pt;\" width=\"120\" height=\"22\">Nom<\/td>\n<td class=\"et2\" style=\"width: 91.50pt;\" width=\"122\">Mod\u00e8le<\/td>\n<td class=\"et2\" style=\"width: 98.25pt;\" width=\"131\">Dimensions<\/td>\n<td class=\"et2\" style=\"width: 91.50pt;\" width=\"122\">Productivit\u00e9<\/td>\n<td class=\"et2\" style=\"width: 79.50pt;\" width=\"106\">Pouvoir<\/td>\n<td class=\"et2\" style=\"width: 54.00pt;\" width=\"72\">Taille du pot<\/td>\n<\/tr>\n<tr style=\"height: 16.50pt;\">\n<td class=\"et3\" style=\"height: 16.50pt; width: 90.00pt;\" width=\"120\" height=\"22\">friteuse<\/td>\n<td class=\"et4\" style=\"width: 91.50pt;\" width=\"122\">ESL-TGC30<\/td>\n<td class=\"et4\" style=\"width: 98.25pt;\" width=\"131\">580\u00d7500\u00d7550<\/td>\n<td class=\"et4\" style=\"width: 91.50pt;\" width=\"122\">0.5-3.5<\/td>\n<td class=\"et4\" style=\"width: 79.50pt;\" width=\"106\">5 kW\/220 V<\/td>\n<td class=\"et4\" style=\"width: 54.00pt;\" width=\"72\">300*300<\/td>\n<\/tr>\n<tr style=\"height: 16.50pt;\">\n<td class=\"et3\" style=\"height: 16.50pt; width: 90.00pt;\" width=\"120\" height=\"22\">friteuse<\/td>\n<td class=\"et5\" style=\"width: 91.50pt;\" width=\"122\">ESL- TGC36<\/td>\n<td class=\"et5\" style=\"width: 98.25pt;\" width=\"131\">640\u00d7560\u00d7710<\/td>\n<td class=\"et5\" style=\"width: 91.50pt;\" width=\"122\">1.0-6.0<\/td>\n<td class=\"et5\" style=\"width: 79.50pt;\" width=\"106\">5 kW\/220 V<\/td>\n<td class=\"et5\" style=\"width: 54.00pt;\" width=\"72\">360*360<\/td>\n<\/tr>\n<tr style=\"height: 16.50pt;\">\n<td class=\"et3\" style=\"height: 16.50pt; width: 90.00pt;\" width=\"120\" height=\"22\">friteuse<\/td>\n<td class=\"et5\" style=\"width: 91.50pt;\" width=\"122\">ESL-TGQ30<\/td>\n<td class=\"et5\" style=\"width: 98.25pt;\" width=\"131\">700\u00d7700\u00d7700<\/td>\n<td class=\"et5\" style=\"width: 91.50pt;\" width=\"122\">0.5-3.5<\/td>\n<td class=\"et5\" style=\"width: 79.50pt;\" width=\"106\">5 kW\/220 V<\/td>\n<td class=\"et5\" style=\"width: 54.00pt;\" width=\"72\">300*300<\/td>\n<\/tr>\n<tr style=\"height: 16.50pt;\">\n<td class=\"et3\" style=\"height: 16.50pt; width: 90.00pt;\" width=\"120\" height=\"22\">friteuse<\/td>\n<td class=\"et5\" style=\"width: 91.50pt;\" width=\"122\">ESL-TGQ40<\/td>\n<td class=\"et5\" style=\"width: 98.25pt;\" width=\"131\">800\u00d7650\u00d7680<\/td>\n<td class=\"et5\" style=\"width: 91.50pt;\" width=\"122\">1.0-6.0<\/td>\n<td class=\"et5\" style=\"width: 79.50pt;\" width=\"106\">8-12 kW\/380 V<\/td>\n<td class=\"et5\" style=\"width: 54.00pt;\" width=\"72\">400*400<\/td>\n<\/tr>\n<\/tbody>\n<\/table>","protected":false},"excerpt":{"rendered":"<p>Remarque\u00a0: du gaz peut \u00eatre utilis\u00e9 et des tailles et fonctions non standard peuvent \u00eatre personnalis\u00e9es.<\/p>","protected":false},"featured_media":6299,"template":"","meta":{"_acf_changed":false,"_seopress_robots_primary_cat":"none","_seopress_titles_title":"","_seopress_titles_desc":"","_seopress_robots_index":""},"product_brand":[],"product_cat":[58,35],"product_tag":[],"class_list":{"0":"post-6296","1":"product","2":"type-product","3":"status-publish","4":"has-post-thumbnail","6":"product_cat-wok-cooking-machine","7":"product_cat-induction-cooker","9":"first","10":"instock","11":"shipping-taxable","12":"product-type-simple"},"acf":[],"_links":{"self":[{"href":"https:\/\/hpott.com\/fr\/wp-json\/wp\/v2\/product\/6296","targetHints":{"allow":["GET"]}}],"collection":[{"href":"https:\/\/hpott.com\/fr\/wp-json\/wp\/v2\/product"}],"about":[{"href":"https:\/\/hpott.com\/fr\/wp-json\/wp\/v2\/types\/product"}],"wp:featuredmedia":[{"embeddable":true,"href":"https:\/\/hpott.com\/fr\/wp-json\/wp\/v2\/media\/6299"}],"wp:attachment":[{"href":"https:\/\/hpott.com\/fr\/wp-json\/wp\/v2\/media?parent=6296"}],"wp:term":[{"taxonomy":"product_brand","embeddable":true,"href":"https:\/\/hpott.com\/fr\/wp-json\/wp\/v2\/product_brand?post=6296"},{"taxonomy":"product_cat","embeddable":true,"href":"https:\/\/hpott.com\/fr\/wp-json\/wp\/v2\/product_cat?post=6296"},{"taxonomy":"product_tag","embeddable":true,"href":"https:\/\/hpott.com\/fr\/wp-json\/wp\/v2\/product_tag?post=6296"}],"curies":[{"name":"wp","href":"https:\/\/api.w.org\/{rel}","templated":true}]}}