{"id":2501,"date":"2022-10-06T00:28:14","date_gmt":"2022-10-06T08:28:14","guid":{"rendered":"https:\/\/hpott.com\/?post_type=product&#038;p=2501"},"modified":"2023-06-15T01:31:24","modified_gmt":"2023-06-15T09:31:24","slug":"sicak-tencere-dahili-induksiyonlu-ocak-masasi-barbeku-izgara-masasi","status":"publish","type":"product","link":"https:\/\/hpott.com\/tr\/urun\/sicak-tencere-dahili-induksiyonlu-ocak-masasi-barbeku-izgara-masasi\/","title":{"rendered":"S\u0131cak Tencere Dahili \u0130nd\u00fcksiyonlu Ocak Masas\u0131 Barbek\u00fc Izgara Masas\u0131"},"content":{"rendered":"<p>\u3010Ad\u0131\u3011: S\u0131cak Tencere Barbek\u00fc Masas\u0131<br \/>\n\u3010Men\u015fei\u3011: Guangdong, \u00c7in<br \/>\n\u3010Boyut\u3011: 1300X900X760mm (Boyut \u00f6zelle\u015ftirilebilir)<br \/>\n\u3010Malzeme\u3011: Mermer masa \u00fcst\u00fc + paslanmaz \u00e7elik taban<br \/>\n\u3010Renk\u3011: \u0130stek \u00fczerine mevcuttur<br \/>\n\u3010Uygulama\u3011: S\u0131cak tencere restoran\u0131, otel, di\u011fer restoranlar<\/p>\n<p><img loading=\"lazy\" decoding=\"async\" class=\"size-full wp-image-5690\" src=\"http:\/\/hpott.com\/wp-content\/uploads\/2022\/10\/Korean-bbq-hot-pot-table.webp\" alt=\"s\u0131cak tencere dahili ind\u00fcksiyonlu ocak masas\u0131 barbek\u00fc \u0131zgara masas\u0131\" width=\"750\" height=\"1802\" srcset=\"https:\/\/hpott.com\/wp-content\/uploads\/2022\/10\/Korean-bbq-hot-pot-table.webp 750w, https:\/\/hpott.com\/wp-content\/uploads\/2022\/10\/Korean-bbq-hot-pot-table-125x300.webp 125w, https:\/\/hpott.com\/wp-content\/uploads\/2022\/10\/Korean-bbq-hot-pot-table-426x1024.webp 426w, https:\/\/hpott.com\/wp-content\/uploads\/2022\/10\/Korean-bbq-hot-pot-table-639x1536.webp 639w, https:\/\/hpott.com\/wp-content\/uploads\/2022\/10\/Korean-bbq-hot-pot-table-600x1442.webp 600w, https:\/\/hpott.com\/wp-content\/uploads\/2022\/10\/Korean-bbq-hot-pot-table-64x154.webp 64w\" sizes=\"auto, (max-width: 750px) 100vw, 750px\" \/><\/p>\n<p><img loading=\"lazy\" decoding=\"async\" class=\"size-full wp-image-5689\" src=\"http:\/\/hpott.com\/wp-content\/uploads\/2022\/10\/Korean-bbq-hot-pot-table-1.webp\" alt=\"s\u0131cak tencere dahili ind\u00fcksiyonlu ocak masas\u0131 barbek\u00fc \u0131zgara masas\u0131\" width=\"750\" height=\"1860\" srcset=\"https:\/\/hpott.com\/wp-content\/uploads\/2022\/10\/Korean-bbq-hot-pot-table-1.webp 750w, https:\/\/hpott.com\/wp-content\/uploads\/2022\/10\/Korean-bbq-hot-pot-table-1-121x300.webp 121w, https:\/\/hpott.com\/wp-content\/uploads\/2022\/10\/Korean-bbq-hot-pot-table-1-413x1024.webp 413w, https:\/\/hpott.com\/wp-content\/uploads\/2022\/10\/Korean-bbq-hot-pot-table-1-619x1536.webp 619w, https:\/\/hpott.com\/wp-content\/uploads\/2022\/10\/Korean-bbq-hot-pot-table-1-600x1488.webp 600w, https:\/\/hpott.com\/wp-content\/uploads\/2022\/10\/Korean-bbq-hot-pot-table-1-64x159.webp 64w\" sizes=\"auto, (max-width: 750px) 100vw, 750px\" \/><\/p>","protected":false},"excerpt":{"rendered":"<p><strong>\u00dcr\u00fcn Kimli\u011fi\uff1a<\/strong>HP-C01<\/p>\n<p>Mangal + hotpot&#039;u birle\u015ftirin ve her ikisinin de tad\u0131n\u0131 ayn\u0131 anda \u00e7\u0131kar\u0131n, ya\u011f ve duman\u0131 emmek i\u00e7in masan\u0131n i\u00e7ine bir hava temizleyici yerle\u015ftirin; F\u0131r\u0131n filesi veya f\u0131r\u0131n tepsisi se\u00e7ene\u011fi;<\/p>","protected":false},"featured_media":5111,"template":"","meta":{"_acf_changed":false,"_seopress_robots_primary_cat":"none","_seopress_titles_title":"","_seopress_titles_desc":"","_seopress_robots_index":""},"product_brand":[],"product_cat":[40,30,33],"product_tag":[],"class_list":{"0":"post-2501","1":"product","2":"type-product","3":"status-publish","4":"has-post-thumbnail","6":"product_cat-korean-bbq-grill-table","7":"product_cat-hot-pot-table","8":"product_cat-hot-pot-and-bbq-table","10":"first","11":"instock","12":"shipping-taxable","13":"product-type-simple"},"acf":[],"_links":{"self":[{"href":"https:\/\/hpott.com\/tr\/wp-json\/wp\/v2\/product\/2501","targetHints":{"allow":["GET"]}}],"collection":[{"href":"https:\/\/hpott.com\/tr\/wp-json\/wp\/v2\/product"}],"about":[{"href":"https:\/\/hpott.com\/tr\/wp-json\/wp\/v2\/types\/product"}],"wp:featuredmedia":[{"embeddable":true,"href":"https:\/\/hpott.com\/tr\/wp-json\/wp\/v2\/media\/5111"}],"wp:attachment":[{"href":"https:\/\/hpott.com\/tr\/wp-json\/wp\/v2\/media?parent=2501"}],"wp:term":[{"taxonomy":"product_brand","embeddable":true,"href":"https:\/\/hpott.com\/tr\/wp-json\/wp\/v2\/product_brand?post=2501"},{"taxonomy":"product_cat","embeddable":true,"href":"https:\/\/hpott.com\/tr\/wp-json\/wp\/v2\/product_cat?post=2501"},{"taxonomy":"product_tag","embeddable":true,"href":"https:\/\/hpott.com\/tr\/wp-json\/wp\/v2\/product_tag?post=2501"}],"curies":[{"name":"wp","href":"https:\/\/api.w.org\/{rel}","templated":true}]}}