{"id":2503,"date":"2022-10-06T00:28:44","date_gmt":"2022-10-06T08:28:44","guid":{"rendered":"https:\/\/hpott.com\/?post_type=product&#038;p=2503"},"modified":"2023-06-28T01:16:05","modified_gmt":"2023-06-28T09:16:05","slug":"kore-sicak-tencere-masasi-restoran-sicak-tencere-masasi-satilik","status":"publish","type":"product","link":"https:\/\/hpott.com\/tr\/urun\/kore-sicak-tencere-masasi-restoran-sicak-tencere-masasi-satilik\/","title":{"rendered":"Kore S\u0131cak Tencere Masas\u0131 Restoran S\u0131cak Tencere Masas\u0131 Sat\u0131l\u0131k"},"content":{"rendered":"<p>\u3010Ad\u0131\u3011: Yuvarlak S\u0131cak Tencere Masas\u0131<br \/>\n\u3010Men\u015fei\u3011: Guangdong, \u00c7in<br \/>\n\u3010Boyut\u3011: \u00c7ap 1300mm 1400mm 1500mm 1600mm 1700mm (Boyut \u00f6zelle\u015ftirilebilir)<br \/>\n\u3010Malzeme\u3011: Mermer masa \u00fcst\u00fc + Boyal\u0131 \u00e7elik levha taban<br \/>\n\u3010Renk\u3011: \u0130stek \u00fczerine mevcuttur<br \/>\n\u3010Uygulama\u3011: S\u0131cak tencere restoran\u0131, otel, di\u011fer restoranlar<br \/>\n\u3010\u00d6zellik\u3011<br \/>\n<strong>01<\/strong><br \/>\n<strong>Entegre dekoratif halka<\/strong><br \/>\nEntegre \u015fekillendirme ba\u015fl\u0131\u011f\u0131 kal\u0131nla\u015ft\u0131r\u0131lm\u0131\u015f paslanmaz \u00e7elikten, kusursuz bir \u015fekilde entegre edilmi\u015f \u015fekillendirme yap\u0131s\u0131ndan ve s\u0131k\u0131 bir s\u0131k\u0131\u015ft\u0131rma pozisyonundan yap\u0131lm\u0131\u015ft\u0131r.<br \/>\n<strong>02<\/strong><br \/>\n<strong>Dumans\u0131z ar\u0131tma<\/strong><br \/>\nDuman egzoz borusu takmaya gerek yok, dumans\u0131z ar\u0131t\u0131c\u0131y\u0131 do\u011frudan kullan\u0131n, enerji tasarrufu ve \u00e7evre koruma, yeni moda<br \/>\n<strong>03<\/strong><br \/>\n<strong>\u00d6zelle\u015ftirilmi\u015f dumans\u0131z s\u0131cak tencere masas\u0131<\/strong><br \/>\nY\u00fcksek kaliteli malzeme se\u00e7in, modern, basit bir \u00c7in stili yarat\u0131n, s\u0131cak, pratik, basit ve c\u00f6mert bir stil<br \/>\n<strong>04<\/strong><br \/>\n<strong>Paslanmaz \u00e7elik ayak dayana\u011f\u0131<\/strong><br \/>\nS\u0131cak tencere tablas\u0131 sa\u011flam ve sabit bir \u015fekilde desteklenir ve sallanmaz, yeme\u011finizin tad\u0131n\u0131 daha rahat \u00e7\u0131kar\u0131rs\u0131n\u0131z.<\/p>\n<p><img loading=\"lazy\" decoding=\"async\" class=\"wp-image-5821 size-full\" src=\"http:\/\/hpott.com\/wp-content\/uploads\/2022\/10\/1.webp\" alt=\"Kore s\u0131cak tencere masas\u0131 restoran s\u0131cak tencere masas\u0131 sat\u0131l\u0131k\" width=\"750\" height=\"2408\" srcset=\"https:\/\/hpott.com\/wp-content\/uploads\/2022\/10\/1.webp 750w, https:\/\/hpott.com\/wp-content\/uploads\/2022\/10\/1-93x300.webp 93w, https:\/\/hpott.com\/wp-content\/uploads\/2022\/10\/1-319x1024.webp 319w, https:\/\/hpott.com\/wp-content\/uploads\/2022\/10\/1-478x1536.webp 478w, https:\/\/hpott.com\/wp-content\/uploads\/2022\/10\/1-638x2048.webp 638w, https:\/\/hpott.com\/wp-content\/uploads\/2022\/10\/1-600x1926.webp 600w, https:\/\/hpott.com\/wp-content\/uploads\/2022\/10\/1-64x205.webp 64w\" sizes=\"auto, (max-width: 750px) 100vw, 750px\" \/><\/p>\n<figure id=\"attachment_5822\" aria-describedby=\"caption-attachment-5822\" style=\"width: 750px\" class=\"wp-caption aligncenter\"><img loading=\"lazy\" decoding=\"async\" class=\"wp-image-5822 size-full\" src=\"http:\/\/hpott.com\/wp-content\/uploads\/2022\/10\/2.webp\" alt=\"Kore s\u0131cak tencere masas\u0131 restoran s\u0131cak tencere masas\u0131 sat\u0131l\u0131k\" width=\"750\" height=\"1896\" srcset=\"https:\/\/hpott.com\/wp-content\/uploads\/2022\/10\/2.webp 750w, https:\/\/hpott.com\/wp-content\/uploads\/2022\/10\/2-119x300.webp 119w, https:\/\/hpott.com\/wp-content\/uploads\/2022\/10\/2-405x1024.webp 405w, https:\/\/hpott.com\/wp-content\/uploads\/2022\/10\/2-608x1536.webp 608w, https:\/\/hpott.com\/wp-content\/uploads\/2022\/10\/2-600x1517.webp 600w, https:\/\/hpott.com\/wp-content\/uploads\/2022\/10\/2-64x162.webp 64w\" sizes=\"auto, (max-width: 750px) 100vw, 750px\" \/><figcaption id=\"caption-attachment-5822\" class=\"wp-caption-text\">Kore s\u0131cak tencere masas\u0131 restoran s\u0131cak tencere masas\u0131 sat\u0131l\u0131k<\/figcaption><\/figure>","protected":false},"excerpt":{"rendered":"<p><strong>\u00dcr\u00fcn Kimli\u011fi\uff1a<\/strong>HP-R01<\/p>\n<p>S\u0131cak tencere restoran 4 ki\u015filik mermer ak\u0131ll\u0131 dumans\u0131z ar\u0131t\u0131c\u0131 ile dumanl\u0131 s\u0131cak tencere yemek masas\u0131<\/p>","protected":false},"featured_media":5107,"template":"","meta":{"_acf_changed":false,"_seopress_robots_primary_cat":"none","_seopress_titles_title":"","_seopress_titles_desc":"","_seopress_robots_index":""},"product_brand":[],"product_cat":[30,32],"product_tag":[],"class_list":{"0":"post-2503","1":"product","2":"type-product","3":"status-publish","4":"has-post-thumbnail","6":"product_cat-hot-pot-table","7":"product_cat-round-hot-pot-tables","9":"first","10":"instock","11":"shipping-taxable","12":"product-type-simple"},"acf":[],"_links":{"self":[{"href":"https:\/\/hpott.com\/tr\/wp-json\/wp\/v2\/product\/2503","targetHints":{"allow":["GET"]}}],"collection":[{"href":"https:\/\/hpott.com\/tr\/wp-json\/wp\/v2\/product"}],"about":[{"href":"https:\/\/hpott.com\/tr\/wp-json\/wp\/v2\/types\/product"}],"wp:featuredmedia":[{"embeddable":true,"href":"https:\/\/hpott.com\/tr\/wp-json\/wp\/v2\/media\/5107"}],"wp:attachment":[{"href":"https:\/\/hpott.com\/tr\/wp-json\/wp\/v2\/media?parent=2503"}],"wp:term":[{"taxonomy":"product_brand","embeddable":true,"href":"https:\/\/hpott.com\/tr\/wp-json\/wp\/v2\/product_brand?post=2503"},{"taxonomy":"product_cat","embeddable":true,"href":"https:\/\/hpott.com\/tr\/wp-json\/wp\/v2\/product_cat?post=2503"},{"taxonomy":"product_tag","embeddable":true,"href":"https:\/\/hpott.com\/tr\/wp-json\/wp\/v2\/product_tag?post=2503"}],"curies":[{"name":"wp","href":"https:\/\/api.w.org\/{rel}","templated":true}]}}