{"id":2509,"date":"2022-10-05T00:31:59","date_gmt":"2022-10-05T08:31:59","guid":{"rendered":"https:\/\/hpott.com\/?post_type=product&#038;p=2509"},"modified":"2023-11-01T01:02:19","modified_gmt":"2023-11-01T09:02:19","slug":"sicak-tencere-masasi","status":"publish","type":"product","link":"https:\/\/hpott.com\/tr\/urun\/sicak-tencere-masasi\/","title":{"rendered":"Restoran S\u0131cak Tencere Masas\u0131 S\u0131cak Tencere \u0130nd\u00fcksiyon Masas\u0131"},"content":{"rendered":"<p>\u3010\u0130sim\u3011<strong>: <\/strong>S\u0131cak Tencere Masas\u0131<br \/>\n\u3010K\u00f6keni\u3011<strong>: <\/strong>Guangdong, \u00c7in<br \/>\n\u3010Boyut\u3011<strong>: <\/strong>1300X900X760mm <strong>(Boyut \u00f6zelle\u015ftirilebilir)<\/strong><br \/>\n\u3010Malzeme\u3011<strong>: <\/strong>Kaya levha masa\u00fcst\u00fc + demir boyal\u0131 taban<strong>(Malzemeler \u00f6zelle\u015ftirilebilir)<\/strong><br \/>\n\u3010Renk\u3011<strong>: <\/strong>Talep \u00fczerine mevcuttur<br \/>\n\u3010Ba\u015fvuru\u3011<strong>: <\/strong>S\u0131cak tencere restoranlar\u0131, oteller, di\u011fer b\u00fcfe restoranlar\u0131<\/p>\n<p><img loading=\"lazy\" decoding=\"async\" class=\"size-full wp-image-5812\" src=\"http:\/\/hpott.com\/wp-content\/uploads\/2022\/10\/custom-hotpot-table.webp\" alt=\"restoran s\u0131cak tencere masas\u0131 s\u0131cak tencere ind\u00fcksiyon masas\u0131\" width=\"750\" height=\"1348\" srcset=\"https:\/\/hpott.com\/wp-content\/uploads\/2022\/10\/custom-hotpot-table.webp 750w, https:\/\/hpott.com\/wp-content\/uploads\/2022\/10\/custom-hotpot-table-167x300.webp 167w, https:\/\/hpott.com\/wp-content\/uploads\/2022\/10\/custom-hotpot-table-570x1024.webp 570w, https:\/\/hpott.com\/wp-content\/uploads\/2022\/10\/custom-hotpot-table-600x1078.webp 600w, https:\/\/hpott.com\/wp-content\/uploads\/2022\/10\/custom-hotpot-table-64x115.webp 64w\" sizes=\"auto, (max-width: 750px) 100vw, 750px\" \/><\/p>\n<p><img loading=\"lazy\" decoding=\"async\" class=\"size-full wp-image-5813\" src=\"http:\/\/hpott.com\/wp-content\/uploads\/2022\/10\/custom-hotpot-table-1.webp\" alt=\"restoran s\u0131cak tencere masas\u0131 s\u0131cak tencere ind\u00fcksiyon masas\u0131\" width=\"750\" height=\"1726\" srcset=\"https:\/\/hpott.com\/wp-content\/uploads\/2022\/10\/custom-hotpot-table-1.webp 750w, https:\/\/hpott.com\/wp-content\/uploads\/2022\/10\/custom-hotpot-table-1-130x300.webp 130w, https:\/\/hpott.com\/wp-content\/uploads\/2022\/10\/custom-hotpot-table-1-445x1024.webp 445w, https:\/\/hpott.com\/wp-content\/uploads\/2022\/10\/custom-hotpot-table-1-667x1536.webp 667w, https:\/\/hpott.com\/wp-content\/uploads\/2022\/10\/custom-hotpot-table-1-600x1381.webp 600w, https:\/\/hpott.com\/wp-content\/uploads\/2022\/10\/custom-hotpot-table-1-64x147.webp 64w\" sizes=\"auto, (max-width: 750px) 100vw, 750px\" \/><\/p>\n<p>&nbsp;<\/p>","protected":false},"excerpt":{"rendered":"<p><strong>\u00dcr\u00fcn Kimli\u011fi<\/strong>: HP-S03<\/p>\n<p>M\u00fc\u015fteri ihtiya\u00e7lar\u0131na g\u00f6re \u00f6zelle\u015ftirilmi\u015f s\u0131cak tencere masas\u0131, renk ve boyut \u00f6zel durumlara g\u00f6re \u00f6zelle\u015ftirilebilir<\/p>","protected":false},"featured_media":5114,"template":"","meta":{"_acf_changed":false,"_seopress_robots_primary_cat":"none","_seopress_titles_title":"","_seopress_titles_desc":"","_seopress_robots_index":""},"product_brand":[],"product_cat":[30,31],"product_tag":[],"class_list":{"0":"post-2509","1":"product","2":"type-product","3":"status-publish","4":"has-post-thumbnail","6":"product_cat-hot-pot-table","7":"product_cat-square-hot-pot-tables","9":"first","10":"instock","11":"shipping-taxable","12":"product-type-simple"},"acf":[],"_links":{"self":[{"href":"https:\/\/hpott.com\/tr\/wp-json\/wp\/v2\/product\/2509","targetHints":{"allow":["GET"]}}],"collection":[{"href":"https:\/\/hpott.com\/tr\/wp-json\/wp\/v2\/product"}],"about":[{"href":"https:\/\/hpott.com\/tr\/wp-json\/wp\/v2\/types\/product"}],"wp:featuredmedia":[{"embeddable":true,"href":"https:\/\/hpott.com\/tr\/wp-json\/wp\/v2\/media\/5114"}],"wp:attachment":[{"href":"https:\/\/hpott.com\/tr\/wp-json\/wp\/v2\/media?parent=2509"}],"wp:term":[{"taxonomy":"product_brand","embeddable":true,"href":"https:\/\/hpott.com\/tr\/wp-json\/wp\/v2\/product_brand?post=2509"},{"taxonomy":"product_cat","embeddable":true,"href":"https:\/\/hpott.com\/tr\/wp-json\/wp\/v2\/product_cat?post=2509"},{"taxonomy":"product_tag","embeddable":true,"href":"https:\/\/hpott.com\/tr\/wp-json\/wp\/v2\/product_tag?post=2509"}],"curies":[{"name":"wp","href":"https:\/\/api.w.org\/{rel}","templated":true}]}}