{"id":3042,"date":"2022-10-12T22:57:08","date_gmt":"2022-10-13T06:57:08","guid":{"rendered":"https:\/\/hpott.com\/?post_type=product&#038;p=3042"},"modified":"2023-06-15T01:46:46","modified_gmt":"2023-06-15T09:46:46","slug":"satilik-restoran-ticari-dumansiz-sicak-tencere-masasi","status":"publish","type":"product","link":"https:\/\/hpott.com\/tr\/urun\/satilik-restoran-ticari-dumansiz-sicak-tencere-masasi\/","title":{"rendered":"Restoran ticari dumans\u0131z s\u0131cak tencere masas\u0131 sat\u0131l\u0131k"},"content":{"rendered":"<p>\u3010\u0130sim\u3011<strong>: <\/strong>S\u0131cak Tencere Masas\u0131<br \/>\n\u3010K\u00f6keni\u3011<strong>: <\/strong>Guangdong, \u00c7in<br \/>\n\u3010Boyut\u3011<strong>: <\/strong>1300X900X760mm (Boyut \u00f6zelle\u015ftirilebilir)<br \/>\n\u3010Malzeme\u3011<strong>: <\/strong>Kuvarsit + ah\u015fap dokulu paslanmaz \u00e7elik tabanl\u0131 masif ah\u015fap (Malzeme \u00f6zelle\u015ftirilebilir)<br \/>\n\u3010Renk\u3011<strong>: <\/strong>Talep \u00fczerine mevcuttur<br \/>\n\u3010Ba\u015fvuru\u3011<strong>: <\/strong>S\u0131cak tencere restoran\u0131, otel, di\u011fer restoranlar<br \/>\n\u3010\u00d6zellik\u3011<br \/>\n01<br \/>\nEntegre dekoratif halka<br \/>\nEntegre \u015fekillendirme ba\u015fl\u0131\u011f\u0131 kal\u0131nla\u015ft\u0131r\u0131lm\u0131\u015f paslanmaz \u00e7elikten, kusursuz bir \u015fekilde entegre edilmi\u015f \u015fekillendirme yap\u0131s\u0131ndan ve s\u0131k\u0131 bir s\u0131k\u0131\u015ft\u0131rma pozisyonundan yap\u0131lm\u0131\u015ft\u0131r.<br \/>\n02<br \/>\nDumans\u0131z ar\u0131tma<br \/>\nDuman egzoz borusu takmaya gerek yok, dumans\u0131z ar\u0131t\u0131c\u0131y\u0131 do\u011frudan kullan\u0131n, enerji tasarrufu ve \u00e7evre koruma, yeni moda<br \/>\n03<br \/>\n\u00d6zelle\u015ftirilmi\u015f dumans\u0131z s\u0131cak tencere masas\u0131<br \/>\nY\u00fcksek kaliteli ta\u015f se\u00e7in, modern, sade bir \u00c7in stili yarat\u0131n, s\u0131cak, pratik, sade ve c\u00f6mert bir stil<br \/>\n04<br \/>\nPaslanmaz \u00e7elik ayak dayana\u011f\u0131<br \/>\nS\u0131cak tencere tablas\u0131 sa\u011flam ve sabit bir \u015fekilde desteklenir ve sallanmaz, yeme\u011finizin tad\u0131n\u0131 daha rahat \u00e7\u0131kar\u0131rs\u0131n\u0131z.<\/p>\n<p><img loading=\"lazy\" decoding=\"async\" class=\"size-full wp-image-5683\" src=\"http:\/\/hpott.com\/wp-content\/uploads\/2022\/10\/black-hot-pot-table.webp\" alt=\"restoran ticari dumans\u0131z s\u0131cak tencere masas\u0131\" width=\"750\" height=\"2481\" srcset=\"https:\/\/hpott.com\/wp-content\/uploads\/2022\/10\/black-hot-pot-table.webp 750w, https:\/\/hpott.com\/wp-content\/uploads\/2022\/10\/black-hot-pot-table-91x300.webp 91w, https:\/\/hpott.com\/wp-content\/uploads\/2022\/10\/black-hot-pot-table-310x1024.webp 310w, https:\/\/hpott.com\/wp-content\/uploads\/2022\/10\/black-hot-pot-table-464x1536.webp 464w, https:\/\/hpott.com\/wp-content\/uploads\/2022\/10\/black-hot-pot-table-619x2048.webp 619w, https:\/\/hpott.com\/wp-content\/uploads\/2022\/10\/black-hot-pot-table-600x1985.webp 600w, https:\/\/hpott.com\/wp-content\/uploads\/2022\/10\/black-hot-pot-table-64x212.webp 64w\" sizes=\"auto, (max-width: 750px) 100vw, 750px\" \/><\/p>\n<p><img loading=\"lazy\" decoding=\"async\" class=\"size-full wp-image-5687\" src=\"http:\/\/hpott.com\/wp-content\/uploads\/2022\/10\/black-hot-pot-table-1-1.webp\" alt=\"restoran ticari dumans\u0131z s\u0131cak tencere masas\u0131\" width=\"750\" height=\"2283\" srcset=\"https:\/\/hpott.com\/wp-content\/uploads\/2022\/10\/black-hot-pot-table-1-1.webp 750w, https:\/\/hpott.com\/wp-content\/uploads\/2022\/10\/black-hot-pot-table-1-1-99x300.webp 99w, https:\/\/hpott.com\/wp-content\/uploads\/2022\/10\/black-hot-pot-table-1-1-336x1024.webp 336w, https:\/\/hpott.com\/wp-content\/uploads\/2022\/10\/black-hot-pot-table-1-1-505x1536.webp 505w, https:\/\/hpott.com\/wp-content\/uploads\/2022\/10\/black-hot-pot-table-1-1-673x2048.webp 673w, https:\/\/hpott.com\/wp-content\/uploads\/2022\/10\/black-hot-pot-table-1-1-600x1826.webp 600w, https:\/\/hpott.com\/wp-content\/uploads\/2022\/10\/black-hot-pot-table-1-1-64x195.webp 64w\" sizes=\"auto, (max-width: 750px) 100vw, 750px\" \/><\/p>","protected":false},"excerpt":{"rendered":"<p><strong>\u00dcr\u00fcn Kimli\u011fi<\/strong>: HP-S01<\/p>\n<p><strong>\u00d6zellik<\/strong>\uff1a g\u00f6m\u00fcl\u00fc anahtarlar, dahili ar\u0131t\u0131c\u0131lar, \u00e7oklu g\u00fcvenlik korumas\u0131, mermer kakmal\u0131 masif ah\u015fap ve paslanmaz \u00e7elik taban<\/p>","protected":false},"featured_media":5099,"template":"","meta":{"_acf_changed":false,"_seopress_robots_primary_cat":"none","_seopress_titles_title":"","_seopress_titles_desc":"","_seopress_robots_index":""},"product_brand":[],"product_cat":[30,31],"product_tag":[],"class_list":{"0":"post-3042","1":"product","2":"type-product","3":"status-publish","4":"has-post-thumbnail","6":"product_cat-hot-pot-table","7":"product_cat-square-hot-pot-tables","9":"first","10":"instock","11":"shipping-taxable","12":"product-type-simple"},"acf":[],"_links":{"self":[{"href":"https:\/\/hpott.com\/tr\/wp-json\/wp\/v2\/product\/3042","targetHints":{"allow":["GET"]}}],"collection":[{"href":"https:\/\/hpott.com\/tr\/wp-json\/wp\/v2\/product"}],"about":[{"href":"https:\/\/hpott.com\/tr\/wp-json\/wp\/v2\/types\/product"}],"wp:featuredmedia":[{"embeddable":true,"href":"https:\/\/hpott.com\/tr\/wp-json\/wp\/v2\/media\/5099"}],"wp:attachment":[{"href":"https:\/\/hpott.com\/tr\/wp-json\/wp\/v2\/media?parent=3042"}],"wp:term":[{"taxonomy":"product_brand","embeddable":true,"href":"https:\/\/hpott.com\/tr\/wp-json\/wp\/v2\/product_brand?post=3042"},{"taxonomy":"product_cat","embeddable":true,"href":"https:\/\/hpott.com\/tr\/wp-json\/wp\/v2\/product_cat?post=3042"},{"taxonomy":"product_tag","embeddable":true,"href":"https:\/\/hpott.com\/tr\/wp-json\/wp\/v2\/product_tag?post=3042"}],"curies":[{"name":"wp","href":"https:\/\/api.w.org\/{rel}","templated":true}]}}