{"id":3577,"date":"2022-10-21T00:58:43","date_gmt":"2022-10-21T08:58:43","guid":{"rendered":"https:\/\/hpott.com\/?post_type=product&#038;p=3577"},"modified":"2023-06-15T02:03:31","modified_gmt":"2023-06-15T10:03:31","slug":"1700w-elektrikli-kapali-kore-barbeku-izgarasi","status":"publish","type":"product","link":"https:\/\/hpott.com\/tr\/urun\/1700w-elektrikli-kapali-kore-barbeku-izgarasi\/","title":{"rendered":"1700W Tek Elektrikli Kapal\u0131 Kore Barbek\u00fc Izgaras\u0131"},"content":{"rendered":"<p><strong>\u00dcr\u00fcn Boyutu: <\/strong>345X290X300mm<br \/>\n<strong>Izgara g\u00f6zenek boyutu: <\/strong>250X160mm<br \/>\n<strong>G\u00fc\u00e7: <\/strong>1700w<br \/>\n<strong>Delik boyutu: <\/strong>320X265mm<\/p>\n<p><strong>Malzeme: <\/strong>Paslanmaz \u00e7elik<\/p>","protected":false},"excerpt":{"rendered":"<p><strong>\u00dcr\u00fcn Kimli\u011fi<\/strong>: HP-E345<\/p>\n<p>Bu model tek ki\u015filiktir ve duman tahliye sistemi olarak kullan\u0131labilir.<\/p>","protected":false},"featured_media":5138,"template":"","meta":{"_acf_changed":false,"_seopress_robots_primary_cat":"none","_seopress_titles_title":"","_seopress_titles_desc":"","_seopress_robots_index":""},"product_brand":[],"product_cat":[37,36],"product_tag":[],"class_list":{"0":"post-3577","1":"product","2":"type-product","3":"status-publish","4":"has-post-thumbnail","6":"product_cat-bbq-grill","7":"product_cat-electric-bbq-grill","9":"first","10":"instock","11":"shipping-taxable","12":"product-type-simple"},"acf":[],"_links":{"self":[{"href":"https:\/\/hpott.com\/tr\/wp-json\/wp\/v2\/product\/3577","targetHints":{"allow":["GET"]}}],"collection":[{"href":"https:\/\/hpott.com\/tr\/wp-json\/wp\/v2\/product"}],"about":[{"href":"https:\/\/hpott.com\/tr\/wp-json\/wp\/v2\/types\/product"}],"wp:featuredmedia":[{"embeddable":true,"href":"https:\/\/hpott.com\/tr\/wp-json\/wp\/v2\/media\/5138"}],"wp:attachment":[{"href":"https:\/\/hpott.com\/tr\/wp-json\/wp\/v2\/media?parent=3577"}],"wp:term":[{"taxonomy":"product_brand","embeddable":true,"href":"https:\/\/hpott.com\/tr\/wp-json\/wp\/v2\/product_brand?post=3577"},{"taxonomy":"product_cat","embeddable":true,"href":"https:\/\/hpott.com\/tr\/wp-json\/wp\/v2\/product_cat?post=3577"},{"taxonomy":"product_tag","embeddable":true,"href":"https:\/\/hpott.com\/tr\/wp-json\/wp\/v2\/product_tag?post=3577"}],"curies":[{"name":"wp","href":"https:\/\/api.w.org\/{rel}","templated":true}]}}