{"id":3596,"date":"2022-10-21T01:40:13","date_gmt":"2022-10-21T09:40:13","guid":{"rendered":"https:\/\/hpott.com\/?post_type=product&#038;p=3596"},"modified":"2023-07-08T01:10:39","modified_gmt":"2023-07-08T09:10:39","slug":"2200w-yuvarlak-siyah-kristal-tup-kore-barbeku-izgarasi","status":"publish","type":"product","link":"https:\/\/hpott.com\/tr\/urun\/2200w-yuvarlak-siyah-kristal-tup-kore-barbeku-izgarasi\/","title":{"rendered":"2200W Yuvarlak Siyah Kristal T\u00fcp Kore Barbek\u00fc Yakiniku Izgara"},"content":{"rendered":"<p><strong>\u00dcr\u00fcn Boyutu: <\/strong>\u00c7ap 420X380mm<br \/>\n<strong>Izgara g\u00f6zenek boyutu: <\/strong>\u00c7ap 290mm<br \/>\n<strong>G\u00fc\u00e7: <\/strong>2200w<br \/>\n<strong>Delik boyutu: <\/strong>\u00c7ap 380mm<\/p>\n<p><strong>Malzeme: <\/strong>Paslanmaz \u00e7elik<\/p>","protected":false},"excerpt":{"rendered":"<p><strong>\u00dcr\u00fcn Kimli\u011fi:<\/strong>\u00a0HP-ER420<\/p>\n<p><strong>Renk: <\/strong>G\u00fcl Alt\u0131n<\/p>\n<p>Bu tarz piyasadaki en pop\u00fcler modellerden biridir ve iste\u011fe ba\u011fl\u0131 \u0131zgara tavas\u0131d\u0131r.<\/p>","protected":false},"featured_media":5135,"template":"","meta":{"_acf_changed":false,"_seopress_robots_primary_cat":"none","_seopress_titles_title":"","_seopress_titles_desc":"","_seopress_robots_index":""},"product_brand":[],"product_cat":[37,36],"product_tag":[],"class_list":{"0":"post-3596","1":"product","2":"type-product","3":"status-publish","4":"has-post-thumbnail","6":"product_cat-bbq-grill","7":"product_cat-electric-bbq-grill","9":"first","10":"instock","11":"shipping-taxable","12":"product-type-simple"},"acf":[],"_links":{"self":[{"href":"https:\/\/hpott.com\/tr\/wp-json\/wp\/v2\/product\/3596","targetHints":{"allow":["GET"]}}],"collection":[{"href":"https:\/\/hpott.com\/tr\/wp-json\/wp\/v2\/product"}],"about":[{"href":"https:\/\/hpott.com\/tr\/wp-json\/wp\/v2\/types\/product"}],"wp:featuredmedia":[{"embeddable":true,"href":"https:\/\/hpott.com\/tr\/wp-json\/wp\/v2\/media\/5135"}],"wp:attachment":[{"href":"https:\/\/hpott.com\/tr\/wp-json\/wp\/v2\/media?parent=3596"}],"wp:term":[{"taxonomy":"product_brand","embeddable":true,"href":"https:\/\/hpott.com\/tr\/wp-json\/wp\/v2\/product_brand?post=3596"},{"taxonomy":"product_cat","embeddable":true,"href":"https:\/\/hpott.com\/tr\/wp-json\/wp\/v2\/product_cat?post=3596"},{"taxonomy":"product_tag","embeddable":true,"href":"https:\/\/hpott.com\/tr\/wp-json\/wp\/v2\/product_tag?post=3596"}],"curies":[{"name":"wp","href":"https:\/\/api.w.org\/{rel}","templated":true}]}}