{"id":3616,"date":"2022-10-21T02:24:07","date_gmt":"2022-10-21T10:24:07","guid":{"rendered":"https:\/\/hpott.com\/?post_type=product&#038;p=3616"},"modified":"2023-06-15T01:45:20","modified_gmt":"2023-06-15T09:45:20","slug":"yeni-varis-cin-dumansiz-guvec-yemek-masasi","status":"publish","type":"product","link":"https:\/\/hpott.com\/tr\/urun\/yeni-varis-cin-dumansiz-guvec-yemek-masasi\/","title":{"rendered":"Yeni Var\u0131\u015f \u00c7in Dumans\u0131z S\u0131cak Tencere Yemek Masas\u0131"},"content":{"rendered":"<p><strong>\u00dcr\u00fcn Boyutu: <\/strong>1300X900X750mm (boyutlar \u00f6zelle\u015ftirilebilir)<br \/>\n<strong>G\u00fc\u00e7: <\/strong>3000w<br \/>\n<strong>Delik boyutu: <\/strong>\u00c7ap 405mm<\/p>\n<p><strong>Not: <\/strong>\u0130htiya\u00e7lar\u0131n\u0131za g\u00f6re masa malzemesini, masa boyutunu ve masa rengini tasarlayabiliriz.<\/p>\n<p><img loading=\"lazy\" decoding=\"async\" class=\"size-full wp-image-5738\" src=\"http:\/\/hpott.com\/wp-content\/uploads\/2022\/10\/hot-pot-table-6-scaled.webp\" alt=\"yeni var\u0131\u015f \u00e7in dumans\u0131z g\u00fcve\u00e7 yemek masas\u0131\" width=\"505\" height=\"2560\" srcset=\"https:\/\/hpott.com\/wp-content\/uploads\/2022\/10\/hot-pot-table-6-scaled.webp 505w, https:\/\/hpott.com\/wp-content\/uploads\/2022\/10\/hot-pot-table-6-59x300.webp 59w, https:\/\/hpott.com\/wp-content\/uploads\/2022\/10\/hot-pot-table-6-202x1024.webp 202w, https:\/\/hpott.com\/wp-content\/uploads\/2022\/10\/hot-pot-table-6-303x1536.webp 303w, https:\/\/hpott.com\/wp-content\/uploads\/2022\/10\/hot-pot-table-6-404x2048.webp 404w, https:\/\/hpott.com\/wp-content\/uploads\/2022\/10\/hot-pot-table-6-600x3040.webp 600w, https:\/\/hpott.com\/wp-content\/uploads\/2022\/10\/hot-pot-table-6-64x324.webp 64w\" sizes=\"auto, (max-width: 505px) 100vw, 505px\" \/><\/p>\n<p>&nbsp;<\/p>\n<p>&nbsp;<\/p>","protected":false},"excerpt":{"rendered":"<p><strong>\u00dcr\u00fcn Kimli\u011fi<\/strong>: HP-S06<\/p>\n<p><strong>\u3010Malzeme\u3011<\/strong>\uff1aKuvars ta\u015f\u0131 + paslanmaz \u00e7elik f\u0131r\u0131nlanm\u0131\u015f taban<\/p>\n<p><strong>\u3010\u00d6zellik\u3011<\/strong>\uff1a dumans\u0131z, y\u00fcksek g\u00fc\u00e7, iste\u011fe ba\u011fl\u0131 USB \u015farj cihaz\u0131, ani anahtar<\/p>","protected":false},"featured_media":5098,"template":"","meta":{"_acf_changed":false,"_seopress_robots_primary_cat":"none","_seopress_titles_title":"","_seopress_titles_desc":"","_seopress_robots_index":""},"product_brand":[],"product_cat":[30,31],"product_tag":[],"class_list":{"0":"post-3616","1":"product","2":"type-product","3":"status-publish","4":"has-post-thumbnail","6":"product_cat-hot-pot-table","7":"product_cat-square-hot-pot-tables","9":"first","10":"instock","11":"shipping-taxable","12":"product-type-simple"},"acf":[],"_links":{"self":[{"href":"https:\/\/hpott.com\/tr\/wp-json\/wp\/v2\/product\/3616","targetHints":{"allow":["GET"]}}],"collection":[{"href":"https:\/\/hpott.com\/tr\/wp-json\/wp\/v2\/product"}],"about":[{"href":"https:\/\/hpott.com\/tr\/wp-json\/wp\/v2\/types\/product"}],"wp:featuredmedia":[{"embeddable":true,"href":"https:\/\/hpott.com\/tr\/wp-json\/wp\/v2\/media\/5098"}],"wp:attachment":[{"href":"https:\/\/hpott.com\/tr\/wp-json\/wp\/v2\/media?parent=3616"}],"wp:term":[{"taxonomy":"product_brand","embeddable":true,"href":"https:\/\/hpott.com\/tr\/wp-json\/wp\/v2\/product_brand?post=3616"},{"taxonomy":"product_cat","embeddable":true,"href":"https:\/\/hpott.com\/tr\/wp-json\/wp\/v2\/product_cat?post=3616"},{"taxonomy":"product_tag","embeddable":true,"href":"https:\/\/hpott.com\/tr\/wp-json\/wp\/v2\/product_tag?post=3616"}],"curies":[{"name":"wp","href":"https:\/\/api.w.org\/{rel}","templated":true}]}}