{"id":3621,"date":"2022-10-21T02:37:27","date_gmt":"2022-10-21T10:37:27","guid":{"rendered":"https:\/\/hpott.com\/?post_type=product&#038;p=3621"},"modified":"2023-06-26T01:44:42","modified_gmt":"2023-06-26T09:44:42","slug":"restoran-icin-toptan-yerlesik-sicak-tencere-masasi","status":"publish","type":"product","link":"https:\/\/hpott.com\/tr\/urun\/restoran-icin-toptan-yerlesik-sicak-tencere-masasi\/","title":{"rendered":"Restoran \u0130\u00e7in Toptan Dahili Duman \u00c7\u0131karmayan S\u0131cak Tencere Masas\u0131"},"content":{"rendered":"<p><img loading=\"lazy\" decoding=\"async\" class=\"size-full wp-image-5735\" src=\"http:\/\/hpott.com\/wp-content\/uploads\/2022\/10\/round-hot-pot-table.webp\" alt=\"Restoran i\u00e7in toptan yerle\u015fik s\u0131cak tencere masas\u0131\" width=\"750\" height=\"1141\" srcset=\"https:\/\/hpott.com\/wp-content\/uploads\/2022\/10\/round-hot-pot-table.webp 750w, https:\/\/hpott.com\/wp-content\/uploads\/2022\/10\/round-hot-pot-table-197x300.webp 197w, https:\/\/hpott.com\/wp-content\/uploads\/2022\/10\/round-hot-pot-table-673x1024.webp 673w, https:\/\/hpott.com\/wp-content\/uploads\/2022\/10\/round-hot-pot-table-600x913.webp 600w, https:\/\/hpott.com\/wp-content\/uploads\/2022\/10\/round-hot-pot-table-64x97.webp 64w\" sizes=\"auto, (max-width: 750px) 100vw, 750px\" \/><\/p>\n<p><img loading=\"lazy\" decoding=\"async\" class=\"size-full wp-image-5736\" src=\"http:\/\/hpott.com\/wp-content\/uploads\/2022\/10\/round-hot-pot-table-2.webp\" alt=\"Restoran i\u00e7in toptan yerle\u015fik s\u0131cak tencere masas\u0131\" width=\"750\" height=\"1617\" srcset=\"https:\/\/hpott.com\/wp-content\/uploads\/2022\/10\/round-hot-pot-table-2.webp 750w, https:\/\/hpott.com\/wp-content\/uploads\/2022\/10\/round-hot-pot-table-2-139x300.webp 139w, https:\/\/hpott.com\/wp-content\/uploads\/2022\/10\/round-hot-pot-table-2-475x1024.webp 475w, https:\/\/hpott.com\/wp-content\/uploads\/2022\/10\/round-hot-pot-table-2-712x1536.webp 712w, https:\/\/hpott.com\/wp-content\/uploads\/2022\/10\/round-hot-pot-table-2-600x1294.webp 600w, https:\/\/hpott.com\/wp-content\/uploads\/2022\/10\/round-hot-pot-table-2-64x138.webp 64w\" sizes=\"auto, (max-width: 750px) 100vw, 750px\" \/><\/p>","protected":false},"excerpt":{"rendered":"<p><strong>\u00dcr\u00fcn Kimli\u011fi<\/strong>: HP-R03<\/p>\n<p><strong>\u3010Malzeme\u3011<\/strong>\uff1apaslanmaz \u00e7elik sar\u0131l\u0131 kaya paneli + paslanmaz \u00e7elik f\u0131r\u0131nlanm\u0131\u015f taban<\/p>\n<p><strong>\u3010\u00d6zellik\u3011<\/strong>\uff1a dumans\u0131z, y\u00fcksek g\u00fc\u00e7, iste\u011fe ba\u011fl\u0131 USB \u015farj cihaz\u0131, ani anahtar<\/p>","protected":false},"featured_media":5097,"template":"","meta":{"_acf_changed":false,"_seopress_robots_primary_cat":"none","_seopress_titles_title":"","_seopress_titles_desc":"","_seopress_robots_index":""},"product_brand":[],"product_cat":[30,32],"product_tag":[],"class_list":{"0":"post-3621","1":"product","2":"type-product","3":"status-publish","4":"has-post-thumbnail","6":"product_cat-hot-pot-table","7":"product_cat-round-hot-pot-tables","9":"first","10":"instock","11":"shipping-taxable","12":"product-type-simple"},"acf":[],"_links":{"self":[{"href":"https:\/\/hpott.com\/tr\/wp-json\/wp\/v2\/product\/3621","targetHints":{"allow":["GET"]}}],"collection":[{"href":"https:\/\/hpott.com\/tr\/wp-json\/wp\/v2\/product"}],"about":[{"href":"https:\/\/hpott.com\/tr\/wp-json\/wp\/v2\/types\/product"}],"wp:featuredmedia":[{"embeddable":true,"href":"https:\/\/hpott.com\/tr\/wp-json\/wp\/v2\/media\/5097"}],"wp:attachment":[{"href":"https:\/\/hpott.com\/tr\/wp-json\/wp\/v2\/media?parent=3621"}],"wp:term":[{"taxonomy":"product_brand","embeddable":true,"href":"https:\/\/hpott.com\/tr\/wp-json\/wp\/v2\/product_brand?post=3621"},{"taxonomy":"product_cat","embeddable":true,"href":"https:\/\/hpott.com\/tr\/wp-json\/wp\/v2\/product_cat?post=3621"},{"taxonomy":"product_tag","embeddable":true,"href":"https:\/\/hpott.com\/tr\/wp-json\/wp\/v2\/product_tag?post=3621"}],"curies":[{"name":"wp","href":"https:\/\/api.w.org\/{rel}","templated":true}]}}