{"id":3625,"date":"2022-10-21T02:50:22","date_gmt":"2022-10-21T10:50:22","guid":{"rendered":"https:\/\/hpott.com\/?post_type=product&#038;p=3625"},"modified":"2023-06-15T01:25:56","modified_gmt":"2023-06-15T09:25:56","slug":"ticari-amacli-dumansiz-kore-barbeku-ve-sicak-tencere-masasi-tasarimi","status":"publish","type":"product","link":"https:\/\/hpott.com\/tr\/urun\/ticari-amacli-dumansiz-kore-barbeku-ve-sicak-tencere-masasi-tasarimi\/","title":{"rendered":"Ticari Ama\u00e7l\u0131 Duman \u00c7\u0131karmayan Kore Barbek\u00fc ve S\u0131cak Tencere Masas\u0131 Tasar\u0131m\u0131"},"content":{"rendered":"<p>\u00dcr\u00fcn Boyutu<strong>: <\/strong>1300X900X750 (boyutlar \u00f6zelle\u015ftirilebilir)<br \/>\nG\u00fc\u00e7<strong>: <\/strong>\u0130nd\u00fcksiyonlu ocak 2000w + \u0131zgara 2400w<br \/>\nDelik boyutu<strong>: <\/strong>705X335mm<\/p>\n<p>Not<strong>: <\/strong>Masa malzemesi, masa boyutu ve masa rengi, s\u0131cak tencere ekipman\u0131 ihtiya\u00e7lar\u0131n\u0131za g\u00f6re<\/p>\n<p><img loading=\"lazy\" decoding=\"async\" class=\"size-full wp-image-5696\" src=\"http:\/\/hpott.com\/wp-content\/uploads\/2022\/10\/hotpot-grill-table.webp\" alt=\"ticari ama\u00e7l\u0131 dumans\u0131z kore barbek\u00fc ve s\u0131cak tencere masas\u0131 tasar\u0131m\u0131\" width=\"750\" height=\"2393\" srcset=\"https:\/\/hpott.com\/wp-content\/uploads\/2022\/10\/hotpot-grill-table.webp 750w, https:\/\/hpott.com\/wp-content\/uploads\/2022\/10\/hotpot-grill-table-94x300.webp 94w, https:\/\/hpott.com\/wp-content\/uploads\/2022\/10\/hotpot-grill-table-321x1024.webp 321w, https:\/\/hpott.com\/wp-content\/uploads\/2022\/10\/hotpot-grill-table-481x1536.webp 481w, https:\/\/hpott.com\/wp-content\/uploads\/2022\/10\/hotpot-grill-table-642x2048.webp 642w, https:\/\/hpott.com\/wp-content\/uploads\/2022\/10\/hotpot-grill-table-600x1914.webp 600w, https:\/\/hpott.com\/wp-content\/uploads\/2022\/10\/hotpot-grill-table-64x204.webp 64w\" sizes=\"auto, (max-width: 750px) 100vw, 750px\" \/><\/p>\n<p><img loading=\"lazy\" decoding=\"async\" class=\"size-full wp-image-5697\" src=\"http:\/\/hpott.com\/wp-content\/uploads\/2022\/10\/hotpot-grill-table-1.webp\" alt=\"ticari ama\u00e7l\u0131 dumans\u0131z kore barbek\u00fc ve s\u0131cak tencere masas\u0131 tasar\u0131m\u0131\" width=\"750\" height=\"2227\" srcset=\"https:\/\/hpott.com\/wp-content\/uploads\/2022\/10\/hotpot-grill-table-1.webp 750w, https:\/\/hpott.com\/wp-content\/uploads\/2022\/10\/hotpot-grill-table-1-101x300.webp 101w, https:\/\/hpott.com\/wp-content\/uploads\/2022\/10\/hotpot-grill-table-1-345x1024.webp 345w, https:\/\/hpott.com\/wp-content\/uploads\/2022\/10\/hotpot-grill-table-1-517x1536.webp 517w, https:\/\/hpott.com\/wp-content\/uploads\/2022\/10\/hotpot-grill-table-1-690x2048.webp 690w, https:\/\/hpott.com\/wp-content\/uploads\/2022\/10\/hotpot-grill-table-1-600x1782.webp 600w, https:\/\/hpott.com\/wp-content\/uploads\/2022\/10\/hotpot-grill-table-1-64x190.webp 64w\" sizes=\"auto, (max-width: 750px) 100vw, 750px\" \/><\/p>","protected":false},"excerpt":{"rendered":"<p><strong>\u00dcr\u00fcn Kimli\u011fi<\/strong>: HP-C02<\/p>\n<p><strong>\u3010Malzeme\u3011<\/strong>\uff1apaslanmaz \u00e7elik kapl\u0131 mermer+paslanmaz \u00e7elik f\u0131r\u0131nlanm\u0131\u015f taban<\/p>\n<p><strong>\u3010\u00d6zellik\u3011<\/strong>\uff1a dumans\u0131z, y\u00fcksek g\u00fc\u00e7, iste\u011fe ba\u011fl\u0131 USB \u015farj cihaz\u0131, dahili anahtar, 2&#039;si 1 arada tasar\u0131m<\/p>","protected":false},"featured_media":5095,"template":"","meta":{"_acf_changed":false,"_seopress_robots_primary_cat":"none","_seopress_titles_title":"","_seopress_titles_desc":"","_seopress_robots_index":""},"product_brand":[],"product_cat":[40,30,33],"product_tag":[],"class_list":{"0":"post-3625","1":"product","2":"type-product","3":"status-publish","4":"has-post-thumbnail","6":"product_cat-korean-bbq-grill-table","7":"product_cat-hot-pot-table","8":"product_cat-hot-pot-and-bbq-table","10":"first","11":"instock","12":"shipping-taxable","13":"product-type-simple"},"acf":[],"_links":{"self":[{"href":"https:\/\/hpott.com\/tr\/wp-json\/wp\/v2\/product\/3625","targetHints":{"allow":["GET"]}}],"collection":[{"href":"https:\/\/hpott.com\/tr\/wp-json\/wp\/v2\/product"}],"about":[{"href":"https:\/\/hpott.com\/tr\/wp-json\/wp\/v2\/types\/product"}],"wp:featuredmedia":[{"embeddable":true,"href":"https:\/\/hpott.com\/tr\/wp-json\/wp\/v2\/media\/5095"}],"wp:attachment":[{"href":"https:\/\/hpott.com\/tr\/wp-json\/wp\/v2\/media?parent=3625"}],"wp:term":[{"taxonomy":"product_brand","embeddable":true,"href":"https:\/\/hpott.com\/tr\/wp-json\/wp\/v2\/product_brand?post=3625"},{"taxonomy":"product_cat","embeddable":true,"href":"https:\/\/hpott.com\/tr\/wp-json\/wp\/v2\/product_cat?post=3625"},{"taxonomy":"product_tag","embeddable":true,"href":"https:\/\/hpott.com\/tr\/wp-json\/wp\/v2\/product_tag?post=3625"}],"curies":[{"name":"wp","href":"https:\/\/api.w.org\/{rel}","templated":true}]}}