{"id":3890,"date":"2022-10-25T00:49:09","date_gmt":"2022-10-25T08:49:09","guid":{"rendered":"https:\/\/hpott.com\/?post_type=product&#038;p=3890"},"modified":"2023-06-15T01:25:25","modified_gmt":"2023-06-15T09:25:25","slug":"samgyupsal-yakiniku-izgara-masasi","status":"publish","type":"product","link":"https:\/\/hpott.com\/tr\/urun\/samgyupsal-yakiniku-izgara-masasi\/","title":{"rendered":"Samgyupsal Yakiniku 4 Ki\u015filik Kore Japon Barbek\u00fc Izgara Masas\u0131"},"content":{"rendered":"<p><strong>Not: <\/strong><span style=\"color: #ff0000;\">\u0130htiya\u00e7lar\u0131n\u0131za g\u00f6re masa malzemesi, masa boyutu, masa rengi ve barbek\u00fc \u0131zgara ekipman\u0131<\/span><\/p>\n<p><img loading=\"lazy\" decoding=\"async\" class=\"alignnone wp-image-5608 size-full\" src=\"http:\/\/hpott.com\/wp-content\/uploads\/2022\/10\/Korean-bbq-grill1.webp\" alt=\"samgyupsal yakiniku 4 ki\u015filik kore japon barbek\u00fc \u0131zgara masas\u0131\" width=\"750\" height=\"750\" srcset=\"https:\/\/hpott.com\/wp-content\/uploads\/2022\/10\/Korean-bbq-grill1.webp 750w, https:\/\/hpott.com\/wp-content\/uploads\/2022\/10\/Korean-bbq-grill1-300x300.webp 300w, https:\/\/hpott.com\/wp-content\/uploads\/2022\/10\/Korean-bbq-grill1-150x150.webp 150w, https:\/\/hpott.com\/wp-content\/uploads\/2022\/10\/Korean-bbq-grill1-600x600.webp 600w, https:\/\/hpott.com\/wp-content\/uploads\/2022\/10\/Korean-bbq-grill1-100x100.webp 100w, https:\/\/hpott.com\/wp-content\/uploads\/2022\/10\/Korean-bbq-grill1-64x64.webp 64w\" sizes=\"auto, (max-width: 750px) 100vw, 750px\" \/><\/p>\n<p><img loading=\"lazy\" decoding=\"async\" class=\"alignnone wp-image-5610 size-full\" src=\"http:\/\/hpott.com\/wp-content\/uploads\/2022\/10\/yakiniku-grill.webp\" alt=\"samgyupsal yakiniku 4 ki\u015filik kore japon barbek\u00fc \u0131zgara masas\u0131\" width=\"750\" height=\"750\" srcset=\"https:\/\/hpott.com\/wp-content\/uploads\/2022\/10\/yakiniku-grill.webp 750w, https:\/\/hpott.com\/wp-content\/uploads\/2022\/10\/yakiniku-grill-300x300.webp 300w, https:\/\/hpott.com\/wp-content\/uploads\/2022\/10\/yakiniku-grill-150x150.webp 150w, https:\/\/hpott.com\/wp-content\/uploads\/2022\/10\/yakiniku-grill-600x600.webp 600w, https:\/\/hpott.com\/wp-content\/uploads\/2022\/10\/yakiniku-grill-100x100.webp 100w, https:\/\/hpott.com\/wp-content\/uploads\/2022\/10\/yakiniku-grill-64x64.webp 64w\" sizes=\"auto, (max-width: 750px) 100vw, 750px\" \/><\/p>\n<p style=\"text-align: left;\"><strong>\u00dcr\u00fcn A\u00e7\u0131klamas\u0131<\/strong><\/p>\n<p><img loading=\"lazy\" decoding=\"async\" class=\"wp-image-5572 size-full\" src=\"http:\/\/hpott.com\/wp-content\/uploads\/2023\/03\/610-Korean-BBQ-grill-2.webp\" alt=\"Kore barbek\u00fc \u0131zgaras\u0131 restoran i\u00e7in elektrikli\" width=\"750\" height=\"950\" srcset=\"https:\/\/hpott.com\/wp-content\/uploads\/2023\/03\/610-Korean-BBQ-grill-2.webp 750w, https:\/\/hpott.com\/wp-content\/uploads\/2023\/03\/610-Korean-BBQ-grill-2-237x300.webp 237w, https:\/\/hpott.com\/wp-content\/uploads\/2023\/03\/610-Korean-BBQ-grill-2-600x760.webp 600w, https:\/\/hpott.com\/wp-content\/uploads\/2023\/03\/610-Korean-BBQ-grill-2-64x81.webp 64w\" sizes=\"auto, (max-width: 750px) 100vw, 750px\" \/><\/p>\n<p><img loading=\"lazy\" decoding=\"async\" class=\"wp-image-5609 size-full\" src=\"http:\/\/hpott.com\/wp-content\/uploads\/2022\/10\/Korean-bbq-grill2.webp\" alt=\"samgyupsal yakiniku 4 ki\u015filik kore japon barbek\u00fc \u0131zgara masas\u0131\" width=\"750\" height=\"750\" srcset=\"https:\/\/hpott.com\/wp-content\/uploads\/2022\/10\/Korean-bbq-grill2.webp 750w, https:\/\/hpott.com\/wp-content\/uploads\/2022\/10\/Korean-bbq-grill2-300x300.webp 300w, https:\/\/hpott.com\/wp-content\/uploads\/2022\/10\/Korean-bbq-grill2-150x150.webp 150w, https:\/\/hpott.com\/wp-content\/uploads\/2022\/10\/Korean-bbq-grill2-600x600.webp 600w, https:\/\/hpott.com\/wp-content\/uploads\/2022\/10\/Korean-bbq-grill2-100x100.webp 100w, https:\/\/hpott.com\/wp-content\/uploads\/2022\/10\/Korean-bbq-grill2-64x64.webp 64w\" sizes=\"auto, (max-width: 750px) 100vw, 750px\" \/><\/p>\n<p>&nbsp;<\/p>","protected":false},"excerpt":{"rendered":"<p><strong>\u00dcr\u00fcn Kimli\u011fi<\/strong>: HP-SG01<\/p>\n<p><strong>\u3010Malzeme\u3011<\/strong>: paslanmaz \u00e7elik kakmal\u0131 kaya panelleri + paslanmaz \u00e7elik f\u0131r\u0131nlanm\u0131\u015f taban<\/p>\n<p><strong>\u3010\u00d6zellik\u3011<\/strong>: dumans\u0131z, y\u00fcksek g\u00fc\u00e7, \u0131zgara teli veya \u0131zgara tavas\u0131 iste\u011fe ba\u011fl\u0131<\/p>","protected":false},"featured_media":5120,"template":"","meta":{"_acf_changed":false,"_seopress_robots_primary_cat":"none","_seopress_titles_title":"Samgyupsal Yakiniku Korean Japanese BBQ Grill Table | HPOTT","_seopress_titles_desc":"Samgyupsal tables, yakiniku gas grill tables supplier matches your restaurant&#039;s needs and provides customized services, including table specification, etc.","_seopress_robots_index":""},"product_brand":[],"product_cat":[40],"product_tag":[],"class_list":{"0":"post-3890","1":"product","2":"type-product","3":"status-publish","4":"has-post-thumbnail","6":"product_cat-korean-bbq-grill-table","8":"first","9":"instock","10":"shipping-taxable","11":"product-type-simple"},"acf":[],"_links":{"self":[{"href":"https:\/\/hpott.com\/tr\/wp-json\/wp\/v2\/product\/3890","targetHints":{"allow":["GET"]}}],"collection":[{"href":"https:\/\/hpott.com\/tr\/wp-json\/wp\/v2\/product"}],"about":[{"href":"https:\/\/hpott.com\/tr\/wp-json\/wp\/v2\/types\/product"}],"wp:featuredmedia":[{"embeddable":true,"href":"https:\/\/hpott.com\/tr\/wp-json\/wp\/v2\/media\/5120"}],"wp:attachment":[{"href":"https:\/\/hpott.com\/tr\/wp-json\/wp\/v2\/media?parent=3890"}],"wp:term":[{"taxonomy":"product_brand","embeddable":true,"href":"https:\/\/hpott.com\/tr\/wp-json\/wp\/v2\/product_brand?post=3890"},{"taxonomy":"product_cat","embeddable":true,"href":"https:\/\/hpott.com\/tr\/wp-json\/wp\/v2\/product_cat?post=3890"},{"taxonomy":"product_tag","embeddable":true,"href":"https:\/\/hpott.com\/tr\/wp-json\/wp\/v2\/product_tag?post=3890"}],"curies":[{"name":"wp","href":"https:\/\/api.w.org\/{rel}","templated":true}]}}