{"id":3902,"date":"2022-10-25T02:15:07","date_gmt":"2022-10-25T10:15:07","guid":{"rendered":"https:\/\/hpott.com\/?post_type=product&#038;p=3902"},"modified":"2023-06-15T01:21:32","modified_gmt":"2023-06-15T09:21:32","slug":"dumansiz-ozel-kore-barbeku-izgara-sicak-tencere-masasi","status":"publish","type":"product","link":"https:\/\/hpott.com\/tr\/urun\/dumansiz-ozel-kore-barbeku-izgara-sicak-tencere-masasi\/","title":{"rendered":"Dumans\u0131z \u00d6zel Kore Barbek\u00fc Izgara S\u0131cak Tencere Masas\u0131"},"content":{"rendered":"<p>\u00dcr\u00fcn Boyutu: 1300X900X750mm (boyutlar \u00f6zelle\u015ftirilebilir)<br \/>\nG\u00fc\u00e7: \u0130nd\u00fcksiyonlu ocak 2000w + \u0131zgara 2400w<br \/>\nDelik boyutu: 705X335mm<\/p>\n<p>Not: Masa malzemesi, masa boyutu ve masa rengi, s\u0131cak tencere ekipman\u0131 ihtiya\u00e7lar\u0131n\u0131za g\u00f6re<\/p>\n<p><img loading=\"lazy\" decoding=\"async\" class=\"wp-image-5688 size-full\" src=\"http:\/\/hpott.com\/wp-content\/uploads\/2022\/10\/hot-pot-bbq-table-scaled.webp\" alt=\"dumans\u0131z \u00f6zel kore barbek\u00fc \u0131zgara s\u0131cak tencere masas\u0131\" width=\"630\" height=\"2560\" srcset=\"https:\/\/hpott.com\/wp-content\/uploads\/2022\/10\/hot-pot-bbq-table-scaled.webp 630w, https:\/\/hpott.com\/wp-content\/uploads\/2022\/10\/hot-pot-bbq-table-74x300.webp 74w, https:\/\/hpott.com\/wp-content\/uploads\/2022\/10\/hot-pot-bbq-table-252x1024.webp 252w, https:\/\/hpott.com\/wp-content\/uploads\/2022\/10\/hot-pot-bbq-table-378x1536.webp 378w, https:\/\/hpott.com\/wp-content\/uploads\/2022\/10\/hot-pot-bbq-table-504x2048.webp 504w, https:\/\/hpott.com\/wp-content\/uploads\/2022\/10\/hot-pot-bbq-table-64x260.webp 64w\" sizes=\"auto, (max-width: 630px) 100vw, 630px\" \/><\/p>\n<p>&nbsp;<\/p>","protected":false},"excerpt":{"rendered":"<p><strong>\u00dcr\u00fcn Kimli\u011fi:<\/strong> HP-C03<\/p>\n<p><strong>\u3010Malzeme\u3011\uff1a<\/strong>paslanmaz \u00e7elik sar\u0131l\u0131 mermer + paslanmaz \u00e7elik f\u0131r\u0131nlanm\u0131\u015f taban<\/p>\n<p>\u0130yi tasarlanm\u0131\u015f bir Kore barbek\u00fc ve s\u0131cak tencere masas\u0131, ola\u011fan\u00fcst\u00fc bir g\u00f6r\u00fcn\u00fcme ve m\u00fckemmel i\u015flevselli\u011fe sahip olmal\u0131d\u0131r.<\/p>","protected":false},"featured_media":5093,"template":"","meta":{"_acf_changed":false,"_seopress_robots_primary_cat":"none","_seopress_titles_title":"","_seopress_titles_desc":"","_seopress_robots_index":""},"product_brand":[],"product_cat":[40,30,33],"product_tag":[],"class_list":{"0":"post-3902","1":"product","2":"type-product","3":"status-publish","4":"has-post-thumbnail","6":"product_cat-korean-bbq-grill-table","7":"product_cat-hot-pot-table","8":"product_cat-hot-pot-and-bbq-table","10":"first","11":"instock","12":"shipping-taxable","13":"product-type-simple"},"acf":[],"_links":{"self":[{"href":"https:\/\/hpott.com\/tr\/wp-json\/wp\/v2\/product\/3902","targetHints":{"allow":["GET"]}}],"collection":[{"href":"https:\/\/hpott.com\/tr\/wp-json\/wp\/v2\/product"}],"about":[{"href":"https:\/\/hpott.com\/tr\/wp-json\/wp\/v2\/types\/product"}],"wp:featuredmedia":[{"embeddable":true,"href":"https:\/\/hpott.com\/tr\/wp-json\/wp\/v2\/media\/5093"}],"wp:attachment":[{"href":"https:\/\/hpott.com\/tr\/wp-json\/wp\/v2\/media?parent=3902"}],"wp:term":[{"taxonomy":"product_brand","embeddable":true,"href":"https:\/\/hpott.com\/tr\/wp-json\/wp\/v2\/product_brand?post=3902"},{"taxonomy":"product_cat","embeddable":true,"href":"https:\/\/hpott.com\/tr\/wp-json\/wp\/v2\/product_cat?post=3902"},{"taxonomy":"product_tag","embeddable":true,"href":"https:\/\/hpott.com\/tr\/wp-json\/wp\/v2\/product_tag?post=3902"}],"curies":[{"name":"wp","href":"https:\/\/api.w.org\/{rel}","templated":true}]}}