{"id":3911,"date":"2022-10-25T17:36:06","date_gmt":"2022-10-26T01:36:06","guid":{"rendered":"https:\/\/hpott.com\/?post_type=product&#038;p=3911"},"modified":"2023-06-15T01:20:56","modified_gmt":"2023-06-15T09:20:56","slug":"kore-barbeku-masa-izgarasi-cin-tedarikcisi-sicak-tencere-masasi","status":"publish","type":"product","link":"https:\/\/hpott.com\/tr\/urun\/kore-barbeku-masa-izgarasi-cin-tedarikcisi-sicak-tencere-masasi\/","title":{"rendered":"Kore Barbek\u00fc Masa Izgaras\u0131 \u00c7in Tedarik\u00e7isi S\u0131cak Tencere Masas\u0131"},"content":{"rendered":"<p>\u3010Ad\u0131\u3011: S\u0131cak Tencere Barbek\u00fc Masas\u0131<br \/>\n\u3010Men\u015fei\u3011: Guangdong, \u00c7in<br \/>\n\u3010Boyut\u3011: 1300X900X760mm (Boyut \u00f6zelle\u015ftirilebilir)<br \/>\n\u3010Malzeme\u3011: mermer masa \u00fcst\u00fc + d\u00f6k\u00fcm demir taban (Malzeme \u00f6zelle\u015ftirilebilir)<br \/>\n\u3010Renk\u3011: \u0130stek \u00fczerine mevcuttur<br \/>\n\u3010Uygulama\u3011: S\u0131cak tencere barbek\u00fc \u0131zgara restoran\u0131, otel, di\u011fer restoranlar<\/p>","protected":false},"excerpt":{"rendered":"<p><strong>\u00dcr\u00fcn Kimli\u011fi\uff1a <\/strong>HP-C04<\/p>\n<p>Kore dumans\u0131z barbek\u00fc \u0131zgaralar\u0131 ve s\u0131cak tencere masalar\u0131n\u0131n fabrikadan do\u011frudan sat\u0131\u015flar\u0131 \u00f6zelle\u015ftirilebilir USB aray\u00fcz\u00fc, cep telefonu \u015farj deste\u011fi ve kullan\u0131c\u0131 dostudur.<\/p>","protected":false},"featured_media":5092,"template":"","meta":{"_acf_changed":false,"_seopress_robots_primary_cat":"none","_seopress_titles_title":"","_seopress_titles_desc":"","_seopress_robots_index":""},"product_brand":[],"product_cat":[40,30,33],"product_tag":[],"class_list":{"0":"post-3911","1":"product","2":"type-product","3":"status-publish","4":"has-post-thumbnail","6":"product_cat-korean-bbq-grill-table","7":"product_cat-hot-pot-table","8":"product_cat-hot-pot-and-bbq-table","10":"first","11":"instock","12":"shipping-taxable","13":"product-type-simple"},"acf":[],"_links":{"self":[{"href":"https:\/\/hpott.com\/tr\/wp-json\/wp\/v2\/product\/3911","targetHints":{"allow":["GET"]}}],"collection":[{"href":"https:\/\/hpott.com\/tr\/wp-json\/wp\/v2\/product"}],"about":[{"href":"https:\/\/hpott.com\/tr\/wp-json\/wp\/v2\/types\/product"}],"wp:featuredmedia":[{"embeddable":true,"href":"https:\/\/hpott.com\/tr\/wp-json\/wp\/v2\/media\/5092"}],"wp:attachment":[{"href":"https:\/\/hpott.com\/tr\/wp-json\/wp\/v2\/media?parent=3911"}],"wp:term":[{"taxonomy":"product_brand","embeddable":true,"href":"https:\/\/hpott.com\/tr\/wp-json\/wp\/v2\/product_brand?post=3911"},{"taxonomy":"product_cat","embeddable":true,"href":"https:\/\/hpott.com\/tr\/wp-json\/wp\/v2\/product_cat?post=3911"},{"taxonomy":"product_tag","embeddable":true,"href":"https:\/\/hpott.com\/tr\/wp-json\/wp\/v2\/product_tag?post=3911"}],"curies":[{"name":"wp","href":"https:\/\/api.w.org\/{rel}","templated":true}]}}