{"id":3913,"date":"2022-10-25T17:45:45","date_gmt":"2022-10-26T01:45:45","guid":{"rendered":"https:\/\/hpott.com\/?post_type=product&#038;p=3913"},"modified":"2023-06-15T01:20:31","modified_gmt":"2023-06-15T09:20:31","slug":"kore-barbekusu-izgara-masasi-kore-barbekusu-yemek-masasi","status":"publish","type":"product","link":"https:\/\/hpott.com\/tr\/urun\/kore-barbekusu-izgara-masasi-kore-barbekusu-yemek-masasi\/","title":{"rendered":"Izgara Masas\u0131 ile Kore Barbek\u00fcs\u00fc Kore Barbek\u00fcs\u00fc Yemek Masas\u0131"},"content":{"rendered":"<p>\u3010Ad\u0131\u3011: S\u0131cak Tencere Barbek\u00fc Masas\u0131<br \/>\n\u3010Men\u015fei\u3011: Guangdong, \u00c7in<br \/>\n\u3010Boyut\u3011: 1300X900X760mm (Boyut \u00f6zelle\u015ftirilebilir)<br \/>\n\u3010Malzeme\u3011: Mermer masa \u00fcst\u00fc + paslanmaz \u00e7elik taban (Malzeme \u00f6zelle\u015ftirilebilir)<br \/>\n\u3010Renk\u3011: \u0130stek \u00fczerine mevcuttur<br \/>\n\u3010Uygulama\u3011: S\u0131cak tencere restoran\u0131, otel, di\u011fer restoranlar<\/p>\n<p>\u3010\u00d6zellik\u3011: \u00dc\u00e7 tip duman tahliyesi yap\u0131labilir<\/p>\n<p>&nbsp;<\/p>","protected":false},"excerpt":{"rendered":"<p><strong>\u00dcr\u00fcn Kimli\u011fi\uff1a HP-C05<\/strong><\/p>\n<p>15 y\u0131l\u0131 a\u015fk\u0131n profesyonel \u00f6zel s\u0131cak tencere \u0131zgara masas\u0131, dan\u0131\u015fmaya ho\u015f geldiniz<\/p>","protected":false},"featured_media":5091,"template":"","meta":{"_acf_changed":false,"_seopress_robots_primary_cat":"none","_seopress_titles_title":"","_seopress_titles_desc":"","_seopress_robots_index":""},"product_brand":[],"product_cat":[40,30,33],"product_tag":[],"class_list":{"0":"post-3913","1":"product","2":"type-product","3":"status-publish","4":"has-post-thumbnail","6":"product_cat-korean-bbq-grill-table","7":"product_cat-hot-pot-table","8":"product_cat-hot-pot-and-bbq-table","10":"first","11":"instock","12":"shipping-taxable","13":"product-type-simple"},"acf":[],"_links":{"self":[{"href":"https:\/\/hpott.com\/tr\/wp-json\/wp\/v2\/product\/3913","targetHints":{"allow":["GET"]}}],"collection":[{"href":"https:\/\/hpott.com\/tr\/wp-json\/wp\/v2\/product"}],"about":[{"href":"https:\/\/hpott.com\/tr\/wp-json\/wp\/v2\/types\/product"}],"wp:featuredmedia":[{"embeddable":true,"href":"https:\/\/hpott.com\/tr\/wp-json\/wp\/v2\/media\/5091"}],"wp:attachment":[{"href":"https:\/\/hpott.com\/tr\/wp-json\/wp\/v2\/media?parent=3913"}],"wp:term":[{"taxonomy":"product_brand","embeddable":true,"href":"https:\/\/hpott.com\/tr\/wp-json\/wp\/v2\/product_brand?post=3913"},{"taxonomy":"product_cat","embeddable":true,"href":"https:\/\/hpott.com\/tr\/wp-json\/wp\/v2\/product_cat?post=3913"},{"taxonomy":"product_tag","embeddable":true,"href":"https:\/\/hpott.com\/tr\/wp-json\/wp\/v2\/product_tag?post=3913"}],"curies":[{"name":"wp","href":"https:\/\/api.w.org\/{rel}","templated":true}]}}