{"id":3915,"date":"2022-10-25T18:01:20","date_gmt":"2022-10-26T02:01:20","guid":{"rendered":"https:\/\/hpott.com\/?post_type=product&#038;p=3915"},"modified":"2023-12-04T22:53:46","modified_gmt":"2023-12-05T06:53:46","slug":"kore-barbeku-sicak-tencere-bufe-masasi-restoran-otel-icin","status":"publish","type":"product","link":"https:\/\/hpott.com\/tr\/urun\/kore-barbeku-sicak-tencere-bufe-masasi-restoran-otel-icin\/","title":{"rendered":"Restoran Otel \u0130\u00e7in Kore Barbek\u00fc S\u0131cak Tencere B\u00fcfe Masas\u0131"},"content":{"rendered":"<p>\u3010Ad\u0131\u3011: S\u0131cak Tencere Barbek\u00fc Masas\u0131<br \/>\n\u3010Men\u015fei\u3011: Guangdong, \u00c7in<br \/>\n\u3010Boyut\u3011: 1500X900X760mm (Boyut \u00f6zelle\u015ftirilebilir)<br \/>\n\u3010Malzeme\u3011: Kaya panel masa \u00fcst\u00fc + \u00e7elik levha f\u0131r\u0131n boya taban\u0131 (Malzeme \u00f6zelle\u015ftirilebilir)<br \/>\n\u3010Renk\u3011: \u0130stek \u00fczerine mevcuttur<br \/>\n\u3010Uygulama\u3011: S\u0131cak tencere restoran\u0131, otel, di\u011fer restoranlar<br \/>\n\u3010\u00d6zellik\u3011: 3&#039;\u00fc 1 arada tasar\u0131m, \u00fc\u00e7 tip duman tahliyesi yap\u0131labilir<\/p>\n<p><img loading=\"lazy\" decoding=\"async\" class=\"wp-image-5817 size-full\" src=\"http:\/\/hpott.com\/wp-content\/uploads\/2022\/10\/hot-pot-table1.webp\" alt=\"Kore barbek\u00fc s\u0131cak tencere b\u00fcfe masas\u0131 restoran otel i\u00e7in\" width=\"750\" height=\"2404\" srcset=\"https:\/\/hpott.com\/wp-content\/uploads\/2022\/10\/hot-pot-table1.webp 750w, https:\/\/hpott.com\/wp-content\/uploads\/2022\/10\/hot-pot-table1-94x300.webp 94w, https:\/\/hpott.com\/wp-content\/uploads\/2022\/10\/hot-pot-table1-319x1024.webp 319w, https:\/\/hpott.com\/wp-content\/uploads\/2022\/10\/hot-pot-table1-479x1536.webp 479w, https:\/\/hpott.com\/wp-content\/uploads\/2022\/10\/hot-pot-table1-639x2048.webp 639w, https:\/\/hpott.com\/wp-content\/uploads\/2022\/10\/hot-pot-table1-600x1923.webp 600w, https:\/\/hpott.com\/wp-content\/uploads\/2022\/10\/hot-pot-table1-64x205.webp 64w\" sizes=\"auto, (max-width: 750px) 100vw, 750px\" \/><\/p>\n<p><img loading=\"lazy\" decoding=\"async\" class=\"wp-image-5818 size-full\" src=\"http:\/\/hpott.com\/wp-content\/uploads\/2022\/10\/hot-pot-table2.webp\" alt=\"Kore barbek\u00fc s\u0131cak tencere b\u00fcfe masas\u0131 restoran otel i\u00e7in\" width=\"750\" height=\"2296\" srcset=\"https:\/\/hpott.com\/wp-content\/uploads\/2022\/10\/hot-pot-table2.webp 750w, https:\/\/hpott.com\/wp-content\/uploads\/2022\/10\/hot-pot-table2-98x300.webp 98w, https:\/\/hpott.com\/wp-content\/uploads\/2022\/10\/hot-pot-table2-502x1536.webp 502w, https:\/\/hpott.com\/wp-content\/uploads\/2022\/10\/hot-pot-table2-669x2048.webp 669w, https:\/\/hpott.com\/wp-content\/uploads\/2022\/10\/hot-pot-table2-600x1837.webp 600w, https:\/\/hpott.com\/wp-content\/uploads\/2022\/10\/hot-pot-table2-64x196.webp 64w\" sizes=\"auto, (max-width: 750px) 100vw, 750px\" \/><\/p>","protected":false},"excerpt":{"rendered":"<p><strong>\u00dcr\u00fcn Kimli\u011fi\uff1a <\/strong>HP-C06<\/p>\n<p>Tasar\u0131m \u00e7izimleriniz varsa, hpott 15 y\u0131ld\u0131r profesyonel olarak \u00fcretmenize yard\u0131mc\u0131 olabilir<\/p>","protected":false},"featured_media":5090,"template":"","meta":{"_acf_changed":false,"_seopress_robots_primary_cat":"none","_seopress_titles_title":"","_seopress_titles_desc":"","_seopress_robots_index":""},"product_brand":[],"product_cat":[40,30,33],"product_tag":[],"class_list":{"0":"post-3915","1":"product","2":"type-product","3":"status-publish","4":"has-post-thumbnail","6":"product_cat-korean-bbq-grill-table","7":"product_cat-hot-pot-table","8":"product_cat-hot-pot-and-bbq-table","10":"first","11":"instock","12":"shipping-taxable","13":"product-type-simple"},"acf":[],"_links":{"self":[{"href":"https:\/\/hpott.com\/tr\/wp-json\/wp\/v2\/product\/3915","targetHints":{"allow":["GET"]}}],"collection":[{"href":"https:\/\/hpott.com\/tr\/wp-json\/wp\/v2\/product"}],"about":[{"href":"https:\/\/hpott.com\/tr\/wp-json\/wp\/v2\/types\/product"}],"wp:featuredmedia":[{"embeddable":true,"href":"https:\/\/hpott.com\/tr\/wp-json\/wp\/v2\/media\/5090"}],"wp:attachment":[{"href":"https:\/\/hpott.com\/tr\/wp-json\/wp\/v2\/media?parent=3915"}],"wp:term":[{"taxonomy":"product_brand","embeddable":true,"href":"https:\/\/hpott.com\/tr\/wp-json\/wp\/v2\/product_brand?post=3915"},{"taxonomy":"product_cat","embeddable":true,"href":"https:\/\/hpott.com\/tr\/wp-json\/wp\/v2\/product_cat?post=3915"},{"taxonomy":"product_tag","embeddable":true,"href":"https:\/\/hpott.com\/tr\/wp-json\/wp\/v2\/product_tag?post=3915"}],"curies":[{"name":"wp","href":"https:\/\/api.w.org\/{rel}","templated":true}]}}