{"id":3917,"date":"2022-10-25T18:32:32","date_gmt":"2022-10-26T02:32:32","guid":{"rendered":"https:\/\/hpott.com\/?post_type=product&#038;p=3917"},"modified":"2023-12-05T00:08:23","modified_gmt":"2023-12-05T08:08:23","slug":"dumansiz-kore-barbeku-izgara-masasi-satilik","status":"publish","type":"product","link":"https:\/\/hpott.com\/tr\/urun\/dumansiz-kore-barbeku-izgara-masasi-satilik\/","title":{"rendered":"Dumans\u0131z Kore Barbek\u00fc Izgara S\u0131cak Tencere Masas\u0131"},"content":{"rendered":"<p>\u3010Ad\u0131\u3011: Kore S\u0131cak Tencere Barbek\u00fc Masas\u0131<br \/>\n\u3010Men\u015fei\u3011: Guangdong, \u00c7in<br \/>\n\u3010Boyut\u3011: 1300X900X760mm\uff08<span style=\"color: #ff0000;\">Boyut \u00f6zelle\u015ftirilebilir<\/span>\uff09<br \/>\n\u3010Malzeme\u3011: Mermer masa \u00fcst\u00fc + paslanmaz \u00e7elik taban<br \/>\n\u3010Renk\u3011: <span style=\"color: #ff0000;\">Talep \u00fczerine mevcuttur<\/span><br \/>\n\u3010Uygulama\u3011: S\u0131cak tencere restoran\u0131, otel, di\u011fer restoranlar<br \/>\n\u3010\u00d6zellik\u3011: 2&#039;si 1 arada tasar\u0131m, \u00fcst ve alt duman tahliye y\u00f6ntemi veya ar\u0131t\u0131c\u0131 montaj\u0131.<\/p>\n<p><img loading=\"lazy\" decoding=\"async\" class=\"size-full wp-image-5677\" src=\"http:\/\/hpott.com\/wp-content\/uploads\/2022\/10\/hot-pot-table-4.webp\" alt=\"dumans\u0131z kore barbek\u00fc \u0131zgaras\u0131 s\u0131cak tencere masas\u0131 \" width=\"750\" height=\"1353\" srcset=\"https:\/\/hpott.com\/wp-content\/uploads\/2022\/10\/hot-pot-table-4.webp 750w, https:\/\/hpott.com\/wp-content\/uploads\/2022\/10\/hot-pot-table-4-166x300.webp 166w, https:\/\/hpott.com\/wp-content\/uploads\/2022\/10\/hot-pot-table-4-568x1024.webp 568w, https:\/\/hpott.com\/wp-content\/uploads\/2022\/10\/hot-pot-table-4-600x1082.webp 600w, https:\/\/hpott.com\/wp-content\/uploads\/2022\/10\/hot-pot-table-4-64x115.webp 64w\" sizes=\"auto, (max-width: 750px) 100vw, 750px\" \/><\/p>\n<p><img loading=\"lazy\" decoding=\"async\" class=\"size-full wp-image-5678\" src=\"http:\/\/hpott.com\/wp-content\/uploads\/2022\/10\/Korean-hot-pot-table-4.webp\" alt=\"dumans\u0131z kore barbek\u00fc \u0131zgara masas\u0131 sat\u0131l\u0131k\" width=\"750\" height=\"1655\" srcset=\"https:\/\/hpott.com\/wp-content\/uploads\/2022\/10\/Korean-hot-pot-table-4.webp 750w, https:\/\/hpott.com\/wp-content\/uploads\/2022\/10\/Korean-hot-pot-table-4-136x300.webp 136w, https:\/\/hpott.com\/wp-content\/uploads\/2022\/10\/Korean-hot-pot-table-4-464x1024.webp 464w, https:\/\/hpott.com\/wp-content\/uploads\/2022\/10\/Korean-hot-pot-table-4-696x1536.webp 696w, https:\/\/hpott.com\/wp-content\/uploads\/2022\/10\/Korean-hot-pot-table-4-600x1324.webp 600w, https:\/\/hpott.com\/wp-content\/uploads\/2022\/10\/Korean-hot-pot-table-4-64x141.webp 64w\" sizes=\"auto, (max-width: 750px) 100vw, 750px\" \/><\/p>","protected":false},"excerpt":{"rendered":"<p><strong>\u00dcr\u00fcn Kimli\u011fi\uff1a <\/strong>HP-C07<\/p>\n<p>&nbsp;<\/p>","protected":false},"featured_media":5089,"template":"","meta":{"_acf_changed":false,"_seopress_robots_primary_cat":"none","_seopress_titles_title":"","_seopress_titles_desc":"","_seopress_robots_index":""},"product_brand":[],"product_cat":[40,30,33],"product_tag":[],"class_list":{"0":"post-3917","1":"product","2":"type-product","3":"status-publish","4":"has-post-thumbnail","6":"product_cat-korean-bbq-grill-table","7":"product_cat-hot-pot-table","8":"product_cat-hot-pot-and-bbq-table","10":"first","11":"instock","12":"shipping-taxable","13":"product-type-simple"},"acf":[],"_links":{"self":[{"href":"https:\/\/hpott.com\/tr\/wp-json\/wp\/v2\/product\/3917","targetHints":{"allow":["GET"]}}],"collection":[{"href":"https:\/\/hpott.com\/tr\/wp-json\/wp\/v2\/product"}],"about":[{"href":"https:\/\/hpott.com\/tr\/wp-json\/wp\/v2\/types\/product"}],"wp:featuredmedia":[{"embeddable":true,"href":"https:\/\/hpott.com\/tr\/wp-json\/wp\/v2\/media\/5089"}],"wp:attachment":[{"href":"https:\/\/hpott.com\/tr\/wp-json\/wp\/v2\/media?parent=3917"}],"wp:term":[{"taxonomy":"product_brand","embeddable":true,"href":"https:\/\/hpott.com\/tr\/wp-json\/wp\/v2\/product_brand?post=3917"},{"taxonomy":"product_cat","embeddable":true,"href":"https:\/\/hpott.com\/tr\/wp-json\/wp\/v2\/product_cat?post=3917"},{"taxonomy":"product_tag","embeddable":true,"href":"https:\/\/hpott.com\/tr\/wp-json\/wp\/v2\/product_tag?post=3917"}],"curies":[{"name":"wp","href":"https:\/\/api.w.org\/{rel}","templated":true}]}}