{"id":3922,"date":"2022-10-25T19:51:49","date_gmt":"2022-10-26T03:51:49","guid":{"rendered":"https:\/\/hpott.com\/?post_type=product&#038;p=3922"},"modified":"2023-06-15T01:59:39","modified_gmt":"2023-06-15T09:59:39","slug":"ticari-amacli-yerlesik-masa-gazli-kore-barbeku-izgarasi","status":"publish","type":"product","link":"https:\/\/hpott.com\/tr\/urun\/ticari-amacli-yerlesik-masa-gazli-kore-barbeku-izgarasi\/","title":{"rendered":"Ticari Kullan\u0131m \u0130\u00e7in Dahili Masa Gaz\u0131 3&#039;\u00fc 1 Arada Kore Barbek\u00fc Izgaras\u0131"},"content":{"rendered":"<p><strong>\u00dcr\u00fcn Boyutu:\u00a0<\/strong> 720X375X280mm<br \/>\n<strong>Izgara tavas\u0131 boyutu:<\/strong> 280X280mm<\/p>\n<p><strong>S\u0131v\u0131la\u015ft\u0131r\u0131lm\u0131\u015f Petrol Gaz\u0131: <\/strong>2800Pa<\/p>\n<p><strong>Do\u011fal Gaz: <\/strong>2000Pa<\/p>\n<p><strong>Not: <\/strong>Karbon monoksit zehirlenmesini \u00f6nlemek i\u00e7in gaz yak\u0131t\u0131 kullan\u0131rken havaland\u0131rmaya dikkat edin<\/p>","protected":false},"excerpt":{"rendered":"<p><strong>\u00dcr\u00fcn Kimli\u011fi:<\/strong> HP-G01<\/p>\n<p>Birka\u00e7 model gazl\u0131 barbek\u00fc \u0131zgara s\u0131cak tencere ekipman\u0131m\u0131z var, daha fazla ayr\u0131nt\u0131 i\u00e7in do\u011frudan bize dan\u0131\u015fabilirsiniz<\/p>","protected":false},"featured_media":5150,"template":"","meta":{"_acf_changed":false,"_seopress_robots_primary_cat":"none","_seopress_titles_title":"","_seopress_titles_desc":"","_seopress_robots_index":""},"product_brand":[],"product_cat":[37,34],"product_tag":[],"class_list":{"0":"post-3922","1":"product","2":"type-product","3":"status-publish","4":"has-post-thumbnail","6":"product_cat-bbq-grill","7":"product_cat-gas-bbq-grill","9":"first","10":"instock","11":"shipping-taxable","12":"product-type-simple"},"acf":[],"_links":{"self":[{"href":"https:\/\/hpott.com\/tr\/wp-json\/wp\/v2\/product\/3922","targetHints":{"allow":["GET"]}}],"collection":[{"href":"https:\/\/hpott.com\/tr\/wp-json\/wp\/v2\/product"}],"about":[{"href":"https:\/\/hpott.com\/tr\/wp-json\/wp\/v2\/types\/product"}],"wp:featuredmedia":[{"embeddable":true,"href":"https:\/\/hpott.com\/tr\/wp-json\/wp\/v2\/media\/5150"}],"wp:attachment":[{"href":"https:\/\/hpott.com\/tr\/wp-json\/wp\/v2\/media?parent=3922"}],"wp:term":[{"taxonomy":"product_brand","embeddable":true,"href":"https:\/\/hpott.com\/tr\/wp-json\/wp\/v2\/product_brand?post=3922"},{"taxonomy":"product_cat","embeddable":true,"href":"https:\/\/hpott.com\/tr\/wp-json\/wp\/v2\/product_cat?post=3922"},{"taxonomy":"product_tag","embeddable":true,"href":"https:\/\/hpott.com\/tr\/wp-json\/wp\/v2\/product_tag?post=3922"}],"curies":[{"name":"wp","href":"https:\/\/api.w.org\/{rel}","templated":true}]}}