{"id":3928,"date":"2022-10-25T20:02:05","date_gmt":"2022-10-26T04:02:05","guid":{"rendered":"https:\/\/hpott.com\/?post_type=product&#038;p=3928"},"modified":"2023-06-15T01:59:13","modified_gmt":"2023-06-15T09:59:13","slug":"toptan-kore-barbeku-izgara-gazi-ozel-ekipman","status":"publish","type":"product","link":"https:\/\/hpott.com\/tr\/urun\/toptan-kore-barbeku-izgara-gazi-ozel-ekipman\/","title":{"rendered":"Toptan Kore Barbek\u00fc Izgara Gaz \u00d6zel Ekipman"},"content":{"rendered":"<p>\u00dcr\u00fcn \u00d6l\u00e7\u00fcs\u00fc: 650X370X170mm<\/p>\n<p>S\u0131v\u0131la\u015ft\u0131r\u0131lm\u0131\u015f Do\u011falgaz: 2800Pa<\/p>\n<p>Do\u011fal Gaz: 2000Pa<\/p>\n<p>Not: Karbon monoksit zehirlenmesini \u00f6nlemek i\u00e7in gaz yak\u0131t\u0131 kullan\u0131rken havaland\u0131rmaya dikkat edin.<\/p>\n<figure id=\"attachment_5644\" aria-describedby=\"caption-attachment-5644\" style=\"width: 750px\" class=\"wp-caption alignnone\"><img loading=\"lazy\" decoding=\"async\" class=\"wp-image-5644 size-full\" src=\"http:\/\/hpott.com\/wp-content\/uploads\/2022\/10\/650.webp\" alt=\"Toptan kore barbek\u00fc \u0131zgara gaz\u0131 \u00f6zel ekipman\" width=\"750\" height=\"750\" srcset=\"https:\/\/hpott.com\/wp-content\/uploads\/2022\/10\/650.webp 750w, https:\/\/hpott.com\/wp-content\/uploads\/2022\/10\/650-300x300.webp 300w, https:\/\/hpott.com\/wp-content\/uploads\/2022\/10\/650-150x150.webp 150w, https:\/\/hpott.com\/wp-content\/uploads\/2022\/10\/650-600x600.webp 600w, https:\/\/hpott.com\/wp-content\/uploads\/2022\/10\/650-100x100.webp 100w, https:\/\/hpott.com\/wp-content\/uploads\/2022\/10\/650-64x64.webp 64w\" sizes=\"auto, (max-width: 750px) 100vw, 750px\" \/><figcaption id=\"caption-attachment-5644\" class=\"wp-caption-text\">Toptan kore barbek\u00fc \u0131zgara gaz\u0131 \u00f6zel ekipman<\/figcaption><\/figure>\n<p><img loading=\"lazy\" decoding=\"async\" class=\"alignnone wp-image-5629 size-full\" src=\"http:\/\/hpott.com\/wp-content\/uploads\/2022\/10\/\u8be6\u60c51.webp\" alt=\"Toptan kore barbek\u00fc \u0131zgara gaz\u0131 \u00f6zel ekipman\" width=\"750\" height=\"950\" srcset=\"https:\/\/hpott.com\/wp-content\/uploads\/2022\/10\/\u8be6\u60c51.webp 750w, https:\/\/hpott.com\/wp-content\/uploads\/2022\/10\/\u8be6\u60c51-237x300.webp 237w, https:\/\/hpott.com\/wp-content\/uploads\/2022\/10\/\u8be6\u60c51-600x760.webp 600w, https:\/\/hpott.com\/wp-content\/uploads\/2022\/10\/\u8be6\u60c51-64x81.webp 64w\" sizes=\"auto, (max-width: 750px) 100vw, 750px\" \/><\/p>\n<p><img loading=\"lazy\" decoding=\"async\" class=\"alignnone wp-image-5630 size-full\" src=\"http:\/\/hpott.com\/wp-content\/uploads\/2022\/10\/\u8be6\u60c52.webp\" alt=\"Toptan kore barbek\u00fc \u0131zgara gaz\u0131 \u00f6zel ekipman\" width=\"750\" height=\"1000\" srcset=\"https:\/\/hpott.com\/wp-content\/uploads\/2022\/10\/\u8be6\u60c52.webp 750w, https:\/\/hpott.com\/wp-content\/uploads\/2022\/10\/\u8be6\u60c52-225x300.webp 225w, https:\/\/hpott.com\/wp-content\/uploads\/2022\/10\/\u8be6\u60c52-600x800.webp 600w, https:\/\/hpott.com\/wp-content\/uploads\/2022\/10\/\u8be6\u60c52-64x85.webp 64w\" sizes=\"auto, (max-width: 750px) 100vw, 750px\" \/><\/p>","protected":false},"excerpt":{"rendered":"<p><strong>\u00dcr\u00fcn Kimli\u011fi:<\/strong> HP-G02<\/p>\n<p>Bu 2&#039;si 1 arada bir tasar\u0131md\u0131r, birka\u00e7 model gazl\u0131 barbek\u00fc \u0131zgara s\u0131cak tencere ekipman\u0131m\u0131z var, daha fazla ayr\u0131nt\u0131 i\u00e7in do\u011frudan bize dan\u0131\u015fabilirsiniz<\/p>","protected":false},"featured_media":5145,"template":"","meta":{"_acf_changed":false,"_seopress_robots_primary_cat":"none","_seopress_titles_title":"","_seopress_titles_desc":"","_seopress_robots_index":""},"product_brand":[],"product_cat":[37,34],"product_tag":[],"class_list":{"0":"post-3928","1":"product","2":"type-product","3":"status-publish","4":"has-post-thumbnail","6":"product_cat-bbq-grill","7":"product_cat-gas-bbq-grill","9":"first","10":"instock","11":"shipping-taxable","12":"product-type-simple"},"acf":[],"_links":{"self":[{"href":"https:\/\/hpott.com\/tr\/wp-json\/wp\/v2\/product\/3928","targetHints":{"allow":["GET"]}}],"collection":[{"href":"https:\/\/hpott.com\/tr\/wp-json\/wp\/v2\/product"}],"about":[{"href":"https:\/\/hpott.com\/tr\/wp-json\/wp\/v2\/types\/product"}],"wp:featuredmedia":[{"embeddable":true,"href":"https:\/\/hpott.com\/tr\/wp-json\/wp\/v2\/media\/5145"}],"wp:attachment":[{"href":"https:\/\/hpott.com\/tr\/wp-json\/wp\/v2\/media?parent=3928"}],"wp:term":[{"taxonomy":"product_brand","embeddable":true,"href":"https:\/\/hpott.com\/tr\/wp-json\/wp\/v2\/product_brand?post=3928"},{"taxonomy":"product_cat","embeddable":true,"href":"https:\/\/hpott.com\/tr\/wp-json\/wp\/v2\/product_cat?post=3928"},{"taxonomy":"product_tag","embeddable":true,"href":"https:\/\/hpott.com\/tr\/wp-json\/wp\/v2\/product_tag?post=3928"}],"curies":[{"name":"wp","href":"https:\/\/api.w.org\/{rel}","templated":true}]}}