{"id":3935,"date":"2022-10-25T22:16:09","date_gmt":"2022-10-26T06:16:09","guid":{"rendered":"https:\/\/hpott.com\/?post_type=product&#038;p=3935"},"modified":"2023-07-13T22:41:26","modified_gmt":"2023-07-14T06:41:26","slug":"restoran-icin-kapali-ticari-yuvarlak-kore-barbeku-komur-izgara-ekipmani","status":"publish","type":"product","link":"https:\/\/hpott.com\/tr\/urun\/restoran-icin-kapali-ticari-yuvarlak-kore-barbeku-komur-izgara-ekipmani\/","title":{"rendered":"Restoran \u0130\u00e7in Kapal\u0131 Ticari Yuvarlak Kore Barbek\u00fc K\u00f6m\u00fcr Izgara Ekipmanlar\u0131"},"content":{"rendered":"<p><strong>\u00dcr\u00fcn Boyutu\uff1a<\/strong> \u00c7ap 410X260mm<br \/>\n<strong>Delik boyutu\uff1a<\/strong> \u00c7ap 375mm<\/p>","protected":false},"excerpt":{"rendered":"<p><strong>\u00dcr\u00fcn Kimli\u011fi:<\/strong> HP-CH02<\/p>\n<p><strong>Renk:\u00a0<\/strong>G\u00fcl Alt\u0131n<\/p>\n<p>HPOTT, restoranlar i\u00e7in ticari k\u00f6m\u00fcr \u0131zgaralar\u0131n\u0131 ve yerle\u015fik bir masay\u0131 destekler.<\/p>","protected":false},"featured_media":5722,"template":"","meta":{"_acf_changed":false,"_seopress_robots_primary_cat":"none","_seopress_titles_title":"Korean BBQ Charcoal Grill Equipment For Restaurant | HPOTT","_seopress_titles_desc":"Professional manufacturer supports indoor commercial Korean charcoal grill equipment for restaurant. Please contact us.","_seopress_robots_index":""},"product_brand":[],"product_cat":[37,41],"product_tag":[],"class_list":{"0":"post-3935","1":"product","2":"type-product","3":"status-publish","4":"has-post-thumbnail","6":"product_cat-bbq-grill","7":"product_cat-charcoal-bbq-grill","9":"first","10":"instock","11":"shipping-taxable","12":"product-type-simple"},"acf":[],"_links":{"self":[{"href":"https:\/\/hpott.com\/tr\/wp-json\/wp\/v2\/product\/3935","targetHints":{"allow":["GET"]}}],"collection":[{"href":"https:\/\/hpott.com\/tr\/wp-json\/wp\/v2\/product"}],"about":[{"href":"https:\/\/hpott.com\/tr\/wp-json\/wp\/v2\/types\/product"}],"wp:featuredmedia":[{"embeddable":true,"href":"https:\/\/hpott.com\/tr\/wp-json\/wp\/v2\/media\/5722"}],"wp:attachment":[{"href":"https:\/\/hpott.com\/tr\/wp-json\/wp\/v2\/media?parent=3935"}],"wp:term":[{"taxonomy":"product_brand","embeddable":true,"href":"https:\/\/hpott.com\/tr\/wp-json\/wp\/v2\/product_brand?post=3935"},{"taxonomy":"product_cat","embeddable":true,"href":"https:\/\/hpott.com\/tr\/wp-json\/wp\/v2\/product_cat?post=3935"},{"taxonomy":"product_tag","embeddable":true,"href":"https:\/\/hpott.com\/tr\/wp-json\/wp\/v2\/product_tag?post=3935"}],"curies":[{"name":"wp","href":"https:\/\/api.w.org\/{rel}","templated":true}]}}